{"id":81254,"date":"2024-11-25T14:52:29","date_gmt":"2024-11-25T13:52:29","guid":{"rendered":"https:\/\/escaperoomgeeks.com\/?page_id=81254"},"modified":"2026-03-20T19:54:33","modified_gmt":"2026-03-20T18:54:33","slug":"about","status":"publish","type":"page","link":"https:\/\/escaperoomgeeks.com\/de\/about\/","title":{"rendered":"\u00dcber uns"},"content":{"rendered":"<div class=\"wp-block-group alignfull erg-noise-overlay has-background has-global-padding is-layout-constrained wp-container-core-group-is-layout-714f0338 wp-block-group-is-layout-constrained\" style=\"background:linear-gradient(135deg, var(--wp--preset--color--plum) 0%, var(--wp--preset--color--plum-dark) 100%)\">\n\n\n<h2 class=\"wp-block-heading has-text-align-center has-white-color has-text-color\" style=\"font-size:clamp(2rem, 5vw, 3rem);font-weight:800\">Unsere Geschichte<\/h2>\n\n\n\n<p class=\"has-text-align-center has-terracotta-light-color has-text-color\" style=\"font-size:clamp(0.875rem, 0.875rem + ((1vw - 0.2rem) * 0.417), 1.125rem);\">Die Menschen hinter den R\u00e4tseln<\/p>\n\n\n<\/div>\n\n\n\n<div class=\"wp-block-group alignfull has-global-padding is-layout-constrained wp-container-core-group-is-layout-de55147f wp-block-group-is-layout-constrained\">\n\n\n<p class=\"has-text-secondary-color has-text-color has-body-font-family\" style=\"font-size:clamp(0.875rem, 0.875rem + ((1vw - 0.2rem) * 0.313), 1.063rem);line-height:1.8\">In einer gem\u00fctlichen Wohnung voller kniffliger R\u00e4tsel und versteckter Hinweise erlebte eine Gruppe Freunde ein Abenteuer der besonderen Art. Es handelte sich nicht um eine gew\u00f6hnliche Wohnung, sondern um einen liebevoll gestalteten Escape Room \u2013 eine Wichtel\u00fcberraschung. Zwischen Lachen, Aha-Erlebnissen und der Kameradschaft an diesem Abend entstand eine Idee: \u201cWarum bringen wir dieses aufregende Erlebnis nicht in die Wohnzimmer der ganzen Welt?\u201d<\/p>\n\n\n\n<p class=\"has-text-secondary-color has-text-color has-body-font-family\" style=\"font-size:clamp(0.875rem, 0.875rem + ((1vw - 0.2rem) * 0.313), 1.063rem);line-height:1.8\">Daher, <strong style=\"color:var(--wp--preset--color--plum)\">Escape-Room-Geeks<\/strong> So entstand Escape Room. Wir verwandeln Ihr Wohnzimmer in eine aufregende Welt voller Geheimnisse und Spannung. Unsere Escape-Room-Spiele zum Ausdrucken sind mit viel Liebe zum Detail von unserem talentierten Team entwickelt \u2013 entwickelt, um Sie herauszufordern, zu unterhalten und vor allem unvergessliche Momente zu schaffen.<\/p>\n\n\n\n<figure class=\"wp-block-image aligncenter size-large\" style=\"border-radius:16px\"><img decoding=\"async\" src=\"https:\/\/escaperoomgeeks.com\/wp-content\/uploads\/2024\/07\/Legacy-Bundle-All-11-games-859x1024.png\" alt=\"Alle Escape-Room-Spiele von Escape Room Geeks\"\/><\/figure>\n\n\n<\/div>\n\n\n\n<div class=\"wp-block-group alignfull has-cream-dark-background-color has-background has-global-padding is-layout-constrained wp-container-core-group-is-layout-b9635ea3 wp-block-group-is-layout-constrained\">\n\n\n<h2 class=\"wp-block-heading has-text-align-center has-plum-color has-text-color has-heading-font-family\" style=\"font-style:normal;font-weight:700;margin-bottom:var(--wp--preset--spacing--20)\">Treffen Sie die Geeks<\/h2>\n\n\n\n<p class=\"has-text-align-center has-text-secondary-color has-text-color\" style=\"margin-bottom:var(--wp--preset--spacing--60)\">Die kreativen K\u00f6pfe, die Ihr n\u00e4chstes Abenteuer gestalten<\/p>\n\n\n\n<div class=\"wp-block-columns is-layout-flex wp-container-core-columns-is-layout-549b0c86 wp-block-columns-is-layout-flex\">\n\n\n<div class=\"wp-block-column is-layout-flow wp-block-column-is-layout-flow\">\n\n<div class=\"wp-block-group has-white-background-color has-background has-global-padding is-layout-constrained wp-container-core-group-is-layout-f90d3be4 wp-block-group-is-layout-constrained\" style=\"border-radius:16px\">\n\n<figure class=\"wp-block-image aligncenter size-medium is-resized is-style-rounded\"><img loading=\"lazy\" decoding=\"async\" src=\"https:\/\/escaperoomgeeks.com\/wp-content\/uploads\/2024\/12\/about-us-ivan.png\" alt=\"Iwan Vulgarakis\" style=\"border-radius:50%;width:140px;height:140px\" width=\"140\" height=\"140\"\/><\/figure>\n\n\n<h3 class=\"wp-block-heading has-text-align-center has-plum-color has-text-color has-heading-font-family\" style=\"font-size:clamp(0.875rem, 0.875rem + ((1vw - 0.2rem) * 0.417), 1.125rem);margin-bottom:0.25rem\">Iwan Vulgarakis<\/h3>\n\n\n<p class=\"has-text-align-center has-terracotta-color has-text-color has-heading-font-family\" style=\"font-size:0.8125rem;font-style:italic;font-weight:600;margin-bottom:var(--wp--preset--spacing--20)\">Spieledesigner<\/p>\n\n\n<p class=\"has-text-align-center has-text-secondary-color has-text-color has-body-font-family\" style=\"font-size:0.875rem\">Der Mastermind hinter unseren Spielen. Ivan verwandelt skurrile Ideen in fesselnde R\u00e4tsel.<\/p>\n\n<\/div>\n\n<\/div>\n\n\n\n<div class=\"wp-block-column is-layout-flow wp-block-column-is-layout-flow\">\n\n<div class=\"wp-block-group has-white-background-color has-background has-global-padding is-layout-constrained wp-container-core-group-is-layout-f90d3be4 wp-block-group-is-layout-constrained\" style=\"border-radius:16px\">\n\n<figure class=\"wp-block-image aligncenter size-medium is-resized is-style-rounded\"><img loading=\"lazy\" decoding=\"async\" src=\"https:\/\/escaperoomgeeks.com\/wp-content\/uploads\/2024\/12\/about-us-andrej.png\" alt=\"Andrej Vulgarakis\" style=\"border-radius:50%;width:140px;height:140px\" width=\"140\" height=\"140\"\/><\/figure>\n\n\n<h3 class=\"wp-block-heading has-text-align-center has-plum-color has-text-color has-heading-font-family\" style=\"font-size:clamp(0.875rem, 0.875rem + ((1vw - 0.2rem) * 0.417), 1.125rem);margin-bottom:0.25rem\">Andrej Vulgarakis<\/h3>\n\n\n<p class=\"has-text-align-center has-terracotta-color has-text-color has-heading-font-family\" style=\"font-size:0.8125rem;font-style:italic;font-weight:600;margin-bottom:var(--wp--preset--spacing--20)\">Grafikdesigner<\/p>\n\n\n<p class=\"has-text-align-center has-text-secondary-color has-text-color has-body-font-family\" style=\"font-size:0.875rem\">Andrej sorgt daf\u00fcr, dass unsere Spiele nicht nur unterhaltsam, sondern auch optisch beeindruckend sind. Seine Designs erwecken unsere Spiele zum Leben.<\/p>\n\n<\/div>\n\n<\/div>\n\n\n\n<div class=\"wp-block-column is-layout-flow wp-block-column-is-layout-flow\">\n\n<div class=\"wp-block-group has-white-background-color has-background has-global-padding is-layout-constrained wp-container-core-group-is-layout-f90d3be4 wp-block-group-is-layout-constrained\" style=\"border-radius:16px\">\n\n<figure class=\"wp-block-image aligncenter size-medium is-resized is-style-rounded\"><img loading=\"lazy\" decoding=\"async\" src=\"https:\/\/escaperoomgeeks.com\/wp-content\/uploads\/2026\/03\/nikola-gulevski.jpg\" alt=\"Nikola Gulevski\" style=\"border-radius:50%;width:140px;height:140px;object-fit:cover\" width=\"140\" height=\"140\"\/><\/figure>\n\n\n<h3 class=\"wp-block-heading has-text-align-center has-plum-color has-text-color has-heading-font-family\" style=\"font-size:clamp(0.875rem, 0.875rem + ((1vw - 0.2rem) * 0.417), 1.125rem);margin-bottom:0.25rem\">Nikola Gulevski<\/h3>\n\n\n<p class=\"has-text-align-center has-terracotta-color has-text-color has-heading-font-family\" style=\"font-size:0.8125rem;font-style:italic;font-weight:600;margin-bottom:var(--wp--preset--spacing--20)\">Wachstumsmarketer<\/p>\n\n\n<p class=\"has-text-align-center has-text-secondary-color has-text-color has-body-font-family\" style=\"font-size:0.875rem\">Unser Marketing-Genie. Nikola sorgt daf\u00fcr, dass die ganze Welt von dem Spa\u00df erf\u00e4hrt, den wir aushecken.<\/p>\n\n<\/div>\n\n<\/div>\n\n\n<\/div>\n\n\n\n<div class=\"wp-block-columns is-layout-flex wp-container-core-columns-is-layout-e60ae277 wp-block-columns-is-layout-flex\" style=\"margin-top:var(--wp--preset--spacing--30)\">\n\n\n<div class=\"wp-block-column is-layout-flow wp-block-column-is-layout-flow\">\n\n<div class=\"wp-block-group has-white-background-color has-background has-global-padding is-layout-constrained wp-container-core-group-is-layout-f90d3be4 wp-block-group-is-layout-constrained\" style=\"border-radius:16px\">\n\n<figure class=\"wp-block-image aligncenter size-medium is-resized is-style-rounded\"><img loading=\"lazy\" decoding=\"async\" src=\"https:\/\/escaperoomgeeks.com\/wp-content\/uploads\/2024\/12\/about-us-nina.png\" alt=\"Nina Wrondeljewa\" style=\"border-radius:50%;width:140px;height:140px\" width=\"140\" height=\"140\"\/><\/figure>\n\n\n<h3 class=\"wp-block-heading has-text-align-center has-plum-color has-text-color has-heading-font-family\" style=\"font-size:clamp(0.875rem, 0.875rem + ((1vw - 0.2rem) * 0.417), 1.125rem);margin-bottom:0.25rem\">Nina Wrondeljewa<\/h3>\n\n\n<p class=\"has-text-align-center has-terracotta-color has-text-color has-heading-font-family\" style=\"font-size:0.8125rem;font-style:italic;font-weight:600;margin-bottom:var(--wp--preset--spacing--20)\">Assistent<\/p>\n\n\n<p class=\"has-text-align-center has-text-secondary-color has-text-color has-body-font-family\" style=\"font-size:0.875rem\">Nina sorgt daf\u00fcr, dass unser Schiff reibungslos f\u00e4hrt. Sie ist das R\u00fcckgrat, das unsere kreativen Bestrebungen tr\u00e4gt.<\/p>\n\n<\/div>\n\n<\/div>\n\n\n\n<div class=\"wp-block-column is-layout-flow wp-block-column-is-layout-flow\">\n\n<div class=\"wp-block-group has-white-background-color has-background has-global-padding is-layout-constrained wp-container-core-group-is-layout-f90d3be4 wp-block-group-is-layout-constrained\" style=\"border-radius:16px\">\n\n<figure class=\"wp-block-image aligncenter size-medium is-resized is-style-rounded\"><img loading=\"lazy\" decoding=\"async\" src=\"https:\/\/escaperoomgeeks.com\/wp-content\/uploads\/2024\/12\/about-us-andreas.png\" alt=\"Andreas Boye\" style=\"border-radius:50%;width:140px;height:140px\" width=\"140\" height=\"140\"\/><\/figure>\n\n\n<h3 class=\"wp-block-heading has-text-align-center has-plum-color has-text-color has-heading-font-family\" style=\"font-size:clamp(0.875rem, 0.875rem + ((1vw - 0.2rem) * 0.417), 1.125rem);margin-bottom:0.25rem\">Andreas Boye<\/h3>\n\n\n<p class=\"has-text-align-center has-terracotta-color has-text-color has-heading-font-family\" style=\"font-size:0.8125rem;font-style:italic;font-weight:600;margin-bottom:var(--wp--preset--spacing--20)\">Spieledesigner<\/p>\n\n\n<p class=\"has-text-align-center has-text-secondary-color has-text-color has-body-font-family\" style=\"font-size:0.875rem\">Andreas ist Mitgestalter unserer Spiele. Sein erfinderischer Geist sorgt immer wieder f\u00fcr \u00dcberraschungen.<\/p>\n\n<\/div>\n\n<\/div>\n\n\n\n<div class=\"wp-block-column is-layout-flow wp-block-column-is-layout-flow\">\n\n<div class=\"wp-block-group has-white-background-color has-background has-global-padding is-layout-constrained wp-container-core-group-is-layout-f90d3be4 wp-block-group-is-layout-constrained\" style=\"border-radius:16px\">\n\n<figure class=\"wp-block-image aligncenter size-medium is-resized is-style-rounded\"><img loading=\"lazy\" decoding=\"async\" src=\"https:\/\/escaperoomgeeks.com\/wp-content\/uploads\/2024\/12\/about-us-kaliopi.png\" alt=\"Kaliopi Trpcheva\" style=\"border-radius:50%;width:140px;height:140px\" width=\"140\" height=\"140\"\/><\/figure>\n\n\n<h3 class=\"wp-block-heading has-text-align-center has-plum-color has-text-color has-heading-font-family\" style=\"font-size:clamp(0.875rem, 0.875rem + ((1vw - 0.2rem) * 0.417), 1.125rem);margin-bottom:0.25rem\">Kaliopi Trpcheva<\/h3>\n\n\n<p class=\"has-text-align-center has-terracotta-color has-text-color has-heading-font-family\" style=\"font-size:0.8125rem;font-style:italic;font-weight:600;margin-bottom:var(--wp--preset--spacing--20)\">Kunstdesigner<\/p>\n\n\n<p class=\"has-text-align-center has-text-secondary-color has-text-color has-body-font-family\" style=\"font-size:0.875rem\">Kaliopi verwandelt jeden Escape Room in eine wahrhaft immersive und visuell fesselnde Welt.<\/p>\n\n<\/div>\n\n<\/div>\n\n\n<\/div>\n\n\n\n<div class=\"wp-block-columns is-layout-flex wp-container-core-columns-is-layout-e60ae277 wp-block-columns-is-layout-flex\" style=\"margin-top:var(--wp--preset--spacing--30)\">\n\n\n<div class=\"wp-block-column is-layout-flow wp-block-column-is-layout-flow\">\n\n<div class=\"wp-block-group has-white-background-color has-background has-global-padding is-layout-constrained wp-container-core-group-is-layout-f90d3be4 wp-block-group-is-layout-constrained\" style=\"border-radius:16px\">\n\n<figure class=\"wp-block-image aligncenter size-medium is-resized is-style-rounded\"><img loading=\"lazy\" decoding=\"async\" src=\"https:\/\/escaperoomgeeks.com\/wp-content\/uploads\/2024\/12\/about-us-natasa.png\" alt=\"Natasa Andonova\" style=\"border-radius:50%;width:140px;height:140px\" width=\"140\" height=\"140\"\/><\/figure>\n\n\n<h3 class=\"wp-block-heading has-text-align-center has-plum-color has-text-color has-heading-font-family\" style=\"font-size:clamp(0.875rem, 0.875rem + ((1vw - 0.2rem) * 0.417), 1.125rem);margin-bottom:0.25rem\">Natasa Andonova<\/h3>\n\n\n<p class=\"has-text-align-center has-terracotta-color has-text-color has-heading-font-family\" style=\"font-size:0.8125rem;font-style:italic;font-weight:600;margin-bottom:var(--wp--preset--spacing--20)\">Kunstdesigner<\/p>\n\n\n<p class=\"has-text-align-center has-text-secondary-color has-text-color has-body-font-family\" style=\"font-size:0.875rem\">Natasa verleiht jedem Escape-Room-Erlebnis mit ihren ausdrucksstarken Kunstwerken eine besondere Note und Tiefe.<\/p>\n\n<\/div>\n\n<\/div>\n\n\n\n<div class=\"wp-block-column is-layout-flow wp-block-column-is-layout-flow\"><\/div>\n\n\n\n<div class=\"wp-block-column is-layout-flow wp-block-column-is-layout-flow\"><\/div>\n\n\n<\/div>\n\n\n<\/div>\n\n\n\n<div class=\"wp-block-group alignfull has-global-padding is-layout-constrained wp-container-core-group-is-layout-de55147f wp-block-group-is-layout-constrained\">\n\n\n<p class=\"has-text-secondary-color has-text-color has-body-font-family\" style=\"font-size:clamp(0.875rem, 0.875rem + ((1vw - 0.2rem) * 0.313), 1.063rem);line-height:1.8\">Wir sind mehr als nur ein Team \u2013 wir sind Escape-Room-Enthusiasten, die mit Leidenschaft erstklassige R\u00e4tsel entwickeln und dabei hochwertiges Grafikdesign, Storytelling, Spieldesign und Artdesign miteinander verbinden. Wir machen nicht einfach nur Spiele, wir erschaffen Erlebnisse, die Ihre Fantasie befl\u00fcgeln.<\/p>\n\n\n\n<p class=\"has-text-secondary-color has-text-color has-body-font-family\" style=\"font-size:clamp(0.875rem, 0.875rem + ((1vw - 0.2rem) * 0.313), 1.063rem);line-height:1.8\">Bei Escape Room Geeks geht es um mehr als nur unterhaltsame Spiele; es geht darum, Menschen zusammenzubringen, die Escape-Room-Kultur zu f\u00f6rdern und in jedem die Freude am Spielen zu wecken. Egal wer du bist oder wo du bist, wir laden dich ein, eine Welt voller Spa\u00df direkt in deinem Wohnzimmer zu entdecken.<\/p>\n\n\n\n<p class=\"has-text-align-center has-terracotta-color has-text-color has-heading-font-family\" style=\"font-size:clamp(0.875rem, 0.875rem + ((1vw - 0.2rem) * 0.625), 1.25rem);font-style:italic;font-weight:600;line-height:1.8;margin-top:var(--wp--preset--spacing--40)\">Seid ihr bereit f\u00fcr ein tolles Erlebnis? Willkommen bei Escape Room Geeks \u2013 die Spiele k\u00f6nnen beginnen!<\/p>\n\n\n<\/div>","protected":false},"excerpt":{"rendered":"<p>Our Story The people behind the puzzles In a cozy apartment decked with enigmatic puzzles and hidden clues, a group of friends stumbled upon a thrill like no other. This was no ordinary apartment, it was an escape room, lovingly crafted for a secret Santa surprise. Amidst the laughter, the &#8220;aha!&#8221; moments, and the camaraderie [&hellip;]<\/p>\n","protected":false},"author":1,"featured_media":0,"parent":0,"menu_order":0,"comment_status":"closed","ping_status":"closed","template":"","meta":{"_seopress_robots_primary_cat":"","_seopress_titles_title":"","_seopress_titles_desc":"Meet the team behind Escape Room Geeks. We design printable escape room kits that bring families together through puzzles, teamwork, and unforgettable adventures.","_seopress_robots_index":"","footnotes":""},"class_list":["post-81254","page","type-page","status-publish","hentry"],"_links":{"self":[{"href":"https:\/\/escaperoomgeeks.com\/de\/wp-json\/wp\/v2\/pages\/81254","targetHints":{"allow":["GET"]}}],"collection":[{"href":"https:\/\/escaperoomgeeks.com\/de\/wp-json\/wp\/v2\/pages"}],"about":[{"href":"https:\/\/escaperoomgeeks.com\/de\/wp-json\/wp\/v2\/types\/page"}],"author":[{"embeddable":true,"href":"https:\/\/escaperoomgeeks.com\/de\/wp-json\/wp\/v2\/users\/1"}],"replies":[{"embeddable":true,"href":"https:\/\/escaperoomgeeks.com\/de\/wp-json\/wp\/v2\/comments?post=81254"}],"version-history":[{"count":34,"href":"https:\/\/escaperoomgeeks.com\/de\/wp-json\/wp\/v2\/pages\/81254\/revisions"}],"predecessor-version":[{"id":118576,"href":"https:\/\/escaperoomgeeks.com\/de\/wp-json\/wp\/v2\/pages\/81254\/revisions\/118576"}],"wp:attachment":[{"href":"https:\/\/escaperoomgeeks.com\/de\/wp-json\/wp\/v2\/media?parent=81254"}],"curies":[{"name":"wp","href":"https:\/\/api.w.org\/{rel}","templated":true}]}}