{"id":81281,"date":"2024-11-25T15:37:36","date_gmt":"2024-11-25T14:37:36","guid":{"rendered":"https:\/\/escaperoomgeeks.com\/?page_id=81281"},"modified":"2026-03-19T11:08:34","modified_gmt":"2026-03-19T10:08:34","slug":"faq","status":"publish","type":"page","link":"https:\/\/escaperoomgeeks.com\/de\/faq\/","title":{"rendered":"FAQ"},"content":{"rendered":"<!-- PAGE 3: FAQ (ID 81281) -->\n\n\n<div class=\"wp-block-group has-cream-dark-background-color has-background has-global-padding is-layout-constrained wp-container-core-group-is-layout-b8ebdb26 wp-block-group-is-layout-constrained\" style=\"padding-top:var(--wp--preset--spacing--60);padding-right:var(--wp--preset--spacing--40);padding-bottom:var(--wp--preset--spacing--60);padding-left:var(--wp--preset--spacing--40)\">\n\n\n<h2 class=\"wp-block-heading has-text-align-center has-plum-color has-text-color has-heading-font-family\" style=\"font-style:normal;font-weight:700;margin-bottom:var(--wp--preset--spacing--20)\">H\u00e4ufig gestellte Fragen<\/h2>\n\n\n\n<p class=\"has-text-align-center has-text-secondary-color has-text-color has-body-font-family\" style=\"margin-bottom:var(--wp--preset--spacing--50)\">Alles, was Sie \u00fcber unsere Escape-Room-Spiele zum Ausdrucken wissen m\u00fcssen.<\/p>\n\n\n\n<details class=\"wp-block-details has-body-font-family is-layout-flow wp-block-details-is-layout-flow\" style=\"border-bottom-color:var(--wp--preset--color--sage);border-bottom-width:1px;padding-top:var(--wp--preset--spacing--20);padding-right:var(--wp--preset--spacing--30);padding-bottom:var(--wp--preset--spacing--20);padding-left:var(--wp--preset--spacing--30)\">\n<summary><strong>Was ist ein Escape-Room-Set zum Ausdrucken?<\/strong><\/summary>\n\n<p class=\"has-text-secondary-color has-text-color has-body-font-family\">Diese Spiele sind eine perfekte Mischung aus Brettspiel und Fluchtraum, die \u00fcberall und \u00fcberall gespielt werden k\u00f6nnen! Alles, was Sie tun m\u00fcssen, ist die Spieldatei auszudrucken und schnell einzurichten. Die Kinder werden kooperativ arbeiten, um die R\u00e4tsel zu l\u00f6sen und Aufgaben in begrenzter Zeit zu erledigen.<\/p>\n\n<\/details>\n\n\n\n<details class=\"wp-block-details has-body-font-family is-layout-flow wp-block-details-is-layout-flow\" style=\"border-bottom-color:var(--wp--preset--color--sage);border-bottom-width:1px;padding-top:var(--wp--preset--spacing--20);padding-right:var(--wp--preset--spacing--30);padding-bottom:var(--wp--preset--spacing--20);padding-left:var(--wp--preset--spacing--30)\">\n<summary><strong>Ich habe einen Kauf get\u00e4tigt, aber keine E-Mail erhalten!<\/strong><\/summary>\n\n<p class=\"has-text-secondary-color has-text-color has-body-font-family\">Dies geschieht \u00fcblicherweise bei einem Tippfehler in der E-Mail-Adresse. Bitte kontaktieren Sie uns unter <a href=\"mailto:hello@escaperoomgeeks.com\">hello@escaperoomgeeks.com<\/a> und wir werden Ihre Bestellung bearbeiten.<\/p>\n\n<\/details>\n\n\n\n<details class=\"wp-block-details has-body-font-family is-layout-flow wp-block-details-is-layout-flow\" style=\"border-bottom-color:var(--wp--preset--color--sage);border-bottom-width:1px;padding-top:var(--wp--preset--spacing--20);padding-right:var(--wp--preset--spacing--30);padding-bottom:var(--wp--preset--spacing--20);padding-left:var(--wp--preset--spacing--30)\">\n<summary><strong>Wie oft kann ich das Spiel ausdrucken?<\/strong><\/summary>\n\n<p class=\"has-text-secondary-color has-text-color has-body-font-family\">So oft Sie wollen! Auch nach Jahren k\u00f6nnen Sie das Spiel ausdrucken und es sieht immer noch wie neu aus.<\/p>\n\n<\/details>\n\n\n\n<details class=\"wp-block-details has-body-font-family is-layout-flow wp-block-details-is-layout-flow\" style=\"border-bottom-color:var(--wp--preset--color--sage);border-bottom-width:1px;padding-top:var(--wp--preset--spacing--20);padding-right:var(--wp--preset--spacing--30);padding-bottom:var(--wp--preset--spacing--20);padding-left:var(--wp--preset--spacing--30)\">\n<summary><strong>Urheberrechte drucken?<\/strong><\/summary>\n\n<p class=\"has-text-secondary-color has-text-color has-body-font-family\">Kein Problem! Sie k\u00f6nnen es mit Ihrem Kaufbeleg in einem Copyshop ausdrucken. Auf Anfrage stellen wir Ihnen gerne eine Urheberrechtsfreigabeerkl\u00e4rung zur Verf\u00fcgung.<\/p>\n\n<\/details>\n\n\n\n<details class=\"wp-block-details has-body-font-family is-layout-flow wp-block-details-is-layout-flow\" style=\"border-bottom-color:var(--wp--preset--color--sage);border-bottom-width:1px;padding-top:var(--wp--preset--spacing--20);padding-right:var(--wp--preset--spacing--30);padding-bottom:var(--wp--preset--spacing--20);padding-left:var(--wp--preset--spacing--30)\">\n<summary><strong>Wo kann ich mein Spiel herunterladen?<\/strong><\/summary>\n\n<p class=\"has-text-secondary-color has-text-color has-body-font-family\">Drei Downloadmethoden: per E-Mail von <a href=\"mailto:hello@escaperoomgeeks.com\">hello@escaperoomgeeks.com<\/a>, auf der Kaufbest\u00e4tigungsseite oder auf Ihrer \u201eMein Konto\u201c-Seite.<\/p>\n\n<\/details>\n\n\n\n<details class=\"wp-block-details has-body-font-family is-layout-flow wp-block-details-is-layout-flow\" style=\"border-bottom-color:var(--wp--preset--color--sage);border-bottom-width:1px;padding-top:var(--wp--preset--spacing--20);padding-right:var(--wp--preset--spacing--30);padding-bottom:var(--wp--preset--spacing--20);padding-left:var(--wp--preset--spacing--30)\">\n<summary><strong>Wie kann ich eine R\u00fcckerstattung erhalten?<\/strong><\/summary>\n\n<p class=\"has-text-secondary-color has-text-color has-body-font-family\">Wir sind ziemlich zuversichtlich, dass Ihnen unsere Spiele gefallen werden, aber falls Sie nicht vollst\u00e4ndig zufrieden sein sollten, erhalten Sie innerhalb von 48 Stunden eine R\u00fcckerstattung von 100%, ohne dass Fragen gestellt werden.<\/p>\n\n<\/details>\n\n\n\n<details class=\"wp-block-details has-body-font-family is-layout-flow wp-block-details-is-layout-flow\" style=\"border-bottom-color:var(--wp--preset--color--sage);border-bottom-width:1px;padding-top:var(--wp--preset--spacing--20);padding-right:var(--wp--preset--spacing--30);padding-bottom:var(--wp--preset--spacing--20);padding-left:var(--wp--preset--spacing--30)\">\n<summary><strong>Kann ich das Spiel mit meinen Freunden\/Familie teilen?<\/strong><\/summary>\n\n<p class=\"has-text-secondary-color has-text-color has-body-font-family\">Nat\u00fcrlich kannst du das Spiel mit deinen engsten Freunden und deiner Familie teilen. Solange du es nicht mit jedem, den du kennst, teilst oder es verkaufst, haben wir nichts dagegen.<\/p>\n\n<\/details>\n\n\n\n<details class=\"wp-block-details has-body-font-family is-layout-flow wp-block-details-is-layout-flow\" style=\"border-bottom-color:var(--wp--preset--color--sage);border-bottom-width:1px;padding-top:var(--wp--preset--spacing--20);padding-right:var(--wp--preset--spacing--30);padding-bottom:var(--wp--preset--spacing--20);padding-left:var(--wp--preset--spacing--30)\">\n<summary><strong>KANN ICH DAS SPIEL WEITERVERKAUFEN?<\/strong><\/summary>\n\n<p class=\"has-text-secondary-color has-text-color has-body-font-family\">Sie d\u00fcrfen die Datei nicht weiterverkaufen, auf File-Sharing-Plattformen hochladen oder bearbeiten und als Ihre eigene ausgeben. F\u00fcr kommerzielle Lizenzen kontaktieren Sie uns bitte.<\/p>\n\n<\/details>\n\n\n\n<details class=\"wp-block-details has-body-font-family is-layout-flow wp-block-details-is-layout-flow\" style=\"border-bottom-color:var(--wp--preset--color--sage);border-bottom-width:1px;padding-top:var(--wp--preset--spacing--20);padding-right:var(--wp--preset--spacing--30);padding-bottom:var(--wp--preset--spacing--20);padding-left:var(--wp--preset--spacing--30)\">\n<summary><strong>KANN MAN DAS SPIEL VERSCHENKEN?<\/strong><\/summary>\n\n<p class=\"has-text-secondary-color has-text-color has-body-font-family\">Klar, nur zu, \u00fcberrasche jemand anderen damit! Das kann ein tolles Geschenk sein.<\/p>\n\n<\/details>\n\n\n\n<details class=\"wp-block-details has-body-font-family is-layout-flow wp-block-details-is-layout-flow\" style=\"border-bottom-color:var(--wp--preset--color--sage);border-bottom-width:1px;padding-top:var(--wp--preset--spacing--20);padding-right:var(--wp--preset--spacing--30);padding-bottom:var(--wp--preset--spacing--20);padding-left:var(--wp--preset--spacing--30)\">\n<summary><strong>Hat es jemand versucht?<\/strong><\/summary>\n\n<p class=\"has-text-secondary-color has-text-color has-body-font-family\">Ja! Wir haben zahlreiche positive Kundenbewertungen. Schauen Sie auf unserer Bewertungsseite vorbei, um Erfahrungsberichte zu lesen.<\/p>\n\n<\/details>\n\n\n\n<details class=\"wp-block-details has-body-font-family is-layout-flow wp-block-details-is-layout-flow\" style=\"border-bottom-color:var(--wp--preset--color--sage);border-bottom-width:1px;padding-top:var(--wp--preset--spacing--20);padding-right:var(--wp--preset--spacing--30);padding-bottom:var(--wp--preset--spacing--20);padding-left:var(--wp--preset--spacing--30)\">\n<summary><strong>DARF ICH MEINEN KUNDEN DAS ESCAPE-ROOM-ERLEBNIS IN RECHNUNG STELLEN?<\/strong><\/summary>\n\n<p class=\"has-text-secondary-color has-text-color has-body-font-family\">F\u00fcr die kommerzielle Nutzung, schulweite Implementierungen oder Aktivit\u00e4ten f\u00fcr Besucher ist eine Spiellizenz erforderlich.<\/p>\n\n<\/details>\n\n\n<\/div>","protected":false},"excerpt":{"rendered":"<p>H\u00e4ufig gestellte Fragen Alles, was Sie \u00fcber unsere Escape-Room-Spiele zum Ausdrucken wissen m\u00fcssen.<\/p>","protected":false},"author":1,"featured_media":0,"parent":0,"menu_order":0,"comment_status":"closed","ping_status":"closed","template":"","meta":{"_seopress_robots_primary_cat":"","_seopress_titles_title":"","_seopress_titles_desc":"","_seopress_robots_index":"","footnotes":""},"class_list":["post-81281","page","type-page","status-publish","hentry"],"_links":{"self":[{"href":"https:\/\/escaperoomgeeks.com\/de\/wp-json\/wp\/v2\/pages\/81281","targetHints":{"allow":["GET"]}}],"collection":[{"href":"https:\/\/escaperoomgeeks.com\/de\/wp-json\/wp\/v2\/pages"}],"about":[{"href":"https:\/\/escaperoomgeeks.com\/de\/wp-json\/wp\/v2\/types\/page"}],"author":[{"embeddable":true,"href":"https:\/\/escaperoomgeeks.com\/de\/wp-json\/wp\/v2\/users\/1"}],"replies":[{"embeddable":true,"href":"https:\/\/escaperoomgeeks.com\/de\/wp-json\/wp\/v2\/comments?post=81281"}],"version-history":[{"count":6,"href":"https:\/\/escaperoomgeeks.com\/de\/wp-json\/wp\/v2\/pages\/81281\/revisions"}],"predecessor-version":[{"id":117835,"href":"https:\/\/escaperoomgeeks.com\/de\/wp-json\/wp\/v2\/pages\/81281\/revisions\/117835"}],"wp:attachment":[{"href":"https:\/\/escaperoomgeeks.com\/de\/wp-json\/wp\/v2\/media?parent=81281"}],"curies":[{"name":"wp","href":"https:\/\/api.w.org\/{rel}","templated":true}]}}