{"id":165,"date":"2020-09-15T13:21:38","date_gmt":"2020-09-15T13:21:38","guid":{"rendered":"https:\/\/escaperoomgeeks.com\/?page_id=165"},"modified":"2020-09-15T13:21:38","modified_gmt":"2020-09-15T13:21:38","slug":"terms-and-conditions","status":"publish","type":"page","link":"https:\/\/escaperoomgeeks.com\/es\/terms-and-conditions\/","title":{"rendered":"T\u00e9rminos y Condiciones"},"content":{"rendered":"<p>\u00daltima actualizaci\u00f3n: 2020-06-11<\/p>\n<p>1. <b>Introducci\u00f3n<\/b><\/p>\n<p>Bienvenido a <b>Juego inteligente LLC<\/b> (&quot;Compa\u00f1\u00eda&quot;, &quot;nosotros&quot;, &quot;nuestro&quot;, &quot;nosotros&quot;)!<\/p>\n<p>Estos T\u00e9rminos de servicio (&quot;T\u00e9rminos&quot;, &quot;T\u00e9rminos de servicio&quot;) rigen el uso de nuestro sitio web ubicado en <b>escaperoomgeeks.com<\/b> (en conjunto o individualmente \u201cServicio\u201d) operado por <b>Juego inteligente LLC<\/b>.<\/p>\n<p>Nuestra Pol\u00edtica de privacidad tambi\u00e9n rige su uso de nuestro Servicio y explica c\u00f3mo recopilamos, protegemos y divulgamos informaci\u00f3n que resulta de su uso de nuestras p\u00e1ginas web.<\/p>\n<p>Su acuerdo con nosotros incluye estos T\u00e9rminos y nuestra Pol\u00edtica de privacidad (&quot;Acuerdos&quot;). Usted reconoce que ha le\u00eddo y entendido los Acuerdos y acepta estar sujeto a ellos.<\/p>\n<p>Si no est\u00e1 de acuerdo con (o no puede cumplir con) los Acuerdos, entonces no puede usar el Servicio, pero h\u00e1ganoslo saber enviando un correo electr\u00f3nico a <b>hello@escaperoomgeeks.com<\/b> para que podamos intentar encontrar una soluci\u00f3n. Estos T\u00e9rminos se aplican a todos los visitantes, usuarios y otras personas que deseen acceder o utilizar el Servicio.<\/p>\n<p>2. <b>Comunicaciones<\/b><\/p>\n<p>Al utilizar nuestro Servicio, acepta suscribirse a boletines, materiales promocionales o de marketing y otra informaci\u00f3n que podamos enviar. Sin embargo, puede optar por no recibir ninguna o todas estas comunicaciones de nuestra parte siguiendo el enlace para cancelar la suscripci\u00f3n o enviando un correo electr\u00f3nico a hello@escaperoomgeeks.com.<\/p>\n<p>3. <b>compras<\/b><\/p>\n<p>Si desea comprar cualquier producto o servicio disponible a trav\u00e9s del Servicio (&quot;Compra&quot;), se le puede solicitar que proporcione cierta informaci\u00f3n relevante para su Compra, que incluye, entre otros, el n\u00famero de su tarjeta de cr\u00e9dito o d\u00e9bito, la fecha de vencimiento de su tarjeta , su direcci\u00f3n de facturaci\u00f3n y su informaci\u00f3n de env\u00edo.<\/p>\n<p>Usted declara y garantiza que: (i) tiene el derecho legal de usar cualquier tarjeta u otro m\u00e9todo de pago en relaci\u00f3n con cualquier Compra; y que (ii) la informaci\u00f3n que nos proporciona es verdadera, correcta y completa.<\/p>\n<p>Podemos emplear el uso de servicios de terceros con el fin de facilitar el pago y la finalizaci\u00f3n de las Compras. Al enviar su informaci\u00f3n, nos otorga el derecho de proporcionar la informaci\u00f3n a estos terceros sujetos a nuestra Pol\u00edtica de privacidad.<\/p>\n<p>Nos reservamos el derecho de rechazar o cancelar su pedido en cualquier momento por motivos que incluyen, entre otros: disponibilidad del producto o servicio, errores en la descripci\u00f3n o el precio del producto o servicio, error en su pedido u otros motivos.<\/p>\n<p>Nos reservamos el derecho de rechazar o cancelar su pedido si se sospecha de fraude o de una transacci\u00f3n no autorizada o ilegal.<\/p>\n<p>4. <b>Concursos, Sorteos y Promociones<\/b><\/p>\n<p>Cualquier concurso, sorteo u otras promociones (colectivamente, &quot;Promociones&quot;) disponibles a trav\u00e9s del Servicio pueden regirse por reglas que son independientes de estos T\u00e9rminos de servicio. Si participa en alguna Promoci\u00f3n, revise las reglas aplicables, as\u00ed como nuestra Pol\u00edtica de privacidad. Si las reglas de una Promoci\u00f3n entran en conflicto con estos T\u00e9rminos de servicio, se aplicar\u00e1n las reglas de la Promoci\u00f3n.<\/p>\n<p>5. <b>Reembolsos<\/b><\/p>\n<p>Emitimos reembolsos por Contratos dentro de <b>30 dias<\/b> de la compra original del Contrato.<\/p>\n<p>6. <b>Contenido<\/b><\/p>\n<p>Nuestro Servicio le permite publicar, vincular, almacenar, compartir y poner a disposici\u00f3n cierta informaci\u00f3n, texto, gr\u00e1ficos, videos u otro material (&quot;Contenido&quot;). Usted es responsable del Contenido que publique en o a trav\u00e9s del Servicio, incluida su legalidad, confiabilidad y adecuaci\u00f3n.<\/p>\n<p>Al publicar Contenido en o a trav\u00e9s del Servicio, usted declara y garantiza que: (i) el Contenido es suyo (es de su propiedad) y\/o tiene el derecho de usarlo y el derecho de otorgarnos los derechos y la licencia seg\u00fan lo dispuesto en estos T\u00e9rminos y (ii) que la publicaci\u00f3n de su Contenido en o a trav\u00e9s del Servicio no viola los derechos de privacidad, los derechos de publicidad, los derechos de autor, los derechos contractuales o cualquier otro derecho de cualquier persona o entidad. Nos reservamos el derecho de cancelar la cuenta de cualquier persona que infrinja los derechos de autor.<\/p>\n<p>Usted conserva todos y cada uno de sus derechos sobre cualquier Contenido que env\u00ede, publique o muestre en o a trav\u00e9s del Servicio y es responsable de proteger esos derechos. No asumimos ninguna responsabilidad por el Contenido que usted o cualquier tercero publique en o a trav\u00e9s del Servicio. Sin embargo, al publicar Contenido utilizando el Servicio, nos otorga el derecho y la licencia para usar, modificar, realizar p\u00fablicamente, mostrar p\u00fablicamente, reproducir y distribuir dicho Contenido en y a trav\u00e9s del Servicio. Usted acepta que esta licencia incluye el derecho de que hagamos que su Contenido est\u00e9 disponible para otros usuarios del Servicio, quienes tambi\u00e9n pueden usar su Contenido sujeto a estos T\u00e9rminos.<\/p>\n<p>Smart Play LLC tiene el derecho pero no la obligaci\u00f3n de monitorear y editar todo el Contenido proporcionado por los usuarios.<\/p>\n<p>Adem\u00e1s, el Contenido que se encuentra en este Servicio o a trav\u00e9s de este es propiedad de Smart Play LLC o se usa con permiso. No puede distribuir, modificar, transmitir, reutilizar, descargar, volver a publicar, copiar o usar dicho Contenido, ya sea en su totalidad o en parte, con fines comerciales o para beneficio personal, sin nuestro expreso permiso previo por escrito.<\/p>\n<p>7. <b>Usos Prohibidos<\/b><\/p>\n<p>Puede usar el Servicio solo para fines legales y de acuerdo con los T\u00e9rminos. Usted acepta no utilizar el Servicio:<\/p>\n<p>0.1. De cualquier forma que viole cualquier ley o regulaci\u00f3n nacional o internacional aplicable.<\/p>\n<p>0.2. Con el prop\u00f3sito de explotar, da\u00f1ar o intentar explotar o da\u00f1ar a menores de cualquier manera exponi\u00e9ndolos a contenido inapropiado o de otra manera.<\/p>\n<p>0.3. Para transmitir o procurar el env\u00edo de cualquier material publicitario o promocional, incluido cualquier &quot;correo basura&quot;, &quot;carta en cadena&quot;, &quot;spam&quot; o cualquier otra solicitud similar.<\/p>\n<p>0.4. Suplantar o intentar suplantar a la Empresa, a un empleado de la Empresa, a otro usuario o a cualquier otra persona o entidad.<\/p>\n<p>0.5. De cualquier manera que infrinja los derechos de otros, o que de alguna manera sea ilegal, amenazante, fraudulento o da\u00f1ino, o en conexi\u00f3n con cualquier prop\u00f3sito o actividad ilegal, fraudulenta o da\u00f1ina.<\/p>\n<p>0.6. Participar en cualquier otra conducta que restrinja o inhiba el uso o disfrute del Servicio por parte de cualquier persona, o que, seg\u00fan lo determinemos nosotros, pueda da\u00f1ar u ofender a la Compa\u00f1\u00eda o a los usuarios del Servicio o exponerlos a responsabilidad.<\/p>\n<p>Adem\u00e1s, acepta no:<\/p>\n<p>0.1. Usar el Servicio de cualquier manera que pueda deshabilitar, sobrecargar, da\u00f1ar o perjudicar el Servicio o interferir con el uso del Servicio por parte de cualquier otra parte, incluida su capacidad para participar en actividades en tiempo real a trav\u00e9s del Servicio.<\/p>\n<p>0.2. Usar cualquier robot, ara\u00f1a u otro dispositivo, proceso o medio autom\u00e1tico para acceder al Servicio para cualquier prop\u00f3sito, incluido el monitoreo o la copia de cualquier material en el Servicio.<\/p>\n<p>0.3. Usar cualquier proceso manual para monitorear o copiar cualquier material en el Servicio o para cualquier otro prop\u00f3sito no autorizado sin nuestro consentimiento previo por escrito.<\/p>\n<p>0.4. Usar cualquier dispositivo, software o rutina que interfiera con el correcto funcionamiento del Servicio.<\/p>\n<p>0.5. Introducir virus, troyanos, gusanos, bombas l\u00f3gicas u otro material malicioso o tecnol\u00f3gicamente da\u00f1ino.<\/p>\n<p>0.6. Intentar obtener acceso no autorizado, interferir, da\u00f1ar o interrumpir cualquier parte del Servicio, el servidor en el que se almacena el Servicio o cualquier servidor, computadora o base de datos conectada al Servicio.<\/p>\n<p>0.7. Servicio de ataque a trav\u00e9s de un ataque de denegaci\u00f3n de servicio o un ataque de denegaci\u00f3n de servicio distribuido.<\/p>\n<p>0.8. Tomar cualquier acci\u00f3n que pueda da\u00f1ar o falsear la calificaci\u00f3n de la Compa\u00f1\u00eda.<\/p>\n<p>0.9. De lo contrario, intente interferir con el correcto funcionamiento del Servicio.<\/p>\n<p>8. <b>Anal\u00edtica<\/b><\/p>\n<p>Podemos utilizar Proveedores de Servicios de terceros para monitorear y analizar el uso de nuestro Servicio.<\/p>\n<p>9. <b>No uso por menores<\/b><\/p>\n<p>El servicio est\u00e1 destinado \u00fanicamente para el acceso y uso de personas mayores de dieciocho (18) a\u00f1os. Al acceder o utilizar el Servicio, usted garantiza y declara que tiene al menos dieciocho (18) a\u00f1os de edad y que tiene plena autoridad, derecho y capacidad para celebrar este acuerdo y cumplir con todos los t\u00e9rminos y condiciones de los T\u00e9rminos. Si no tiene al menos dieciocho (18) a\u00f1os, tiene prohibido tanto el acceso como el uso del Servicio.<\/p>\n<p>10. <b>cuentas<\/b><\/p>\n<p>Cuando crea una cuenta con nosotros, garantiza que tiene m\u00e1s de 18 a\u00f1os y que la informaci\u00f3n que nos proporciona es precisa, completa y actual en todo momento. La informaci\u00f3n inexacta, incompleta u obsoleta puede resultar en la terminaci\u00f3n inmediata de su cuenta en el Servicio.<\/p>\n<p>Usted es responsable de mantener la confidencialidad de su cuenta y contrase\u00f1a, lo que incluye, entre otros, la restricci\u00f3n de acceso a su computadora y\/o cuenta. Usted acepta aceptar la responsabilidad por todas y cada una de las actividades o acciones que ocurran bajo su cuenta y\/o contrase\u00f1a, ya sea que su contrase\u00f1a sea con nuestro Servicio o con un servicio de terceros. Debe notificarnos inmediatamente al darse cuenta de cualquier violaci\u00f3n de seguridad o uso no autorizado de su cuenta.<\/p>\n<p>No puede usar como nombre de usuario el nombre de otra persona o entidad o que no est\u00e9 legalmente disponible para su uso, un nombre o marca comercial que est\u00e9 sujeto a cualquier derecho de otra persona o entidad que no sea usted, sin la autorizaci\u00f3n correspondiente. No puede usar como nombre de usuario ning\u00fan nombre que sea ofensivo, vulgar u obsceno.<\/p>\n<p>Nos reservamos el derecho de rechazar el servicio, cancelar cuentas, eliminar o editar contenido o cancelar pedidos a nuestro exclusivo criterio.<\/p>\n<p>11. <b>Propiedad intelectual<\/b><\/p>\n<p>El servicio y su contenido original (excluyendo el contenido proporcionado por los usuarios), las caracter\u00edsticas y la funcionalidad son y seguir\u00e1n siendo propiedad exclusiva de Smart Play LLC y sus licenciantes. El servicio est\u00e1 protegido por derechos de autor, marcas registradas y otras leyes de pa\u00edses extranjeros. Nuestras marcas comerciales no se pueden utilizar en relaci\u00f3n con ning\u00fan producto o servicio sin el consentimiento previo por escrito de Smart Play LLC.<\/p>\n<p>12. <b>Pol\u00edtica de derechos de autor<\/b><\/p>\n<p>Respetamos los derechos de propiedad intelectual de otros. Es nuestra pol\u00edtica responder a cualquier reclamo de que el Contenido publicado en el Servicio infringe los derechos de autor u otros derechos de propiedad intelectual (&quot;Infracci\u00f3n&quot;) de cualquier persona o entidad.<\/p>\n<p>Si es propietario de derechos de autor, o est\u00e1 autorizado en nombre de uno, y cree que el trabajo protegido por derechos de autor se ha copiado de una manera que constituye una infracci\u00f3n de derechos de autor, env\u00ede su reclamo por correo electr\u00f3nico a hello@escaperoomgeeks.com, con la l\u00ednea de asunto: &quot;Infracci\u00f3n de derechos de autor&quot; e incluya en su reclamaci\u00f3n una descripci\u00f3n detallada de la supuesta infracci\u00f3n como se detalla a continuaci\u00f3n, en &quot;Aviso y procedimiento de la DMCA para reclamaciones por infracci\u00f3n de derechos de autor&quot;<\/p>\n<p>Es posible que se le haga responsable de los da\u00f1os (incluidos los costos y los honorarios de los abogados) por declaraciones falsas o reclamos de mala fe sobre la infracci\u00f3n de cualquier Contenido que se encuentre en y\/o a trav\u00e9s del Servicio sobre sus derechos de autor.<\/p>\n<p>13. <b>Aviso y procedimiento de la DMCA para reclamaciones por infracci\u00f3n de derechos de autor<\/b><\/p>\n<p>Puede enviar una notificaci\u00f3n de conformidad con la Ley de derechos de autor del milenio digital (DMCA) proporcionando a nuestro agente de derechos de autor la siguiente informaci\u00f3n por escrito (consulte 17 USC 512(c)(3) para obtener m\u00e1s detalles):<\/p>\n<p>0.1. una firma electr\u00f3nica o f\u00edsica de la persona autorizada para actuar en nombre del propietario de los derechos de autor;<\/p>\n<p>0.2. una descripci\u00f3n del trabajo protegido por derechos de autor que afirma que se ha infringido, incluida la URL (es decir, la direcci\u00f3n de la p\u00e1gina web) de la ubicaci\u00f3n donde existe el trabajo protegido por derechos de autor o una copia del trabajo protegido por derechos de autor;<\/p>\n<p>0.3. identificaci\u00f3n de la URL u otra ubicaci\u00f3n espec\u00edfica en el Servicio donde se encuentra el material que usted afirma que est\u00e1 infringiendo;<\/p>\n<p>0.4. su direcci\u00f3n, n\u00famero de tel\u00e9fono y direcci\u00f3n de correo electr\u00f3nico;<\/p>\n<p>0.5. una declaraci\u00f3n suya de que cree de buena fe que el uso en disputa no est\u00e1 autorizado por el propietario de los derechos de autor, su agente o la ley;<\/p>\n<p>0.6. una declaraci\u00f3n suya, hecha bajo pena de perjurio, de que la informaci\u00f3n anterior en su notificaci\u00f3n es precisa y que usted es el propietario de los derechos de autor o est\u00e1 autorizado para actuar en nombre del propietario de los derechos de autor.<\/p>\n<p>Puede comunicarse con nuestro agente de derechos de autor por correo electr\u00f3nico a hello@escaperoomgeeks.com.<\/p>\n<p>14. <b>Informes de errores y comentarios<\/b><\/p>\n<p>Puede proporcionarnos directamente a hello@escaperoomgeeks.com o a trav\u00e9s de sitios y herramientas de terceros informaci\u00f3n y comentarios sobre errores, sugerencias de mejoras, ideas, problemas, quejas y otros asuntos relacionados con nuestro Servicio (&quot;Comentarios&quot;). Usted reconoce y acepta que: (i) no conservar\u00e1, adquirir\u00e1 ni har\u00e1 valer ning\u00fan derecho de propiedad intelectual u otro derecho, t\u00edtulo o inter\u00e9s en los Comentarios; (ii) la Empresa puede tener ideas de desarrollo similares a los Comentarios; (iii) los comentarios no contienen informaci\u00f3n confidencial o informaci\u00f3n de propiedad de usted o de un tercero; y (iv) la Empresa no tiene ninguna obligaci\u00f3n de confidencialidad con respecto a los Comentarios. En caso de que la transferencia de la propiedad de los Comentarios no sea posible debido a las leyes obligatorias aplicables, usted otorga a la Compa\u00f1\u00eda y sus afiliados un derecho de uso exclusivo, transferible, irrevocable, gratuito, sublicenciable, ilimitado y perpetuo ( incluyendo copiar, modificar, crear trabajos derivados, publicar, distribuir y comercializar) Comentarios de cualquier manera y para cualquier prop\u00f3sito.<\/p>\n<p>15. <b>Enlaces a otros sitios web<\/b><\/p>\n<p>Nuestro Servicio puede contener enlaces a sitios web o servicios de terceros que no son propiedad ni est\u00e1n controlados por Smart Play LLC.<\/p>\n<p>Smart Play LLC no tiene control ni asume ninguna responsabilidad por el contenido, las pol\u00edticas de privacidad o las pr\u00e1cticas de los sitios web o servicios de terceros. No garantizamos las ofertas de ninguna de estas entidades\/individuos o sus sitios web.<\/p>\n<p>Por ejemplo, el esbozado <a href=\"https:\/\/policymaker.io\/terms-and-conditions\/\">T\u00e9rminos de servicio<\/a> han sido creados usando <a href=\"https:\/\/policymaker.io\/\">PolicyMaker.io<\/a>, una aplicaci\u00f3n web gratuita para generar documentos legales de alta calidad. Responsables pol\u00edticos <a href=\"https:\/\/policymaker.io\/terms-and-conditions\/\">generador de t\u00e9rminos y condiciones gratis<\/a> es una herramienta gratuita f\u00e1cil de usar para crear una excelente plantilla est\u00e1ndar de T\u00e9rminos de servicio para un sitio web, blog, tienda de comercio electr\u00f3nico o aplicaci\u00f3n.<\/p>\n<p>USTED RECONOCE Y ACEPTA QUE LA COMPA\u00d1\u00cdA NO SER\u00c1 RESPONSABLE NI RESPONSABLE, DIRECTA O INDIRECTAMENTE, POR CUALQUIER DA\u00d1O O P\u00c9RDIDA CAUSADA O ALEGADA COMO CAUSADA POR O EN RELACI\u00d3N CON EL USO O LA CONFIANZA EN CUALQUIER CONTENIDO, BIENES O SERVICIOS DISPONIBLES EN O A TRAV\u00c9S DE CUALQUIER DICHOS SITIOS WEB O SERVICIOS DE TERCEROS.<\/p>\n<p>LE RECOMENDAMOS ENCARECIDAMENTE QUE LEA LOS T\u00c9RMINOS DE SERVICIO Y LAS POL\u00cdTICAS DE PRIVACIDAD DE CUALQUIER SITIO WEB O SERVICIOS DE TERCEROS QUE USTED VISITE.<\/p>\n<p>16. <b>Renuncia de garant\u00eda<\/b><\/p>\n<p>ESTOS SERVICIOS SON PROPORCIONADOS POR LA EMPRESA &quot;TAL CUAL&quot; Y &quot;SEG\u00daN DISPONIBILIDAD&quot;. LA COMPA\u00d1\u00cdA NO HACE DECLARACIONES NI GARANT\u00cdAS DE NING\u00daN TIPO, EXPL\u00cdCITAS O IMPL\u00cdCITAS, EN CUANTO AL FUNCIONAMIENTO DE SUS SERVICIOS, O LA INFORMACI\u00d3N, CONTENIDO O MATERIALES INCLUIDOS EN ELLOS. USTED ACEPTA EXPRESAMENTE QUE SU USO DE ESTOS SERVICIOS, SU CONTENIDO Y CUALQUIER SERVICIO O ART\u00cdCULO OBTENIDO DE NOSOTROS ES BAJO SU PROPIO RIESGO.<\/p>\n<p>NI LA COMPA\u00d1\u00cdA NI NINGUNA PERSONA ASOCIADA CON LA COMPA\u00d1\u00cdA OFRECE NINGUNA GARANT\u00cdA O REPRESENTACI\u00d3N CON RESPECTO A LA INTEGRIDAD, SEGURIDAD, CONFIABILIDAD, CALIDAD, EXACTITUD O DISPONIBILIDAD DE LOS SERVICIOS. SIN LIMITAR LO ANTERIOR, NI LA COMPA\u00d1\u00cdA NI NINGUNA PERSONA ASOCIADA CON LA COMPA\u00d1\u00cdA REPRESENTA O GARANTIZA QUE LOS SERVICIOS, SU CONTENIDO O CUALQUIER SERVICIO O ART\u00cdCULO OBTENIDO A TRAV\u00c9S DE LOS SERVICIOS SER\u00c1 EXACTO, CONFIABLE, LIBRE DE ERRORES O ININTERRUMPIDO, QUE LOS DEFECTOS SER\u00c1N CORREGIDOS, QUE LOS SERVICIOS O EL SERVIDOR QUE LO HACE DISPONIBLE EST\u00c1N LIBRES DE VIRUS U OTROS COMPONENTES DA\u00d1INOS O QUE LOS SERVICIOS O CUALQUIER SERVICIO O ART\u00cdCULO OBTENIDO A TRAV\u00c9S DE LOS SERVICIOS CUMPLIR\u00c1N SUS NECESIDADES O EXPECTATIVAS.<\/p>\n<p>POR EL PRESENTE, LA COMPA\u00d1\u00cdA RENUNCIA A TODAS LAS GARANT\u00cdAS DE CUALQUIER TIPO, YA SEA EXPL\u00cdCITA O IMPL\u00cdCITA, LEGAL O DE OTRO TIPO, INCLUIDAS, ENTRE OTRAS, CUALQUIER GARANT\u00cdA DE COMERCIABILIDAD, NO VIOLACI\u00d3N E IDONEIDAD PARA UN FIN PARTICULAR.<\/p>\n<p>LO ANTERIOR NO AFECTA LAS GARANT\u00cdAS QUE NO PUEDEN SER EXCLUIDAS O LIMITADAS BAJO LA LEY APLICABLE.<\/p>\n<p>17. <b>Limitaci\u00f3n de responsabilidad<\/b><\/p>\n<p>A EXCEPCI\u00d3N DE LO PROHIBIDO POR LA LEY, USTED NOS EXONERAR\u00c1 A NOSOTROS Y A NUESTROS FUNCIONARIOS, DIRECTORES, EMPLEADOS Y AGENTES POR CUALQUIER DA\u00d1O INDIRECTO, PUNITIVO, ESPECIAL, INCIDENTAL O CONSECUENTE, SIN EMBARGO QUE SURJA (INCLUYENDO HONORARIOS DE ABOGADOS Y TODOS LOS COSTOS Y GASTOS RELACIONADOS DE LITIGIO Y ARBITRAJE, O EN JUICIO O APELACI\u00d3N, SI HAY, YA SEA INSTITUIDO LITIGIO O ARBITRAJE O NO), YA SEA EN UNA ACCI\u00d3N DE CONTRATO, NEGLIGENCIA U OTRA ACCI\u00d3N Agraviosa, O QUE SURJA DE O EN CONEXI\u00d3N CON ESTE ACUERDO, INCLUYENDO SIN LIMITACI\u00d3N, CUALQUIER RECLAMO POR LESIONES PERSONALES O DA\u00d1OS A LA PROPIEDAD QUE SURJAN DE ESTE ACUERDO Y CUALQUIER VIOLACI\u00d3N POR SU PARTE DE CUALQUIER LEY, ESTATUTO, REGLAMENTO O REGULACI\u00d3N FEDERAL, ESTATAL O LOCAL, INCLUSO SI LA COMPA\u00d1\u00cdA HA SIDO PREVIAMENTE ADVERTIDA DE LA POSIBILIDAD DE DICHO DA\u00d1O . SALVO EN LO PROHIBIDO POR LA LEY, SI EXISTE RESPONSABILIDAD POR PARTE DE LA COMPA\u00d1\u00cdA, SE LIMITAR\u00c1 A LA CANTIDAD PAGADA POR LOS PRODUCTOS Y\/O SERVICIOS, Y BAJO NINGUNA CIRCUNSTANCIA HABR\u00c1 DA\u00d1OS CONSECUENTES O PUNITIVOS. ALGUNOS ESTADOS NO PERMITEN LA EXCLUSI\u00d3N O LIMITACI\u00d3N DE DA\u00d1OS PUNITIVOS, INCIDENTALES O CONSECUENTES, POR LO QUE LA LIMITACI\u00d3N O EXCLUSI\u00d3N ANTERIOR PUEDE NO SER APLICABLE EN SU CASO.<\/p>\n<p>18. <b>Terminaci\u00f3n<\/b><\/p>\n<p>Podemos rescindir o suspender su cuenta y prohibir el acceso al Servicio de inmediato, sin previo aviso ni responsabilidad, a nuestro exclusivo criterio, por cualquier motivo y sin limitaci\u00f3n, incluido, entre otros, el incumplimiento de los T\u00e9rminos.<\/p>\n<p>Si desea cancelar su cuenta, simplemente puede dejar de usar el Servicio.<\/p>\n<p>Todas las disposiciones de los T\u00e9rminos que, por su naturaleza, deban sobrevivir a la terminaci\u00f3n sobrevivir\u00e1n a la terminaci\u00f3n, incluidas, entre otras, las disposiciones de propiedad, las exenciones de garant\u00eda, la indemnizaci\u00f3n y las limitaciones de responsabilidad.<\/p>\n<p>19. <b>Ley que rige<\/b><\/p>\n<p>Estos T\u00e9rminos se regir\u00e1n e interpretar\u00e1n de acuerdo con las leyes de Macedonia del Norte, cuya ley aplicable se aplica al acuerdo sin tener en cuenta sus disposiciones sobre conflicto de leyes.<\/p>\n<p>Nuestra incapacidad para hacer cumplir cualquier derecho o disposici\u00f3n de estos T\u00e9rminos no se considerar\u00e1 una renuncia a esos derechos. Si alguna disposici\u00f3n de estos T\u00e9rminos se considera inv\u00e1lida o inaplicable por un tribunal, las disposiciones restantes de estos T\u00e9rminos permanecer\u00e1n en vigor. Estos T\u00e9rminos constituyen el acuerdo completo entre nosotros con respecto a nuestro Servicio y sustituyen y reemplazan cualquier acuerdo anterior que hayamos tenido entre nosotros con respecto al Servicio.<\/p>\n<p>20. <b>Cambios en el servicio<\/b><\/p>\n<p>Nos reservamos el derecho de retirar o modificar nuestro Servicio, y cualquier servicio o material que proporcionemos a trav\u00e9s del Servicio, a nuestro exclusivo criterio y sin previo aviso. No seremos responsables si, por alg\u00fan motivo, la totalidad o parte del Servicio no est\u00e1 disponible en alg\u00fan momento o durante alg\u00fan per\u00edodo. De vez en cuando, podemos restringir el acceso a algunas partes del Servicio, o al Servicio completo, a los usuarios, incluidos los usuarios registrados.<\/p>\n<p>21. <b>Enmiendas a los T\u00e9rminos<\/b><\/p>\n<p>Podemos modificar los T\u00e9rminos en cualquier momento mediante la publicaci\u00f3n de los t\u00e9rminos modificados en este sitio. Es su responsabilidad revisar estos T\u00e9rminos peri\u00f3dicamente.<\/p>\n<p>Su uso continuado de la Plataforma luego de la publicaci\u00f3n de los T\u00e9rminos revisados significa que acepta y est\u00e1 de acuerdo con los cambios. Se espera que revise esta p\u00e1gina con frecuencia para estar al tanto de cualquier cambio, ya que son vinculantes para usted.<\/p>\n<p>Al continuar accediendo o utilizando nuestro Servicio despu\u00e9s de que las revisiones entren en vigencia, usted acepta estar sujeto a los t\u00e9rminos revisados. Si no est\u00e1 de acuerdo con los nuevos t\u00e9rminos, ya no est\u00e1 autorizado a utilizar el Servicio.<\/p>\n<p>22. <b>Renuncia y divisibilidad<\/b><\/p>\n<p>Ninguna renuncia por parte de la Compa\u00f1\u00eda a cualquier t\u00e9rmino o condici\u00f3n establecido en los T\u00e9rminos se considerar\u00e1 una renuncia adicional o continua de dicho t\u00e9rmino o condici\u00f3n o una renuncia a cualquier otro t\u00e9rmino o condici\u00f3n, y cualquier falla de la Compa\u00f1\u00eda para hacer valer un derecho o disposici\u00f3n bajo los T\u00e9rminos se considerar\u00e1 no constituye una renuncia a tal derecho o disposici\u00f3n.<\/p>\n<p>Si un tribunal u otro tribunal de jurisdicci\u00f3n competente considera que alguna disposici\u00f3n de los T\u00e9rminos es inv\u00e1lida, ilegal o inaplicable por cualquier motivo, dicha disposici\u00f3n se eliminar\u00e1 o limitar\u00e1 en la medida m\u00ednima de modo que las disposiciones restantes de los T\u00e9rminos contin\u00faen en pleno vigor. y efecto<\/p>\n<p>23. <b>Reconocimiento<\/b><\/p>\n<p>AL UTILIZAR EL SERVICIO U OTROS SERVICIOS PROPORCIONADOS POR NOSOTROS, USTED RECONOCE QUE HA LE\u00cdDO ESTOS T\u00c9RMINOS DE SERVICIO Y ACEPTA ESTAR OBLIGADO POR ELLOS.<\/p>\n<p>24. <b>Cont\u00e1ctenos<\/b><\/p>\n<p>Env\u00ede sus comentarios, comentarios y solicitudes de soporte t\u00e9cnico por correo electr\u00f3nico: <b>hello@escaperoomgeeks.com<\/b>.<\/p>","protected":false},"excerpt":{"rendered":"<p>Last updated: 2020-06-11 1. Introduction Welcome to Smart Play LLC (\u201cCompany\u201d, \u201cwe\u201d, \u201cour\u201d, \u201cus\u201d)! These Terms of Service (\u201cTerms\u201d, \u201cTerms of Service\u201d) govern your use of our website located at escaperoomgeeks.com (together or individually \u201cService\u201d) operated by Smart Play LLC. Our Privacy Policy also governs your use of our Service and explains how we collect, [&hellip;]<\/p>\n","protected":false},"author":1,"featured_media":0,"parent":0,"menu_order":0,"comment_status":"closed","ping_status":"closed","template":"","meta":{"_seopress_robots_primary_cat":"","_seopress_titles_title":"","_seopress_titles_desc":"","_seopress_robots_index":"","footnotes":""},"class_list":["post-165","page","type-page","status-publish","hentry"],"_links":{"self":[{"href":"https:\/\/escaperoomgeeks.com\/es\/wp-json\/wp\/v2\/pages\/165","targetHints":{"allow":["GET"]}}],"collection":[{"href":"https:\/\/escaperoomgeeks.com\/es\/wp-json\/wp\/v2\/pages"}],"about":[{"href":"https:\/\/escaperoomgeeks.com\/es\/wp-json\/wp\/v2\/types\/page"}],"author":[{"embeddable":true,"href":"https:\/\/escaperoomgeeks.com\/es\/wp-json\/wp\/v2\/users\/1"}],"replies":[{"embeddable":true,"href":"https:\/\/escaperoomgeeks.com\/es\/wp-json\/wp\/v2\/comments?post=165"}],"version-history":[{"count":2,"href":"https:\/\/escaperoomgeeks.com\/es\/wp-json\/wp\/v2\/pages\/165\/revisions"}],"predecessor-version":[{"id":167,"href":"https:\/\/escaperoomgeeks.com\/es\/wp-json\/wp\/v2\/pages\/165\/revisions\/167"}],"wp:attachment":[{"href":"https:\/\/escaperoomgeeks.com\/es\/wp-json\/wp\/v2\/media?parent=165"}],"curies":[{"name":"wp","href":"https:\/\/api.w.org\/{rel}","templated":true}]}}