{"id":3,"date":"2020-09-02T15:55:02","date_gmt":"2020-09-02T15:55:02","guid":{"rendered":"http:\/\/escaperoomgeeks.com\/?page_id=3"},"modified":"2021-10-08T12:46:04","modified_gmt":"2021-10-08T12:46:04","slug":"privacy-policy","status":"publish","type":"page","link":"https:\/\/escaperoomgeeks.com\/es\/privacy-policy\/","title":{"rendered":"Pol\u00edtica de privacidad"},"content":{"rendered":"<h2 class=\"wp-block-heading\"><\/h2>\n<p>Fecha de vigencia: 2020-06-11<\/p>\n<p>1. <b>Introducci\u00f3n<\/b><\/p>\n<p>Bienvenido a <b> Geeks de la habitaci\u00f3n de escape LLC<\/b>.<\/p>\n<p><b> Frikis de la sala de escape<\/b>(\u201cnosotros\u201d, \u201cnosotros\u201d o \u201cnuestro\u201d) opera <b>escaperoomgeeks.com<\/b> (denominado en lo sucesivo <b>&quot;Servicio&quot;<\/b>).<\/p>\n<p>Nuestra Pol\u00edtica de privacidad rige su visita a <b>escaperoomgeeks<\/b><b>.com<\/b>y explica c\u00f3mo recopilamos, protegemos y divulgamos la informaci\u00f3n que resulta de su uso de nuestro Servicio.<\/p>\n<p>Usamos sus datos para proporcionar y mejorar el Servicio. Al usar el Servicio, acepta la recopilaci\u00f3n y el uso de informaci\u00f3n de acuerdo con esta pol\u00edtica. A menos que se defina lo contrario en esta Pol\u00edtica de privacidad, los t\u00e9rminos utilizados en esta Pol\u00edtica de privacidad tienen los mismos significados que en nuestros T\u00e9rminos y condiciones.<\/p>\n<p>Nuestros T\u00e9rminos y Condiciones (<b>&quot;T\u00e9rminos&quot;<\/b>) rigen todo uso de nuestro Servicio y, junto con la Pol\u00edtica de privacidad, constituyen su acuerdo con nosotros (<b>&quot;acuerdo&quot;<\/b>).<\/p>\n<p>2. <b>Definiciones<\/b><\/p>\n<p><b>SERVICIO<\/b> significa el sitio web escaperoomgeeks.com operado por <b> Frikis de la sala de escape<\/b> LLC.<\/p>\n<p><b>INFORMACI\u00d3N PERSONAL<\/b> se refiere a datos sobre una persona viva que puede identificarse a partir de esos datos (o de esa y otra informaci\u00f3n en nuestro poder o que probablemente llegue a nuestro poder).<\/p>\n<p><b>DATOS DE USO<\/b> son datos recopilados autom\u00e1ticamente, ya sea generados por el uso del Servicio o por la propia infraestructura del Servicio (por ejemplo, la duraci\u00f3n de una visita a la p\u00e1gina).<\/p>\n<p><b>GALLETAS<\/b> son peque\u00f1os archivos almacenados en su dispositivo (computadora o dispositivo m\u00f3vil).<\/p>\n<p><b>CONTROLADOR DE DATOS<\/b> significa una persona f\u00edsica o jur\u00eddica que (ya sea sola o conjuntamente o en com\u00fan con otras personas) determina los prop\u00f3sitos para los cuales y la manera en que se procesan o se procesar\u00e1n los datos personales. A los efectos de esta Pol\u00edtica de privacidad, somos un controlador de datos de sus datos.<\/p>\n<p><b>PROCESADORES DE DATOS (O PROVEEDORES DE SERVICIOS)<\/b> significa cualquier persona f\u00edsica o jur\u00eddica que procesa los datos en nombre del controlador de datos. Podemos utilizar los servicios de varios proveedores de servicios para procesar sus datos de manera m\u00e1s efectiva.<\/p>\n<p><b>ASUNTO DE DATOS<\/b> es cualquier individuo vivo que es sujeto de Datos Personales.<\/p>\n<p><b>EL USUARIO<\/b> es la persona que utiliza nuestro Servicio. El Usuario corresponde al Titular de los Datos, quien es el sujeto de los Datos Personales.<\/p>\n<p>3. <b>Recopilaci\u00f3n y uso de informaci\u00f3n<\/b><\/p>\n<p>Recopilamos varios tipos diferentes de informaci\u00f3n para varios prop\u00f3sitos para brindarle y mejorar nuestro Servicio.<\/p>\n<p>4. <b>Tipos de datos recopilados<\/b><\/p>\n<p><b>Informaci\u00f3n personal<\/b><\/p>\n<p>Mientras usa nuestro Servicio, podemos pedirle que nos proporcione cierta informaci\u00f3n de identificaci\u00f3n personal que se puede usar para contactarlo o identificarlo (<b>&quot;Informaci\u00f3n personal&quot;<\/b>). La informaci\u00f3n de identificaci\u00f3n personal puede incluir, entre otros:<\/p>\n<p>0.1. Direcci\u00f3n de correo electr\u00f3nico<\/p>\n<p>0.2. Nombre y apellido<\/p>\n<p>0.3. N\u00famero de tel\u00e9fono<\/p>\n<p>0.4. Direcci\u00f3n, pa\u00eds, estado, provincia, c\u00f3digo postal, ciudad<\/p>\n<p>0.5. Cookies y datos de uso<\/p>\n<p>Podemos usar sus Datos personales para comunicarnos con usted con boletines informativos, materiales promocionales o de marketing y otra informaci\u00f3n que pueda ser de su inter\u00e9s. Puede optar por no recibir ninguna o todas estas comunicaciones de nuestra parte siguiendo el enlace para darse de baja.<\/p>\n<p><b>Datos de uso<\/b><\/p>\n<p>Tambi\u00e9n podemos recopilar informaci\u00f3n que su navegador env\u00eda cada vez que visita nuestro Servicio o cuando accede al Servicio por medio de cualquier dispositivo (<b>&quot;Datos de uso&quot;<\/b>).<\/p>\n<p>Estos Datos de uso pueden incluir informaci\u00f3n como la direcci\u00f3n del Protocolo de Internet de su computadora (por ejemplo, la direcci\u00f3n IP), el tipo de navegador, la versi\u00f3n del navegador, las p\u00e1ginas de nuestro Servicio que visita, la hora y la fecha de su visita, el tiempo dedicado a esas p\u00e1ginas, \u00fanico identificadores de dispositivos y otros datos de diagn\u00f3stico.<\/p>\n<p>Cuando accede al Servicio con un dispositivo, estos Datos de uso pueden incluir informaci\u00f3n como el tipo de dispositivo que usa, la ID \u00fanica de su dispositivo, la direcci\u00f3n IP de su dispositivo, el sistema operativo de su dispositivo, el tipo de navegador de Internet que usa, el dispositivo \u00fanico identificadores y otros datos de diagn\u00f3stico.<\/p>\n<p><b>Datos de localizaci\u00f3n<\/b><\/p>\n<p>Podemos usar y almacenar informaci\u00f3n sobre su ubicaci\u00f3n si nos da permiso para hacerlo (<b>&quot;Datos de localizaci\u00f3n&quot;<\/b>). Usamos estos datos para proporcionar caracter\u00edsticas de nuestro Servicio, para mejorar y personalizar nuestro Servicio.<\/p>\n<p>Puede habilitar o deshabilitar los servicios de ubicaci\u00f3n cuando utiliza nuestro Servicio en cualquier momento a trav\u00e9s de la configuraci\u00f3n de su dispositivo.<\/p>\n<p><b>Seguimiento de datos de cookies<\/b><\/p>\n<p>Usamos cookies y tecnolog\u00edas de seguimiento similares para rastrear la actividad en nuestro Servicio y conservamos cierta informaci\u00f3n.<\/p>\n<p>Las cookies son archivos con una peque\u00f1a cantidad de datos que pueden incluir un identificador \u00fanico an\u00f3nimo. Las cookies se env\u00edan a su navegador desde un sitio web y se almacenan en su dispositivo. Tambi\u00e9n se utilizan otras tecnolog\u00edas de seguimiento, como balizas, etiquetas y secuencias de comandos para recopilar y rastrear informaci\u00f3n y para mejorar y analizar nuestro Servicio.<\/p>\n<p>Puede indicar a su navegador que rechace todas las cookies o que indique cu\u00e1ndo se env\u00eda una cookie. Sin embargo, si no acepta las cookies, es posible que no pueda utilizar algunas partes de nuestro Servicio.<\/p>\n<p>Ejemplos de Cookies que utilizamos:<\/p>\n<p>0.1. <b>Cookies de sesi\u00f3n:<\/b> Usamos Cookies de Sesi\u00f3n para operar nuestro Servicio.<\/p>\n<p>0.2. <b>Cookies de preferencia:<\/b> Usamos cookies de preferencia para recordar sus preferencias y varias configuraciones.<\/p>\n<p>0.3. <b>Cookies de seguridad:<\/b> Utilizamos cookies de seguridad por motivos de seguridad.<\/p>\n<p>0.4. <b>Cookies publicitarias:<\/b> Las cookies publicitarias se utilizan para mostrarle anuncios que pueden ser relevantes para usted y sus intereses.<\/p>\n<p><b>Otros datos<\/b><\/p>\n<p>Al usar nuestro Servicio, tambi\u00e9n podemos recopilar la siguiente informaci\u00f3n: sexo, edad, fecha de nacimiento, lugar de nacimiento, detalles del pasaporte, ciudadan\u00eda, registro en el lugar de residencia y direcci\u00f3n real, n\u00famero de tel\u00e9fono (trabajo, m\u00f3vil), detalles de los documentos sobre educaci\u00f3n, cualificaci\u00f3n, formaci\u00f3n profesional, contratos de trabajo, acuerdos de confidencialidad, informaci\u00f3n sobre bonificaciones y compensaciones, informaci\u00f3n sobre el estado civil, miembros de la familia, n\u00famero de seguro social (u otra identificaci\u00f3n fiscal), ubicaci\u00f3n de la oficina y otros datos.<\/p>\n<p>5. <b>Uso de datos<\/b><\/p>\n<p><b> Frikis de la sala de escape<\/b> LLC utiliza los datos recopilados para diversos fines:<\/p>\n<p>0.1. para proporcionar y mantener nuestro Servicio;<\/p>\n<p>0.2. para notificarle sobre cambios en nuestro Servicio;<\/p>\n<p>0.3. para permitirle participar en funciones interactivas de nuestro Servicio cuando elija hacerlo;<\/p>\n<p>0.4. para proporcionar soporte al cliente;<\/p>\n<p>0.5. para recopilar an\u00e1lisis o informaci\u00f3n valiosa para que podamos mejorar nuestro Servicio;<\/p>\n<p>0.6. para monitorear el uso de nuestro Servicio;<\/p>\n<p>0.7. para detectar, prevenir y abordar problemas t\u00e9cnicos;<\/p>\n<p>0.8. para cumplir con cualquier otro prop\u00f3sito para el cual usted lo proporcione;<\/p>\n<p>0.9. para cumplir con nuestras obligaciones y hacer valer nuestros derechos derivados de los contratos celebrados entre usted y nosotros, incluidos los de facturaci\u00f3n y cobro;<\/p>\n<p>0.10. para proporcionarle avisos sobre su cuenta y\/o suscripci\u00f3n, incluidos avisos de vencimiento y renovaci\u00f3n, instrucciones por correo electr\u00f3nico, etc.;<\/p>\n<p>0.11. para brindarle noticias, ofertas especiales e informaci\u00f3n general sobre otros bienes, servicios y eventos que ofrecemos que son similares a los que ya compr\u00f3 o pregunt\u00f3, a menos que haya optado por no recibir dicha informaci\u00f3n;<\/p>\n<p>0.12. de cualquier otra manera que podamos describir cuando proporcione la informaci\u00f3n;<\/p>\n<p>0.13. para cualquier otro prop\u00f3sito con su consentimiento.<\/p>\n<p>6. <b>Retenci\u00f3n de datos<\/b><\/p>\n<p>Retendremos sus Datos personales solo durante el tiempo que sea necesario para los fines establecidos en esta Pol\u00edtica de privacidad. Conservaremos y utilizaremos sus Datos personales en la medida necesaria para cumplir con nuestras obligaciones legales (por ejemplo, si estamos obligados a conservar sus datos para cumplir con las leyes aplicables), resolver disputas y hacer cumplir nuestras pol\u00edticas y acuerdos legales.<\/p>\n<p>Tambi\u00e9n conservaremos los Datos de uso para fines de an\u00e1lisis interno. Los datos de uso generalmente se retienen por un per\u00edodo m\u00e1s corto, excepto cuando estos datos se utilizan para fortalecer la seguridad o mejorar la funcionalidad de nuestro Servicio, o cuando estamos legalmente obligados a retener estos datos por per\u00edodos de tiempo m\u00e1s largos.<\/p>\n<p>7. <b>Transferencia de datos<\/b><\/p>\n<p>Su informaci\u00f3n, incluidos los Datos personales, puede transferirse y mantenerse en computadoras ubicadas fuera de su estado, provincia, pa\u00eds u otra jurisdicci\u00f3n gubernamental donde las leyes de protecci\u00f3n de datos pueden diferir de las de su jurisdicci\u00f3n.<\/p>\n<p>Si se encuentra fuera de Macedonia del Norte y elige proporcionarnos informaci\u00f3n, tenga en cuenta que transferimos los datos, incluidos los Datos personales, a Macedonia del Norte y los procesamos all\u00ed.<\/p>\n<p>Su consentimiento a esta Pol\u00edtica de privacidad seguido de su env\u00edo de dicha informaci\u00f3n representa su acuerdo con esa transferencia.<\/p>\n<p><b> Frikis de la sala de escape<\/b> LLC tomar\u00e1 todas las medidas razonablemente necesarias para garantizar que sus datos se traten de forma segura y de acuerdo con esta Pol\u00edtica de privacidad y no se realizar\u00e1 ninguna transferencia de sus Datos personales a una organizaci\u00f3n o pa\u00eds a menos que existan controles adecuados establecidos, incluida la seguridad de sus datos y otra informaci\u00f3n personal.<\/p>\n<p>8. <b>Divulgaci\u00f3n de datos<\/b><\/p>\n<p>Podemos divulgar la informaci\u00f3n personal que recopilamos o que usted proporciona:<\/p>\n<p>0.1. <b>Transacci\u00f3n de negocios.<\/b><\/p>\n<p>Si nosotros o nuestras subsidiarias participamos en una fusi\u00f3n, adquisici\u00f3n o venta de activos, sus Datos personales pueden transferirse.<\/p>\n<p>0.2. <b>Otros casos. Tambi\u00e9n podemos divulgar su informaci\u00f3n:<\/b><\/p>\n<p>0.2.1. a nuestras subsidiarias y afiliadas;<\/p>\n<p>0.2.2. a contratistas, proveedores de servicios y otros terceros que utilizamos para respaldar nuestro negocio;<\/p>\n<p>0.2.3. para cumplir con la finalidad para la que lo proporciona;<\/p>\n<p>0.2.4. con el fin de incluir el logotipo de su empresa en nuestro sitio web;<\/p>\n<p>0.2.5. para cualquier otro prop\u00f3sito divulgado por nosotros cuando proporciona la informaci\u00f3n;<\/p>\n<p>0.2.6. con su consentimiento en cualquier otro caso;<\/p>\n<p>0.2.7. si creemos que la divulgaci\u00f3n es necesaria o apropiada para proteger los derechos, la propiedad o la seguridad de la Compa\u00f1\u00eda, nuestros clientes u otros.<\/p>\n<p>9. <b>Seguridad de datos<\/b><\/p>\n<p>La seguridad de sus datos es importante para nosotros, pero recuerde que ning\u00fan m\u00e9todo de transmisi\u00f3n por Internet o m\u00e9todo de almacenamiento electr\u00f3nico es 100% seguro. Si bien nos esforzamos por utilizar medios comercialmente aceptables para proteger sus Datos personales, no podemos garantizar su seguridad absoluta.<\/p>\n<p>10. <b>Sus derechos de protecci\u00f3n de datos seg\u00fan el Reglamento general de protecci\u00f3n de datos (GDPR) <\/b><\/p>\n<p>Si es residente de la Uni\u00f3n Europea (UE) y el Espacio Econ\u00f3mico Europeo (EEE), tiene ciertos derechos de protecci\u00f3n de datos, cubiertos por GDPR.<\/p>\n<p>Nuestro objetivo es tomar medidas razonables para permitirle corregir, modificar, eliminar o limitar el uso de sus Datos personales.<\/p>\n<p>Si desea que se le informe qu\u00e9 datos personales tenemos sobre usted y si desea que se eliminen de nuestros sistemas, env\u00edenos un correo electr\u00f3nico a <b>hello@escaperoomgeeks.com<\/b>.<\/p>\n<p>En determinadas circunstancias, usted tiene los siguientes derechos de protecci\u00f3n de datos:<\/p>\n<p>0.1. el derecho a acceder, actualizar o eliminar la informaci\u00f3n que tenemos sobre usted;<\/p>\n<p>0.2. el derecho de rectificaci\u00f3n. Tiene derecho a que se rectifique su informaci\u00f3n si esa informaci\u00f3n es inexacta o incompleta;<\/p>\n<p>0.3. el derecho a oponerse. Tiene derecho a oponerse a nuestro procesamiento de sus Datos personales;<\/p>\n<p>0.4. el derecho de restricci\u00f3n. Tiene derecho a solicitar que restrinjamos el procesamiento de su informaci\u00f3n personal;<\/p>\n<p>0.5. el derecho a la portabilidad de los datos. Tiene derecho a recibir una copia de sus Datos personales en un formato estructurado, legible por m\u00e1quina y de uso com\u00fan;<\/p>\n<p>0.6. el derecho a retirar el consentimiento. Tambi\u00e9n tiene derecho a retirar su consentimiento en cualquier momento cuando dependamos de su consentimiento para procesar su informaci\u00f3n personal;<\/p>\n<p>Tenga en cuenta que podemos pedirle que verifique su identidad antes de responder a dichas solicitudes. Tenga en cuenta que es posible que no podamos proporcionar el Servicio sin algunos datos necesarios.<\/p>\n<p>Tiene derecho a quejarse ante una autoridad de protecci\u00f3n de datos sobre nuestra recopilaci\u00f3n y uso de sus datos personales. Para obtener m\u00e1s informaci\u00f3n, comun\u00edquese con su autoridad local de protecci\u00f3n de datos en el Espacio Econ\u00f3mico Europeo (EEE).<\/p>\n<p>11. <b>Sus derechos de protecci\u00f3n de datos en virtud de la Ley de protecci\u00f3n de la privacidad de California (CalOPPA)<\/b><\/p>\n<p>CalOPPA es la primera ley estatal del pa\u00eds que exige que los sitios web comerciales y los servicios en l\u00ednea publiquen una pol\u00edtica de privacidad. El alcance de la ley se extiende mucho m\u00e1s all\u00e1 de California para exigir que una persona o empresa en los Estados Unidos (y posiblemente en el mundo) que opera sitios web que recopilan informaci\u00f3n de identificaci\u00f3n personal de los consumidores de California, publique una pol\u00edtica de privacidad visible en su sitio web que indique exactamente la informaci\u00f3n que se recopila y los personas con quienes se comparte, y para cumplir con esta pol\u00edtica.<\/p>\n<p>De acuerdo con CalOPPA, estamos de acuerdo con lo siguiente:<\/p>\n<p>0.1. los usuarios pueden visitar nuestro sitio de forma an\u00f3nima;<\/p>\n<p>0.2. nuestro enlace de Pol\u00edtica de privacidad incluye la palabra &quot;Privacidad&quot; y se puede encontrar f\u00e1cilmente en la p\u00e1gina de inicio de nuestro sitio web;<\/p>\n<p>0.3. los usuarios ser\u00e1n notificados de cualquier cambio en la pol\u00edtica de privacidad en nuestra p\u00e1gina de pol\u00edtica de privacidad;<\/p>\n<p>0.4. los usuarios pueden cambiar su informaci\u00f3n personal envi\u00e1ndonos un correo electr\u00f3nico a <b>hello@escaperoomgeeks.com<\/b>.<\/p>\n<p>Nuestra pol\u00edtica sobre las se\u00f1ales de &quot;No rastrear&quot;:<\/p>\n<p>Cumplimos con las se\u00f1ales de No rastrear y no rastreamos, plantamos cookies ni usamos publicidad cuando se implementa un mecanismo de navegador de No rastrear. No rastrear es una preferencia que puede configurar en su navegador web para informar a los sitios web que no desea que lo rastreen.<\/p>\n<p>Puede habilitar o deshabilitar No rastrear visitando la p\u00e1gina de Preferencias o Configuraci\u00f3n de su navegador web.<\/p>\n<p>12. <b>Sus derechos de protecci\u00f3n de datos en virtud de la Ley de Privacidad del Consumidor de California (CCPA)<\/b><\/p>\n<p>Si es residente de California, tiene derecho a saber qu\u00e9 datos recopilamos sobre usted, solicitar eliminar sus datos y no venderlos (compartirlos). Para ejercer sus derechos de protecci\u00f3n de datos, puede realizar determinadas solicitudes y preguntarnos:<\/p>\n<p><b>0.1. Qu\u00e9 informaci\u00f3n personal tenemos sobre usted. Si realiza esta solicitud, le devolveremos:<\/b><\/p>\n<p>0.0.1. Las categor\u00edas de informaci\u00f3n personal que hemos recopilado sobre usted.<\/p>\n<p>0.0.2. Las categor\u00edas de fuentes de las que recopilamos su informaci\u00f3n personal.<\/p>\n<p>0.0.3. El prop\u00f3sito empresarial o comercial para recopilar o vender su informaci\u00f3n personal.<\/p>\n<p>0.0.4. Las categor\u00edas de terceros con los que compartimos informaci\u00f3n personal.<\/p>\n<p>0.0.5. Las piezas espec\u00edficas de informaci\u00f3n personal que hemos recopilado sobre usted.<\/p>\n<p>0.0.6. Una lista de categor\u00edas de informaci\u00f3n personal que hemos vendido, junto con la categor\u00eda de cualquier otra empresa a la que se la vendimos. Si no hemos vendido su informaci\u00f3n personal, le informaremos de ello.<\/p>\n<p>0.0.7. Una lista de categor\u00edas de informaci\u00f3n personal que hemos divulgado con fines comerciales, junto con la categor\u00eda de cualquier otra empresa con la que la hayamos compartido.<\/p>\n<p>Tenga en cuenta que tiene derecho a solicitarnos que le proporcionemos esta informaci\u00f3n hasta dos veces en un per\u00edodo de doce meses consecutivos. Cuando realiza esta solicitud, la informaci\u00f3n proporcionada puede limitarse a la informaci\u00f3n personal que recopilamos sobre usted en los 12 meses anteriores.<\/p>\n<p><b>0.2. Para eliminar su informaci\u00f3n personal. Si realiza esta solicitud, eliminaremos la informaci\u00f3n personal que tenemos sobre usted a partir de la fecha de su solicitud de nuestros registros y le indicaremos a cualquier proveedor de servicios que haga lo mismo. En algunos casos, la eliminaci\u00f3n puede lograrse mediante la desidentificaci\u00f3n de la informaci\u00f3n. Si elige eliminar su informaci\u00f3n personal, es posible que no pueda usar ciertas funciones que requieren su informaci\u00f3n personal para funcionar.<\/b><\/p>\n<p><b>0.3. Para dejar de vender su informaci\u00f3n personal. No vendemos ni alquilamos su informaci\u00f3n personal a terceros para ning\u00fan prop\u00f3sito. No vendemos su informaci\u00f3n personal a cambio de una contraprestaci\u00f3n monetaria. Sin embargo, en algunas circunstancias, una transferencia de informaci\u00f3n personal a un tercero, o dentro de nuestra familia de empresas, sin consideraci\u00f3n monetaria puede considerarse una &quot;venta&quot; seg\u00fan la ley de California. Usted es el \u00fanico propietario de sus Datos personales y puede solicitar su divulgaci\u00f3n o eliminaci\u00f3n en cualquier momento.<\/b><\/p>\n<p>Si env\u00eda una solicitud para dejar de vender su informaci\u00f3n personal, dejaremos de realizar dichas transferencias.<\/p>\n<p>Tenga en cuenta que si nos solicita que eliminemos o dejemos de vender sus datos, puede afectar su experiencia con nosotros y es posible que no pueda participar en ciertos programas o servicios de membres\u00eda que requieren el uso de su informaci\u00f3n personal para funcionar. Pero en ning\u00fan caso le discriminaremos por ejercer sus derechos.<\/p>\n<p>Para ejercer sus derechos de protecci\u00f3n de datos de California descritos anteriormente, env\u00ede su(s) solicitud(es) por correo electr\u00f3nico: <b>hello@escaperoomgeeks.com<\/b>.<\/p>\n<p>Sus derechos de protecci\u00f3n de datos, descritos anteriormente, est\u00e1n cubiertos por la CCPA, abreviatura de la Ley de Privacidad del Consumidor de California. Para obtener m\u00e1s informaci\u00f3n, visite el sitio web oficial de informaci\u00f3n legislativa de California. La CCPA entr\u00f3 en vigor el 01\/01\/2020.<\/p>\n<p>13. <b>Proveedores de servicio<\/b><\/p>\n<p>Podemos emplear empresas e individuos de terceros para facilitar nuestro Servicio (<b>&quot;Proveedores de servicio&quot;<\/b>), proporcionar el Servicio en nuestro nombre, realizar servicios relacionados con el Servicio o ayudarnos a analizar c\u00f3mo se utiliza nuestro Servicio.<\/p>\n<p>Estos terceros tienen acceso a sus Datos personales solo para realizar estas tareas en nuestro nombre y est\u00e1n obligados a no divulgarlos ni utilizarlos para ning\u00fan otro prop\u00f3sito.<\/p>\n<p>14. <b>Anal\u00edtica<\/b><\/p>\n<p>Podemos utilizar Proveedores de Servicios de terceros para monitorear y analizar el uso de nuestro Servicio.<\/p>\n<p>15. <b>herramientas CI\/CD<\/b><\/p>\n<p>Podemos utilizar Proveedores de Servicios de terceros para automatizar el proceso de desarrollo de nuestro Servicio.<\/p>\n<p>16. <b>Remarketing conductual<\/b><\/p>\n<p>Podemos utilizar servicios de remarketing para anunciarle en sitios web de terceros despu\u00e9s de que haya visitado nuestro Servicio. Nosotros y nuestros proveedores externos utilizamos cookies para informar, optimizar y publicar anuncios en funci\u00f3n de sus visitas anteriores a nuestro Servicio.<\/p>\n<p>17. <b>Pagos<\/b><\/p>\n<p>Podemos proporcionar productos y\/o servicios pagos dentro del Servicio. En ese caso, utilizamos servicios de terceros para el procesamiento de pagos (por ejemplo, procesadores de pago).<\/p>\n<p>No almacenaremos ni recopilaremos los datos de su tarjeta de pago. Esa informaci\u00f3n se proporciona directamente a nuestros procesadores de pago de terceros, cuyo uso de su informaci\u00f3n personal se rige por su Pol\u00edtica de privacidad. Estos procesadores de pago se adhieren a los est\u00e1ndares establecidos por PCI-DSS administrados por el PCI Security Standards Council, que es un esfuerzo conjunto de marcas como Visa, Mastercard, American Express y Discover. Los requisitos de PCI-DSS ayudan a garantizar el manejo seguro de la informaci\u00f3n de pago.<\/p>\n<p>18. <b>Enlaces a otros sitios<\/b><\/p>\n<p>Nuestro Servicio puede contener enlaces a otros sitios que no son operados por nosotros. Si hace clic en el enlace de un tercero, ser\u00e1 dirigido al sitio de ese tercero. Le recomendamos encarecidamente que revise la Pol\u00edtica de privacidad de cada sitio que visite.<\/p>\n<p>No tenemos control ni asumimos ninguna responsabilidad por el contenido, las pol\u00edticas de privacidad o las pr\u00e1cticas de los sitios o servicios de terceros.<\/p>\n<p>19. <b>Privacidad de los ni\u00f1os<\/b><\/p>\n<p>Nuestros Servicios no est\u00e1n destinados a ser utilizados por ni\u00f1os menores de 18 a\u00f1os (<b>&quot;Ni\u00f1o&quot;<\/b> o <b>&quot;Ni\u00f1os&quot;<\/b>).<\/p>\n<p>No recopilamos a sabiendas informaci\u00f3n de identificaci\u00f3n personal de ni\u00f1os menores de 18 a\u00f1os. Si se da cuenta de que un ni\u00f1o nos ha proporcionado datos personales, comun\u00edquese con nosotros. Si nos damos cuenta de que hemos recopilado Datos personales de ni\u00f1os sin verificaci\u00f3n del consentimiento de los padres, tomamos medidas para eliminar esa informaci\u00f3n de nuestros servidores.<\/p>\n<p>20. <b>Cambios a esta Pol\u00edtica de privacidad<\/b><\/p>\n<p>Es posible que actualicemos nuestra Pol\u00edtica de privacidad de vez en cuando. Le notificaremos cualquier cambio publicando la nueva Pol\u00edtica de privacidad en esta p\u00e1gina.<\/p>\n<p>Le informaremos por correo electr\u00f3nico y\/o un aviso destacado en nuestro Servicio, antes de que el cambio entre en vigencia y actualice la &quot;fecha de vigencia&quot; en la parte superior de esta Pol\u00edtica de privacidad.<\/p>\n<p>Se le recomienda revisar esta Pol\u00edtica de Privacidad peri\u00f3dicamente para cualquier cambio. Los cambios a esta Pol\u00edtica de privacidad son efectivos cuando se publican en esta p\u00e1gina.<\/p>\n<p>21. <b>Cont\u00e1ctenos<\/b><\/p>\n<p>Si tiene alguna pregunta sobre esta Pol\u00edtica de privacidad, cont\u00e1ctenos por correo electr\u00f3nico: <b>hello@escaperoomgeeks.com<\/b>.<\/p>\n<h2 class=\"wp-block-heading\"><\/h2>","protected":false},"excerpt":{"rendered":"<p>Effective date: 2020-06-11 1. Introduction Welcome to Escape Room Geeks LLC. Escape Room Geeks(\u201cus\u201d, \u201cwe\u201d, or \u201cour\u201d) operates escaperoomgeeks.com (hereinafter referred to as \u201cService\u201d). Our Privacy Policy governs your visit to escaperoomgeeks.com, and explains how we collect, safeguard and disclose information that results from your use of our Service. We use your data to provide [&hellip;]<\/p>\n","protected":false},"author":1,"featured_media":0,"parent":0,"menu_order":0,"comment_status":"closed","ping_status":"open","template":"","meta":{"_seopress_robots_primary_cat":"","_seopress_titles_title":"","_seopress_titles_desc":"","_seopress_robots_index":"","footnotes":""},"class_list":["post-3","page","type-page","status-publish","hentry"],"_links":{"self":[{"href":"https:\/\/escaperoomgeeks.com\/es\/wp-json\/wp\/v2\/pages\/3","targetHints":{"allow":["GET"]}}],"collection":[{"href":"https:\/\/escaperoomgeeks.com\/es\/wp-json\/wp\/v2\/pages"}],"about":[{"href":"https:\/\/escaperoomgeeks.com\/es\/wp-json\/wp\/v2\/types\/page"}],"author":[{"embeddable":true,"href":"https:\/\/escaperoomgeeks.com\/es\/wp-json\/wp\/v2\/users\/1"}],"replies":[{"embeddable":true,"href":"https:\/\/escaperoomgeeks.com\/es\/wp-json\/wp\/v2\/comments?post=3"}],"version-history":[{"count":4,"href":"https:\/\/escaperoomgeeks.com\/es\/wp-json\/wp\/v2\/pages\/3\/revisions"}],"predecessor-version":[{"id":53451,"href":"https:\/\/escaperoomgeeks.com\/es\/wp-json\/wp\/v2\/pages\/3\/revisions\/53451"}],"wp:attachment":[{"href":"https:\/\/escaperoomgeeks.com\/es\/wp-json\/wp\/v2\/media?parent=3"}],"curies":[{"name":"wp","href":"https:\/\/api.w.org\/{rel}","templated":true}]}}