{"id":81254,"date":"2024-11-25T14:52:29","date_gmt":"2024-11-25T13:52:29","guid":{"rendered":"https:\/\/escaperoomgeeks.com\/?page_id=81254"},"modified":"2026-03-20T19:54:33","modified_gmt":"2026-03-20T18:54:33","slug":"about","status":"publish","type":"page","link":"https:\/\/escaperoomgeeks.com\/es\/about\/","title":{"rendered":"Acerca de"},"content":{"rendered":"<div class=\"wp-block-group alignfull erg-noise-overlay has-background has-global-padding is-layout-constrained wp-container-core-group-is-layout-714f0338 wp-block-group-is-layout-constrained\" style=\"background:linear-gradient(135deg, var(--wp--preset--color--plum) 0%, var(--wp--preset--color--plum-dark) 100%)\">\n\n\n<h2 class=\"wp-block-heading has-text-align-center has-white-color has-text-color\" style=\"font-size:clamp(2rem, 5vw, 3rem);font-weight:800\">Nuestra historia<\/h2>\n\n\n\n<p class=\"has-text-align-center has-terracotta-light-color has-text-color\" style=\"font-size:clamp(0.875rem, 0.875rem + ((1vw - 0.2rem) * 0.417), 1.125rem);\">Las personas detr\u00e1s de los rompecabezas<\/p>\n\n\n<\/div>\n\n\n\n<div class=\"wp-block-group alignfull has-global-padding is-layout-constrained wp-container-core-group-is-layout-de55147f wp-block-group-is-layout-constrained\">\n\n\n<p class=\"has-text-secondary-color has-text-color has-body-font-family\" style=\"font-size:clamp(0.875rem, 0.875rem + ((1vw - 0.2rem) * 0.313), 1.063rem);line-height:1.8\">En un acogedor apartamento repleto de enigm\u00e1ticos rompecabezas y pistas ocultas, un grupo de amigos se top\u00f3 con una emoci\u00f3n sin igual. No era un apartamento cualquiera, sino una sala de escape, cuidadosamente preparada para un intercambio de regalos de amigo invisible. Entre risas, momentos de revelaci\u00f3n y la camarader\u00eda de aquella noche, surgi\u00f3 una idea: &quot;\u00bfPor qu\u00e9 no llevar esta emocionante experiencia a hogares de todo el mundo?&quot;.\u201c<\/p>\n\n\n\n<p class=\"has-text-secondary-color has-text-color has-body-font-family\" style=\"font-size:clamp(0.875rem, 0.875rem + ((1vw - 0.2rem) * 0.313), 1.063rem);line-height:1.8\">De este modo, <strong style=\"color:var(--wp--preset--color--plum)\">Frikis de la sala de escape<\/strong> Naci\u00f3 nuestra nueva era. Transformamos tu sala de estar en un emocionante mundo de misterio y adrenalina. Nuestros juegos de escape imprimibles son fruto de un gran esfuerzo y dedicaci\u00f3n, creados meticulosamente por nuestro brillante equipo. Dise\u00f1ados para desafiarte, entretenerte y, sobre todo, para crear momentos inolvidables.<\/p>\n\n\n\n<figure class=\"wp-block-image aligncenter size-large\" style=\"border-radius:16px\"><img decoding=\"async\" src=\"https:\/\/escaperoomgeeks.com\/wp-content\/uploads\/2024\/07\/Legacy-Bundle-All-11-games-859x1024.png\" alt=\"Todos los juegos de escape room de Escape Room Geeks\"\/><\/figure>\n\n\n<\/div>\n\n\n\n<div class=\"wp-block-group alignfull has-cream-dark-background-color has-background has-global-padding is-layout-constrained wp-container-core-group-is-layout-b9635ea3 wp-block-group-is-layout-constrained\">\n\n\n<h2 class=\"wp-block-heading has-text-align-center has-plum-color has-text-color has-heading-font-family\" style=\"font-style:normal;font-weight:700;margin-bottom:var(--wp--preset--spacing--20)\">Conoce a los frikis<\/h2>\n\n\n\n<p class=\"has-text-align-center has-text-secondary-color has-text-color\" style=\"margin-bottom:var(--wp--preset--spacing--60)\">Las mentes creativas que est\u00e1n dise\u00f1ando tu pr\u00f3xima aventura.<\/p>\n\n\n\n<div class=\"wp-block-columns is-layout-flex wp-container-core-columns-is-layout-549b0c86 wp-block-columns-is-layout-flex\">\n\n\n<div class=\"wp-block-column is-layout-flow wp-block-column-is-layout-flow\">\n\n<div class=\"wp-block-group has-white-background-color has-background has-global-padding is-layout-constrained wp-container-core-group-is-layout-f90d3be4 wp-block-group-is-layout-constrained\" style=\"border-radius:16px\">\n\n<figure class=\"wp-block-image aligncenter size-medium is-resized is-style-rounded\"><img loading=\"lazy\" decoding=\"async\" src=\"https:\/\/escaperoomgeeks.com\/wp-content\/uploads\/2024\/12\/about-us-ivan.png\" alt=\"Iv\u00e1n Vulgarakis\" style=\"border-radius:50%;width:140px;height:140px\" width=\"140\" height=\"140\"\/><\/figure>\n\n\n<h3 class=\"wp-block-heading has-text-align-center has-plum-color has-text-color has-heading-font-family\" style=\"font-size:clamp(0.875rem, 0.875rem + ((1vw - 0.2rem) * 0.417), 1.125rem);margin-bottom:0.25rem\">Iv\u00e1n Vulgarakis<\/h3>\n\n\n<p class=\"has-text-align-center has-terracotta-color has-text-color has-heading-font-family\" style=\"font-size:0.8125rem;font-style:italic;font-weight:600;margin-bottom:var(--wp--preset--spacing--20)\">Dise\u00f1ador de juegos<\/p>\n\n\n<p class=\"has-text-align-center has-text-secondary-color has-text-color has-body-font-family\" style=\"font-size:0.875rem\">El cerebro detr\u00e1s de nuestros juegos. Ivan convierte ideas extravagantes en rompecabezas fascinantes.<\/p>\n\n<\/div>\n\n<\/div>\n\n\n\n<div class=\"wp-block-column is-layout-flow wp-block-column-is-layout-flow\">\n\n<div class=\"wp-block-group has-white-background-color has-background has-global-padding is-layout-constrained wp-container-core-group-is-layout-f90d3be4 wp-block-group-is-layout-constrained\" style=\"border-radius:16px\">\n\n<figure class=\"wp-block-image aligncenter size-medium is-resized is-style-rounded\"><img loading=\"lazy\" decoding=\"async\" src=\"https:\/\/escaperoomgeeks.com\/wp-content\/uploads\/2024\/12\/about-us-andrej.png\" alt=\"andrej vulgarakis\" style=\"border-radius:50%;width:140px;height:140px\" width=\"140\" height=\"140\"\/><\/figure>\n\n\n<h3 class=\"wp-block-heading has-text-align-center has-plum-color has-text-color has-heading-font-family\" style=\"font-size:clamp(0.875rem, 0.875rem + ((1vw - 0.2rem) * 0.417), 1.125rem);margin-bottom:0.25rem\">andrej vulgarakis<\/h3>\n\n\n<p class=\"has-text-align-center has-terracotta-color has-text-color has-heading-font-family\" style=\"font-size:0.8125rem;font-style:italic;font-weight:600;margin-bottom:var(--wp--preset--spacing--20)\">Dise\u00f1ador gr\u00e1fico<\/p>\n\n\n<p class=\"has-text-align-center has-text-secondary-color has-text-color has-body-font-family\" style=\"font-size:0.875rem\">Andrej se asegura de que nuestros juegos no solo sean divertidos, sino tambi\u00e9n visualmente impresionantes. Sus dise\u00f1os dan vida a nuestros juegos.<\/p>\n\n<\/div>\n\n<\/div>\n\n\n\n<div class=\"wp-block-column is-layout-flow wp-block-column-is-layout-flow\">\n\n<div class=\"wp-block-group has-white-background-color has-background has-global-padding is-layout-constrained wp-container-core-group-is-layout-f90d3be4 wp-block-group-is-layout-constrained\" style=\"border-radius:16px\">\n\n<figure class=\"wp-block-image aligncenter size-medium is-resized is-style-rounded\"><img loading=\"lazy\" decoding=\"async\" src=\"https:\/\/escaperoomgeeks.com\/wp-content\/uploads\/2026\/03\/nikola-gulevski.jpg\" alt=\"Nikola Gulevski\" style=\"border-radius:50%;width:140px;height:140px;object-fit:cover\" width=\"140\" height=\"140\"\/><\/figure>\n\n\n<h3 class=\"wp-block-heading has-text-align-center has-plum-color has-text-color has-heading-font-family\" style=\"font-size:clamp(0.875rem, 0.875rem + ((1vw - 0.2rem) * 0.417), 1.125rem);margin-bottom:0.25rem\">Nikola Gulevski<\/h3>\n\n\n<p class=\"has-text-align-center has-terracotta-color has-text-color has-heading-font-family\" style=\"font-size:0.8125rem;font-style:italic;font-weight:600;margin-bottom:var(--wp--preset--spacing--20)\">Especialista en marketing de crecimiento<\/p>\n\n\n<p class=\"has-text-align-center has-text-secondary-color has-text-color has-body-font-family\" style=\"font-size:0.875rem\">Somos unos genios de la publicidad. Nikola se asegura de que todo el mundo sepa de la diversi\u00f3n que estamos preparando.<\/p>\n\n<\/div>\n\n<\/div>\n\n\n<\/div>\n\n\n\n<div class=\"wp-block-columns is-layout-flex wp-container-core-columns-is-layout-e60ae277 wp-block-columns-is-layout-flex\" style=\"margin-top:var(--wp--preset--spacing--30)\">\n\n\n<div class=\"wp-block-column is-layout-flow wp-block-column-is-layout-flow\">\n\n<div class=\"wp-block-group has-white-background-color has-background has-global-padding is-layout-constrained wp-container-core-group-is-layout-f90d3be4 wp-block-group-is-layout-constrained\" style=\"border-radius:16px\">\n\n<figure class=\"wp-block-image aligncenter size-medium is-resized is-style-rounded\"><img loading=\"lazy\" decoding=\"async\" src=\"https:\/\/escaperoomgeeks.com\/wp-content\/uploads\/2024\/12\/about-us-nina.png\" alt=\"Nina Vrondelieva\" style=\"border-radius:50%;width:140px;height:140px\" width=\"140\" height=\"140\"\/><\/figure>\n\n\n<h3 class=\"wp-block-heading has-text-align-center has-plum-color has-text-color has-heading-font-family\" style=\"font-size:clamp(0.875rem, 0.875rem + ((1vw - 0.2rem) * 0.417), 1.125rem);margin-bottom:0.25rem\">Nina Vrondelieva<\/h3>\n\n\n<p class=\"has-text-align-center has-terracotta-color has-text-color has-heading-font-family\" style=\"font-size:0.8125rem;font-style:italic;font-weight:600;margin-bottom:var(--wp--preset--spacing--20)\">Asistente<\/p>\n\n\n<p class=\"has-text-align-center has-text-secondary-color has-text-color has-body-font-family\" style=\"font-size:0.875rem\">Nina es quien mantiene nuestro barco navegando sin problemas. Ella es el pilar que sustenta nuestros proyectos creativos.<\/p>\n\n<\/div>\n\n<\/div>\n\n\n\n<div class=\"wp-block-column is-layout-flow wp-block-column-is-layout-flow\">\n\n<div class=\"wp-block-group has-white-background-color has-background has-global-padding is-layout-constrained wp-container-core-group-is-layout-f90d3be4 wp-block-group-is-layout-constrained\" style=\"border-radius:16px\">\n\n<figure class=\"wp-block-image aligncenter size-medium is-resized is-style-rounded\"><img loading=\"lazy\" decoding=\"async\" src=\"https:\/\/escaperoomgeeks.com\/wp-content\/uploads\/2024\/12\/about-us-andreas.png\" alt=\"Andreas Boy\u00e9\" style=\"border-radius:50%;width:140px;height:140px\" width=\"140\" height=\"140\"\/><\/figure>\n\n\n<h3 class=\"wp-block-heading has-text-align-center has-plum-color has-text-color has-heading-font-family\" style=\"font-size:clamp(0.875rem, 0.875rem + ((1vw - 0.2rem) * 0.417), 1.125rem);margin-bottom:0.25rem\">Andreas Boy\u00e9<\/h3>\n\n\n<p class=\"has-text-align-center has-terracotta-color has-text-color has-heading-font-family\" style=\"font-size:0.8125rem;font-style:italic;font-weight:600;margin-bottom:var(--wp--preset--spacing--20)\">Dise\u00f1ador de juegos<\/p>\n\n\n<p class=\"has-text-align-center has-text-secondary-color has-text-color has-body-font-family\" style=\"font-size:0.875rem\">Andreas es uno de los dise\u00f1adores de nuestros juegos. Su mente inventiva hace que las sorpresas sigan apareciendo.<\/p>\n\n<\/div>\n\n<\/div>\n\n\n\n<div class=\"wp-block-column is-layout-flow wp-block-column-is-layout-flow\">\n\n<div class=\"wp-block-group has-white-background-color has-background has-global-padding is-layout-constrained wp-container-core-group-is-layout-f90d3be4 wp-block-group-is-layout-constrained\" style=\"border-radius:16px\">\n\n<figure class=\"wp-block-image aligncenter size-medium is-resized is-style-rounded\"><img loading=\"lazy\" decoding=\"async\" src=\"https:\/\/escaperoomgeeks.com\/wp-content\/uploads\/2024\/12\/about-us-kaliopi.png\" alt=\"Kaliopi Trpcheva\" style=\"border-radius:50%;width:140px;height:140px\" width=\"140\" height=\"140\"\/><\/figure>\n\n\n<h3 class=\"wp-block-heading has-text-align-center has-plum-color has-text-color has-heading-font-family\" style=\"font-size:clamp(0.875rem, 0.875rem + ((1vw - 0.2rem) * 0.417), 1.125rem);margin-bottom:0.25rem\">Kaliopi Trpcheva<\/h3>\n\n\n<p class=\"has-text-align-center has-terracotta-color has-text-color has-heading-font-family\" style=\"font-size:0.8125rem;font-style:italic;font-weight:600;margin-bottom:var(--wp--preset--spacing--20)\">Dise\u00f1ador de arte<\/p>\n\n\n<p class=\"has-text-align-center has-text-secondary-color has-text-color has-body-font-family\" style=\"font-size:0.875rem\">Kaliopi transforma cada sala de escape en un mundo verdaderamente inmersivo y visualmente cautivador.<\/p>\n\n<\/div>\n\n<\/div>\n\n\n<\/div>\n\n\n\n<div class=\"wp-block-columns is-layout-flex wp-container-core-columns-is-layout-e60ae277 wp-block-columns-is-layout-flex\" style=\"margin-top:var(--wp--preset--spacing--30)\">\n\n\n<div class=\"wp-block-column is-layout-flow wp-block-column-is-layout-flow\">\n\n<div class=\"wp-block-group has-white-background-color has-background has-global-padding is-layout-constrained wp-container-core-group-is-layout-f90d3be4 wp-block-group-is-layout-constrained\" style=\"border-radius:16px\">\n\n<figure class=\"wp-block-image aligncenter size-medium is-resized is-style-rounded\"><img loading=\"lazy\" decoding=\"async\" src=\"https:\/\/escaperoomgeeks.com\/wp-content\/uploads\/2024\/12\/about-us-natasa.png\" alt=\"Natasa Andonova\" style=\"border-radius:50%;width:140px;height:140px\" width=\"140\" height=\"140\"\/><\/figure>\n\n\n<h3 class=\"wp-block-heading has-text-align-center has-plum-color has-text-color has-heading-font-family\" style=\"font-size:clamp(0.875rem, 0.875rem + ((1vw - 0.2rem) * 0.417), 1.125rem);margin-bottom:0.25rem\">Natasa Andonova<\/h3>\n\n\n<p class=\"has-text-align-center has-terracotta-color has-text-color has-heading-font-family\" style=\"font-size:0.8125rem;font-style:italic;font-weight:600;margin-bottom:var(--wp--preset--spacing--20)\">Dise\u00f1ador de arte<\/p>\n\n\n<p class=\"has-text-align-center has-text-secondary-color has-text-color has-body-font-family\" style=\"font-size:0.875rem\">Natasa aporta un toque distintivo con sus llamativos dise\u00f1os art\u00edsticos, dando profundidad y estilo a cada experiencia de escape room.<\/p>\n\n<\/div>\n\n<\/div>\n\n\n\n<div class=\"wp-block-column is-layout-flow wp-block-column-is-layout-flow\"><\/div>\n\n\n\n<div class=\"wp-block-column is-layout-flow wp-block-column-is-layout-flow\"><\/div>\n\n\n<\/div>\n\n\n<\/div>\n\n\n\n<div class=\"wp-block-group alignfull has-global-padding is-layout-constrained wp-container-core-group-is-layout-de55147f wp-block-group-is-layout-constrained\">\n\n\n<p class=\"has-text-secondary-color has-text-color has-body-font-family\" style=\"font-size:clamp(0.875rem, 0.875rem + ((1vw - 0.2rem) * 0.313), 1.063rem);line-height:1.8\">Somos m\u00e1s que un equipo: somos apasionados de los juegos de escape y nos esforzamos por crear rompecabezas de primer nivel, combinando dise\u00f1o gr\u00e1fico de alta calidad, narrativa, dise\u00f1o de juegos y dise\u00f1o art\u00edstico. No solo creamos juegos, creamos experiencias que cautivan tu imaginaci\u00f3n.<\/p>\n\n\n\n<p class=\"has-text-secondary-color has-text-color has-body-font-family\" style=\"font-size:clamp(0.875rem, 0.875rem + ((1vw - 0.2rem) * 0.313), 1.063rem);line-height:1.8\">Escape Room Geeks es mucho m\u00e1s que juegos divertidos; se trata de unir a la gente, impulsar la cultura de los escape rooms e inspirar un esp\u00edritu l\u00fadico en todos. No importa qui\u00e9n seas ni d\u00f3nde est\u00e9s, te invitamos a descubrir un mundo de diversi\u00f3n en la comodidad de tu sala.<\/p>\n\n\n\n<p class=\"has-text-align-center has-terracotta-color has-text-color has-heading-font-family\" style=\"font-size:clamp(0.875rem, 0.875rem + ((1vw - 0.2rem) * 0.625), 1.25rem);font-style:italic;font-weight:600;line-height:1.8;margin-top:var(--wp--preset--spacing--40)\">\u00bfEst\u00e1s listo para pasarlo en grande? \u00a1Bienvenido a Escape Room Geeks! \u00a1Que empiecen los juegos!<\/p>\n\n\n<\/div>","protected":false},"excerpt":{"rendered":"<p>Our Story The people behind the puzzles In a cozy apartment decked with enigmatic puzzles and hidden clues, a group of friends stumbled upon a thrill like no other. This was no ordinary apartment, it was an escape room, lovingly crafted for a secret Santa surprise. Amidst the laughter, the &#8220;aha!&#8221; moments, and the camaraderie [&hellip;]<\/p>\n","protected":false},"author":1,"featured_media":0,"parent":0,"menu_order":0,"comment_status":"closed","ping_status":"closed","template":"","meta":{"_seopress_robots_primary_cat":"","_seopress_titles_title":"","_seopress_titles_desc":"Meet the team behind Escape Room Geeks. We design printable escape room kits that bring families together through puzzles, teamwork, and unforgettable adventures.","_seopress_robots_index":"","footnotes":""},"class_list":["post-81254","page","type-page","status-publish","hentry"],"_links":{"self":[{"href":"https:\/\/escaperoomgeeks.com\/es\/wp-json\/wp\/v2\/pages\/81254","targetHints":{"allow":["GET"]}}],"collection":[{"href":"https:\/\/escaperoomgeeks.com\/es\/wp-json\/wp\/v2\/pages"}],"about":[{"href":"https:\/\/escaperoomgeeks.com\/es\/wp-json\/wp\/v2\/types\/page"}],"author":[{"embeddable":true,"href":"https:\/\/escaperoomgeeks.com\/es\/wp-json\/wp\/v2\/users\/1"}],"replies":[{"embeddable":true,"href":"https:\/\/escaperoomgeeks.com\/es\/wp-json\/wp\/v2\/comments?post=81254"}],"version-history":[{"count":34,"href":"https:\/\/escaperoomgeeks.com\/es\/wp-json\/wp\/v2\/pages\/81254\/revisions"}],"predecessor-version":[{"id":118576,"href":"https:\/\/escaperoomgeeks.com\/es\/wp-json\/wp\/v2\/pages\/81254\/revisions\/118576"}],"wp:attachment":[{"href":"https:\/\/escaperoomgeeks.com\/es\/wp-json\/wp\/v2\/media?parent=81254"}],"curies":[{"name":"wp","href":"https:\/\/api.w.org\/{rel}","templated":true}]}}