{"id":81281,"date":"2024-11-25T15:37:36","date_gmt":"2024-11-25T14:37:36","guid":{"rendered":"https:\/\/escaperoomgeeks.com\/?page_id=81281"},"modified":"2026-03-19T11:08:34","modified_gmt":"2026-03-19T10:08:34","slug":"faq","status":"publish","type":"page","link":"https:\/\/escaperoomgeeks.com\/es\/faq\/","title":{"rendered":"PREGUNTAS M\u00c1S FRECUENTES"},"content":{"rendered":"<!-- PAGE 3: FAQ (ID 81281) -->\n\n\n<div class=\"wp-block-group has-cream-dark-background-color has-background has-global-padding is-layout-constrained wp-container-core-group-is-layout-b8ebdb26 wp-block-group-is-layout-constrained\" style=\"padding-top:var(--wp--preset--spacing--60);padding-right:var(--wp--preset--spacing--40);padding-bottom:var(--wp--preset--spacing--60);padding-left:var(--wp--preset--spacing--40)\">\n\n\n<h2 class=\"wp-block-heading has-text-align-center has-plum-color has-text-color has-heading-font-family\" style=\"font-style:normal;font-weight:700;margin-bottom:var(--wp--preset--spacing--20)\">Preguntas frecuentes<\/h2>\n\n\n\n<p class=\"has-text-align-center has-text-secondary-color has-text-color has-body-font-family\" style=\"margin-bottom:var(--wp--preset--spacing--50)\">Todo lo que necesitas saber sobre nuestros juegos de escape imprimibles.<\/p>\n\n\n\n<details class=\"wp-block-details has-body-font-family is-layout-flow wp-block-details-is-layout-flow\" style=\"border-bottom-color:var(--wp--preset--color--sage);border-bottom-width:1px;padding-top:var(--wp--preset--spacing--20);padding-right:var(--wp--preset--spacing--30);padding-bottom:var(--wp--preset--spacing--20);padding-left:var(--wp--preset--spacing--30)\">\n<summary><strong>\u00bfQu\u00e9 es un kit imprimible para juegos de escape?<\/strong><\/summary>\n\n<p class=\"has-text-secondary-color has-text-color has-body-font-family\">\u00a1Estos juegos son la combinaci\u00f3n perfecta de juego de mesa y sala de escape, que se pueden jugar en cualquier lugar y en todas partes! Todo lo que tienes que hacer es imprimir el archivo del juego y realizar una configuraci\u00f3n r\u00e1pida. Los ni\u00f1os trabajar\u00e1n cooperativamente para resolver los acertijos y realizar tareas en un tiempo limitado.<\/p>\n\n<\/details>\n\n\n\n<details class=\"wp-block-details has-body-font-family is-layout-flow wp-block-details-is-layout-flow\" style=\"border-bottom-color:var(--wp--preset--color--sage);border-bottom-width:1px;padding-top:var(--wp--preset--spacing--20);padding-right:var(--wp--preset--spacing--30);padding-bottom:var(--wp--preset--spacing--20);padding-left:var(--wp--preset--spacing--30)\">\n<summary><strong>\u00a1Hice una compra pero no recib\u00ed nada en mi correo electr\u00f3nico!<\/strong><\/summary>\n\n<p class=\"has-text-secondary-color has-text-color has-body-font-family\">Esto suele ocurrir cuando se escribe mal la direcci\u00f3n de correo electr\u00f3nico. P\u00f3ngase en contacto con nosotros en <a href=\"mailto:hello@escaperoomgeeks.com\">hello@escaperoomgeeks.com<\/a> y editaremos su pedido.<\/p>\n\n<\/details>\n\n\n\n<details class=\"wp-block-details has-body-font-family is-layout-flow wp-block-details-is-layout-flow\" style=\"border-bottom-color:var(--wp--preset--color--sage);border-bottom-width:1px;padding-top:var(--wp--preset--spacing--20);padding-right:var(--wp--preset--spacing--30);padding-bottom:var(--wp--preset--spacing--20);padding-left:var(--wp--preset--spacing--30)\">\n<summary><strong>\u00bfCu\u00e1ntas veces puedo imprimir el juego?<\/strong><\/summary>\n\n<p class=\"has-text-secondary-color has-text-color has-body-font-family\">\u00a1Cu\u00e1ntas veces quieras! Incluso despu\u00e9s de a\u00f1os a partir de ahora, puedes imprimir el juego y a\u00fan se ver\u00e1 como nuevo.<\/p>\n\n<\/details>\n\n\n\n<details class=\"wp-block-details has-body-font-family is-layout-flow wp-block-details-is-layout-flow\" style=\"border-bottom-color:var(--wp--preset--color--sage);border-bottom-width:1px;padding-top:var(--wp--preset--spacing--20);padding-right:var(--wp--preset--spacing--30);padding-bottom:var(--wp--preset--spacing--20);padding-left:var(--wp--preset--spacing--30)\">\n<summary><strong>\u00bfImpresi\u00f3n de derechos de autor?<\/strong><\/summary>\n\n<p class=\"has-text-secondary-color has-text-color has-body-font-family\">\u00a1Sin problema! Puede imprimirlo en una copister\u00eda con su recibo de compra. Si lo solicita, podemos proporcionarle un formulario de autorizaci\u00f3n de derechos de autor.<\/p>\n\n<\/details>\n\n\n\n<details class=\"wp-block-details has-body-font-family is-layout-flow wp-block-details-is-layout-flow\" style=\"border-bottom-color:var(--wp--preset--color--sage);border-bottom-width:1px;padding-top:var(--wp--preset--spacing--20);padding-right:var(--wp--preset--spacing--30);padding-bottom:var(--wp--preset--spacing--20);padding-left:var(--wp--preset--spacing--30)\">\n<summary><strong>\u00bfD\u00f3nde puedo descargar mi juego?<\/strong><\/summary>\n\n<p class=\"has-text-secondary-color has-text-color has-body-font-family\">Tres m\u00e9todos de descarga: por correo electr\u00f3nico desde <a href=\"mailto:hello@escaperoomgeeks.com\">hello@escaperoomgeeks.com<\/a>, en la p\u00e1gina de confirmaci\u00f3n de compra o desde su p\u00e1gina Mi cuenta.<\/p>\n\n<\/details>\n\n\n\n<details class=\"wp-block-details has-body-font-family is-layout-flow wp-block-details-is-layout-flow\" style=\"border-bottom-color:var(--wp--preset--color--sage);border-bottom-width:1px;padding-top:var(--wp--preset--spacing--20);padding-right:var(--wp--preset--spacing--30);padding-bottom:var(--wp--preset--spacing--20);padding-left:var(--wp--preset--spacing--30)\">\n<summary><strong>\u00bfC\u00f3mo puedo obtener un reembolso?<\/strong><\/summary>\n\n<p class=\"has-text-secondary-color has-text-color has-body-font-family\">Estamos bastante seguros de que te encantar\u00e1n nuestros juegos, pero en caso de que no quedes completamente satisfecho, recibir\u00e1s un reembolso de 100% en un plazo de 48 horas, sin preguntas.<\/p>\n\n<\/details>\n\n\n\n<details class=\"wp-block-details has-body-font-family is-layout-flow wp-block-details-is-layout-flow\" style=\"border-bottom-color:var(--wp--preset--color--sage);border-bottom-width:1px;padding-top:var(--wp--preset--spacing--20);padding-right:var(--wp--preset--spacing--30);padding-bottom:var(--wp--preset--spacing--20);padding-left:var(--wp--preset--spacing--30)\">\n<summary><strong>\u00bfPuedo compartir el juego con mis amigos\/familiares?<\/strong><\/summary>\n\n<p class=\"has-text-secondary-color has-text-color has-body-font-family\">Por supuesto, puedes compartir el juego con tus amigos y familiares m\u00e1s cercanos. Siempre y cuando no lo compartas con todos tus conocidos ni lo vendas, no tenemos ning\u00fan problema.<\/p>\n\n<\/details>\n\n\n\n<details class=\"wp-block-details has-body-font-family is-layout-flow wp-block-details-is-layout-flow\" style=\"border-bottom-color:var(--wp--preset--color--sage);border-bottom-width:1px;padding-top:var(--wp--preset--spacing--20);padding-right:var(--wp--preset--spacing--30);padding-bottom:var(--wp--preset--spacing--20);padding-left:var(--wp--preset--spacing--30)\">\n<summary><strong>\u00bfPuedo revender el juego?<\/strong><\/summary>\n\n<p class=\"has-text-secondary-color has-text-color has-body-font-family\">No puedes revender, subir a plataformas de intercambio de archivos ni editar y atribuirte la autor\u00eda. Cont\u00e1ctanos para obtener una licencia comercial.<\/p>\n\n<\/details>\n\n\n\n<details class=\"wp-block-details has-body-font-family is-layout-flow wp-block-details-is-layout-flow\" style=\"border-bottom-color:var(--wp--preset--color--sage);border-bottom-width:1px;padding-top:var(--wp--preset--spacing--20);padding-right:var(--wp--preset--spacing--30);padding-bottom:var(--wp--preset--spacing--20);padding-left:var(--wp--preset--spacing--30)\">\n<summary><strong>\u00bfSe puede regalar a alguien?<\/strong><\/summary>\n\n<p class=\"has-text-secondary-color has-text-color has-body-font-family\">Claro, adelante, \u00a1haz una sorpresa para otra persona! Puede ser un regalo estupendo.<\/p>\n\n<\/details>\n\n\n\n<details class=\"wp-block-details has-body-font-family is-layout-flow wp-block-details-is-layout-flow\" style=\"border-bottom-color:var(--wp--preset--color--sage);border-bottom-width:1px;padding-top:var(--wp--preset--spacing--20);padding-right:var(--wp--preset--spacing--30);padding-bottom:var(--wp--preset--spacing--20);padding-left:var(--wp--preset--spacing--30)\">\n<summary><strong>\u00bfAlguien lo ha probado?<\/strong><\/summary>\n\n<p class=\"has-text-secondary-color has-text-color has-body-font-family\">\u00a1S\u00ed! Tenemos much\u00edsimas rese\u00f1as positivas de clientes. Consulta nuestra p\u00e1gina de rese\u00f1as para leer testimonios.<\/p>\n\n<\/details>\n\n\n\n<details class=\"wp-block-details has-body-font-family is-layout-flow wp-block-details-is-layout-flow\" style=\"border-bottom-color:var(--wp--preset--color--sage);border-bottom-width:1px;padding-top:var(--wp--preset--spacing--20);padding-right:var(--wp--preset--spacing--30);padding-bottom:var(--wp--preset--spacing--20);padding-left:var(--wp--preset--spacing--30)\">\n<summary><strong>\u00bfPuedo cobrar a mis clientes por la experiencia de la sala de escape?<\/strong><\/summary>\n\n<p class=\"has-text-secondary-color has-text-color has-body-font-family\">Se requiere una licencia de juego para uso comercial, implementaciones en toda la escuela o actividades para usuarios.<\/p>\n\n<\/details>\n\n\n<\/div>","protected":false},"excerpt":{"rendered":"<p>Preguntas frecuentes: Todo lo que necesitas saber sobre nuestros juegos de escape imprimibles.<\/p>","protected":false},"author":1,"featured_media":0,"parent":0,"menu_order":0,"comment_status":"closed","ping_status":"closed","template":"","meta":{"_seopress_robots_primary_cat":"","_seopress_titles_title":"","_seopress_titles_desc":"","_seopress_robots_index":"","footnotes":""},"class_list":["post-81281","page","type-page","status-publish","hentry"],"_links":{"self":[{"href":"https:\/\/escaperoomgeeks.com\/es\/wp-json\/wp\/v2\/pages\/81281","targetHints":{"allow":["GET"]}}],"collection":[{"href":"https:\/\/escaperoomgeeks.com\/es\/wp-json\/wp\/v2\/pages"}],"about":[{"href":"https:\/\/escaperoomgeeks.com\/es\/wp-json\/wp\/v2\/types\/page"}],"author":[{"embeddable":true,"href":"https:\/\/escaperoomgeeks.com\/es\/wp-json\/wp\/v2\/users\/1"}],"replies":[{"embeddable":true,"href":"https:\/\/escaperoomgeeks.com\/es\/wp-json\/wp\/v2\/comments?post=81281"}],"version-history":[{"count":6,"href":"https:\/\/escaperoomgeeks.com\/es\/wp-json\/wp\/v2\/pages\/81281\/revisions"}],"predecessor-version":[{"id":117835,"href":"https:\/\/escaperoomgeeks.com\/es\/wp-json\/wp\/v2\/pages\/81281\/revisions\/117835"}],"wp:attachment":[{"href":"https:\/\/escaperoomgeeks.com\/es\/wp-json\/wp\/v2\/media?parent=81281"}],"curies":[{"name":"wp","href":"https:\/\/api.w.org\/{rel}","templated":true}]}}