{"id":81288,"date":"2024-11-25T15:38:21","date_gmt":"2024-11-25T14:38:21","guid":{"rendered":"https:\/\/escaperoomgeeks.com\/?page_id=81288"},"modified":"2026-03-19T11:09:06","modified_gmt":"2026-03-19T10:09:06","slug":"contact","status":"publish","type":"page","link":"https:\/\/escaperoomgeeks.com\/es\/contact\/","title":{"rendered":"Contacto"},"content":{"rendered":"<div class=\"wp-block-columns is-layout-flex wp-container-core-columns-is-layout-14cf5ab5 wp-block-columns-is-layout-flex\">\n\n\n<div class=\"wp-block-column is-layout-flow wp-block-column-is-layout-flow\" style=\"flex-basis:45%\">\n\n\n<h3 class=\"wp-block-heading has-plum-color has-text-color\">Chatea con nosotros<\/h3>\n\n\n\n<p class=\"has-text-secondary-color has-text-color\">Siempre puedes enviarnos un correo electr\u00f3nico y contarnos qu\u00e9 te preocupa.<\/p>\n\n\n\n<p class=\"has-terracotta-color has-text-color\" style=\"font-weight:600\"><a href=\"mailto:hello@escaperoomgeeks.com\">hello@escaperoomgeeks.com<\/a><\/p>\n\n\n\n<hr class=\"wp-block-separator has-text-color has-border-color has-alpha-channel-opacity has-border-background-color has-background\"\/>\n\n\n\n<h3 class=\"wp-block-heading has-plum-color has-text-color\">Ven a nosotros<\/h3>\n\n\n\n<p class=\"has-text-secondary-color has-text-color\">1309 Coffeen Avenue Str 1200, Sheridan, Wyoming, 82801, EE. UU.<\/p>\n\n\n<\/div>\n\n\n\n<div class=\"wp-block-column is-layout-flow wp-block-column-is-layout-flow\" style=\"flex-basis:55%\">\n\n\n<h3 class=\"wp-block-heading has-plum-color has-text-color\">Env\u00edanos un mensaje<\/h3>\n\n\n\n<p class=\"has-text-secondary-color has-text-color has-small-font-size\">Rellena el formulario a continuaci\u00f3n y nos pondremos en contacto contigo lo antes posible.<\/p>\n\n\n\n<form action=\"mailto:hello@escaperoomgeeks.com\" method=\"post\" enctype=\"text\/plain\" class=\"erg-contact-form\" data-trp-original-action=\"mailto:hello@escaperoomgeeks.com\">\n<label for=\"erg-name\">Nombre completo<\/label>\n<input type=\"text\" id=\"erg-name\" name=\"name\" required placeholder=\"Su nombre\">\n<label for=\"erg-email\">Correo electr\u00f3nico<\/label>\n<input type=\"email\" id=\"erg-email\" name=\"email\" required placeholder=\"your@email.com\">\n<label for=\"erg-subject\">Sujeto<\/label>\n<input type=\"text\" id=\"erg-subject\" name=\"subject\" placeholder=\"\u00bfC\u00f3mo podemos ayudar?\">\n<label for=\"erg-message\">Mensaje<\/label>\n<textarea id=\"erg-message\" name=\"message\" rows=\"5\" required placeholder=\"Tu mensaje...\"><\/textarea>\n<button type=\"submit\">Enviar mensaje<\/button>\n<input type=\"hidden\" name=\"trp-form-language\" value=\"es\"\/><\/form>\n\n\n<\/div>\n\n\n<\/div>\n\n\n\n<div class=\"wp-block-group alignfull is-layout-flow wp-block-group-is-layout-flow\">\n<div class=\"convertkit-form wp-block-convertkit-form\" style=\"\"><script async data-uid=\"f68d5319e1\" src=\"https:\/\/unique-builder-1776.kit.com\/f68d5319e1\/index.js\" data-jetpack-boost=\"ignore\" data-no-defer=\"1\" nowprocket><\/script><\/div>\n\n<\/div>","protected":false},"excerpt":{"rendered":"<p>Chatea con nosotros Siempre puedes enviarnos un correo electr\u00f3nico y contarnos qu\u00e9 te preocupa. hello@escaperoomgeeks.com Vis\u00edtanos 1309 Coffeen Avenue Str 1200, Sheridan, Wyoming, 82801, EE. UU. Env\u00edanos un mensaje Completa el formulario a continuaci\u00f3n y te responderemos lo antes posible. Nombre completo Correo electr\u00f3nico Asunto Mensaje Enviar mensaje<\/p>","protected":false},"author":1,"featured_media":0,"parent":0,"menu_order":0,"comment_status":"closed","ping_status":"closed","template":"","meta":{"_seopress_robots_primary_cat":"","_seopress_titles_title":"","_seopress_titles_desc":"","_seopress_robots_index":"","footnotes":""},"class_list":["post-81288","page","type-page","status-publish","hentry"],"_links":{"self":[{"href":"https:\/\/escaperoomgeeks.com\/es\/wp-json\/wp\/v2\/pages\/81288","targetHints":{"allow":["GET"]}}],"collection":[{"href":"https:\/\/escaperoomgeeks.com\/es\/wp-json\/wp\/v2\/pages"}],"about":[{"href":"https:\/\/escaperoomgeeks.com\/es\/wp-json\/wp\/v2\/types\/page"}],"author":[{"embeddable":true,"href":"https:\/\/escaperoomgeeks.com\/es\/wp-json\/wp\/v2\/users\/1"}],"replies":[{"embeddable":true,"href":"https:\/\/escaperoomgeeks.com\/es\/wp-json\/wp\/v2\/comments?post=81288"}],"version-history":[{"count":21,"href":"https:\/\/escaperoomgeeks.com\/es\/wp-json\/wp\/v2\/pages\/81288\/revisions"}],"predecessor-version":[{"id":117837,"href":"https:\/\/escaperoomgeeks.com\/es\/wp-json\/wp\/v2\/pages\/81288\/revisions\/117837"}],"wp:attachment":[{"href":"https:\/\/escaperoomgeeks.com\/es\/wp-json\/wp\/v2\/media?parent=81288"}],"curies":[{"name":"wp","href":"https:\/\/api.w.org\/{rel}","templated":true}]}}