{"id":81254,"date":"2024-11-25T14:52:29","date_gmt":"2024-11-25T13:52:29","guid":{"rendered":"https:\/\/escaperoomgeeks.com\/?page_id=81254"},"modified":"2026-03-20T19:54:33","modified_gmt":"2026-03-20T18:54:33","slug":"about","status":"publish","type":"page","link":"https:\/\/escaperoomgeeks.com\/fr\/about\/","title":{"rendered":"\u00c0 propos de Nous"},"content":{"rendered":"<div class=\"wp-block-group alignfull erg-noise-overlay has-background has-global-padding is-layout-constrained wp-container-core-group-is-layout-714f0338 wp-block-group-is-layout-constrained\" style=\"background:linear-gradient(135deg, var(--wp--preset--color--plum) 0%, var(--wp--preset--color--plum-dark) 100%)\">\n\n\n<h2 class=\"wp-block-heading has-text-align-center has-white-color has-text-color\" style=\"font-size:clamp(2rem, 5vw, 3rem);font-weight:800\">Notre histoire<\/h2>\n\n\n\n<p class=\"has-text-align-center has-terracotta-light-color has-text-color\" style=\"font-size:clamp(0.875rem, 0.875rem + ((1vw - 0.2rem) * 0.417), 1.125rem);\">Les personnes \u00e0 l&#039;origine des \u00e9nigmes<\/p>\n\n\n<\/div>\n\n\n\n<div class=\"wp-block-group alignfull has-global-padding is-layout-constrained wp-container-core-group-is-layout-de55147f wp-block-group-is-layout-constrained\">\n\n\n<p class=\"has-text-secondary-color has-text-color has-body-font-family\" style=\"font-size:clamp(0.875rem, 0.875rem + ((1vw - 0.2rem) * 0.313), 1.063rem);line-height:1.8\">Dans un appartement chaleureux, orn\u00e9 d&#039;\u00e9nigmes \u00e9nigmatiques et d&#039;indices cach\u00e9s, un groupe d&#039;amis a fait une d\u00e9couverte hors du commun. Il ne s&#039;agissait pas d&#039;un appartement ordinaire, mais d&#039;un escape game, con\u00e7u avec soin pour un \u00e9change de cadeaux de No\u00ebl. Au milieu des rires, des moments d&#039;illumination et de la camaraderie de cette soir\u00e9e, une id\u00e9e a germ\u00e9\u00a0: \u201c\u00a0Pourquoi ne pas partager cette exp\u00e9rience palpitante avec le monde entier\u00a0?\u00a0\u201d<\/p>\n\n\n\n<p class=\"has-text-secondary-color has-text-color has-body-font-family\" style=\"font-size:clamp(0.875rem, 0.875rem + ((1vw - 0.2rem) * 0.313), 1.063rem);line-height:1.8\">Ainsi, <strong style=\"color:var(--wp--preset--color--plum)\">Escape Room Geeks<\/strong> est n\u00e9 notre concept. Nous transformons votre salon en un monde palpitant de myst\u00e8re et d&#039;aventure. Nos jeux d&#039;\u00e9vasion \u00e0 imprimer sont le fruit d&#039;une v\u00e9ritable passion, con\u00e7us avec minutie par notre talentueuse \u00e9quipe\u00a0: ils sont pens\u00e9s pour vous mettre au d\u00e9fi, vous divertir et, surtout, vous faire vivre des moments inoubliables.<\/p>\n\n\n\n<figure class=\"wp-block-image aligncenter size-large\" style=\"border-radius:16px\"><img decoding=\"async\" src=\"https:\/\/escaperoomgeeks.com\/wp-content\/uploads\/2024\/07\/Legacy-Bundle-All-11-games-859x1024.png\" alt=\"Tous les jeux d&#039;\u00e9vasion propos\u00e9s par Escape Room Geeks\"\/><\/figure>\n\n\n<\/div>\n\n\n\n<div class=\"wp-block-group alignfull has-cream-dark-background-color has-background has-global-padding is-layout-constrained wp-container-core-group-is-layout-b9635ea3 wp-block-group-is-layout-constrained\">\n\n\n<h2 class=\"wp-block-heading has-text-align-center has-plum-color has-text-color has-heading-font-family\" style=\"font-style:normal;font-weight:700;margin-bottom:var(--wp--preset--spacing--20)\">Rencontrez les geeks<\/h2>\n\n\n\n<p class=\"has-text-align-center has-text-secondary-color has-text-color\" style=\"margin-bottom:var(--wp--preset--spacing--60)\">Les esprits cr\u00e9atifs qui fa\u00e7onnent votre prochaine aventure<\/p>\n\n\n\n<div class=\"wp-block-columns is-layout-flex wp-container-core-columns-is-layout-549b0c86 wp-block-columns-is-layout-flex\">\n\n\n<div class=\"wp-block-column is-layout-flow wp-block-column-is-layout-flow\">\n\n<div class=\"wp-block-group has-white-background-color has-background has-global-padding is-layout-constrained wp-container-core-group-is-layout-f90d3be4 wp-block-group-is-layout-constrained\" style=\"border-radius:16px\">\n\n<figure class=\"wp-block-image aligncenter size-medium is-resized is-style-rounded\"><img loading=\"lazy\" decoding=\"async\" src=\"https:\/\/escaperoomgeeks.com\/wp-content\/uploads\/2024\/12\/about-us-ivan.png\" alt=\"Ivan Vulgarakis\" style=\"border-radius:50%;width:140px;height:140px\" width=\"140\" height=\"140\"\/><\/figure>\n\n\n<h3 class=\"wp-block-heading has-text-align-center has-plum-color has-text-color has-heading-font-family\" style=\"font-size:clamp(0.875rem, 0.875rem + ((1vw - 0.2rem) * 0.417), 1.125rem);margin-bottom:0.25rem\">Ivan Vulgarakis<\/h3>\n\n\n<p class=\"has-text-align-center has-terracotta-color has-text-color has-heading-font-family\" style=\"font-size:0.8125rem;font-style:italic;font-weight:600;margin-bottom:var(--wp--preset--spacing--20)\">Concepteur de jeux<\/p>\n\n\n<p class=\"has-text-align-center has-text-secondary-color has-text-color has-body-font-family\" style=\"font-size:0.875rem\">Le cerveau derri\u00e8re nos jeux. Ivan transforme des id\u00e9es fantaisistes en \u00e9nigmes fascinantes.<\/p>\n\n<\/div>\n\n<\/div>\n\n\n\n<div class=\"wp-block-column is-layout-flow wp-block-column-is-layout-flow\">\n\n<div class=\"wp-block-group has-white-background-color has-background has-global-padding is-layout-constrained wp-container-core-group-is-layout-f90d3be4 wp-block-group-is-layout-constrained\" style=\"border-radius:16px\">\n\n<figure class=\"wp-block-image aligncenter size-medium is-resized is-style-rounded\"><img loading=\"lazy\" decoding=\"async\" src=\"https:\/\/escaperoomgeeks.com\/wp-content\/uploads\/2024\/12\/about-us-andrej.png\" alt=\"Andrej Vulgarakis\" style=\"border-radius:50%;width:140px;height:140px\" width=\"140\" height=\"140\"\/><\/figure>\n\n\n<h3 class=\"wp-block-heading has-text-align-center has-plum-color has-text-color has-heading-font-family\" style=\"font-size:clamp(0.875rem, 0.875rem + ((1vw - 0.2rem) * 0.417), 1.125rem);margin-bottom:0.25rem\">Andrej Vulgarakis<\/h3>\n\n\n<p class=\"has-text-align-center has-terracotta-color has-text-color has-heading-font-family\" style=\"font-size:0.8125rem;font-style:italic;font-weight:600;margin-bottom:var(--wp--preset--spacing--20)\">graphiste<\/p>\n\n\n<p class=\"has-text-align-center has-text-secondary-color has-text-color has-body-font-family\" style=\"font-size:0.875rem\">Andrej veille \u00e0 ce que nos jeux soient non seulement amusants, mais aussi visuellement \u00e9poustouflants. Ses cr\u00e9ations donnent vie \u00e0 nos jeux.<\/p>\n\n<\/div>\n\n<\/div>\n\n\n\n<div class=\"wp-block-column is-layout-flow wp-block-column-is-layout-flow\">\n\n<div class=\"wp-block-group has-white-background-color has-background has-global-padding is-layout-constrained wp-container-core-group-is-layout-f90d3be4 wp-block-group-is-layout-constrained\" style=\"border-radius:16px\">\n\n<figure class=\"wp-block-image aligncenter size-medium is-resized is-style-rounded\"><img loading=\"lazy\" decoding=\"async\" src=\"https:\/\/escaperoomgeeks.com\/wp-content\/uploads\/2026\/03\/nikola-gulevski.jpg\" alt=\"Nikola Goulevski\" style=\"border-radius:50%;width:140px;height:140px;object-fit:cover\" width=\"140\" height=\"140\"\/><\/figure>\n\n\n<h3 class=\"wp-block-heading has-text-align-center has-plum-color has-text-color has-heading-font-family\" style=\"font-size:clamp(0.875rem, 0.875rem + ((1vw - 0.2rem) * 0.417), 1.125rem);margin-bottom:0.25rem\">Nikola Goulevski<\/h3>\n\n\n<p class=\"has-text-align-center has-terracotta-color has-text-color has-heading-font-family\" style=\"font-size:0.8125rem;font-style:italic;font-weight:600;margin-bottom:var(--wp--preset--spacing--20)\">Responsable marketing de croissance<\/p>\n\n\n<p class=\"has-text-align-center has-text-secondary-color has-text-color has-body-font-family\" style=\"font-size:0.875rem\">Notre expert en communication. Nikola s&#039;assure que le monde entier soit au courant des surprises que nous pr\u00e9parons.<\/p>\n\n<\/div>\n\n<\/div>\n\n\n<\/div>\n\n\n\n<div class=\"wp-block-columns is-layout-flex wp-container-core-columns-is-layout-e60ae277 wp-block-columns-is-layout-flex\" style=\"margin-top:var(--wp--preset--spacing--30)\">\n\n\n<div class=\"wp-block-column is-layout-flow wp-block-column-is-layout-flow\">\n\n<div class=\"wp-block-group has-white-background-color has-background has-global-padding is-layout-constrained wp-container-core-group-is-layout-f90d3be4 wp-block-group-is-layout-constrained\" style=\"border-radius:16px\">\n\n<figure class=\"wp-block-image aligncenter size-medium is-resized is-style-rounded\"><img loading=\"lazy\" decoding=\"async\" src=\"https:\/\/escaperoomgeeks.com\/wp-content\/uploads\/2024\/12\/about-us-nina.png\" alt=\"Nina Vrondelieva\" style=\"border-radius:50%;width:140px;height:140px\" width=\"140\" height=\"140\"\/><\/figure>\n\n\n<h3 class=\"wp-block-heading has-text-align-center has-plum-color has-text-color has-heading-font-family\" style=\"font-size:clamp(0.875rem, 0.875rem + ((1vw - 0.2rem) * 0.417), 1.125rem);margin-bottom:0.25rem\">Nina Vrondelieva<\/h3>\n\n\n<p class=\"has-text-align-center has-terracotta-color has-text-color has-heading-font-family\" style=\"font-size:0.8125rem;font-style:italic;font-weight:600;margin-bottom:var(--wp--preset--spacing--20)\">Assistant<\/p>\n\n\n<p class=\"has-text-align-center has-text-secondary-color has-text-color has-body-font-family\" style=\"font-size:0.875rem\">Nina assure le bon fonctionnement de notre entreprise. Elle est le pilier qui soutient nos projets cr\u00e9atifs.<\/p>\n\n<\/div>\n\n<\/div>\n\n\n\n<div class=\"wp-block-column is-layout-flow wp-block-column-is-layout-flow\">\n\n<div class=\"wp-block-group has-white-background-color has-background has-global-padding is-layout-constrained wp-container-core-group-is-layout-f90d3be4 wp-block-group-is-layout-constrained\" style=\"border-radius:16px\">\n\n<figure class=\"wp-block-image aligncenter size-medium is-resized is-style-rounded\"><img loading=\"lazy\" decoding=\"async\" src=\"https:\/\/escaperoomgeeks.com\/wp-content\/uploads\/2024\/12\/about-us-andreas.png\" alt=\"Andr\u00e9as Boye\" style=\"border-radius:50%;width:140px;height:140px\" width=\"140\" height=\"140\"\/><\/figure>\n\n\n<h3 class=\"wp-block-heading has-text-align-center has-plum-color has-text-color has-heading-font-family\" style=\"font-size:clamp(0.875rem, 0.875rem + ((1vw - 0.2rem) * 0.417), 1.125rem);margin-bottom:0.25rem\">Andr\u00e9as Boye<\/h3>\n\n\n<p class=\"has-text-align-center has-terracotta-color has-text-color has-heading-font-family\" style=\"font-size:0.8125rem;font-style:italic;font-weight:600;margin-bottom:var(--wp--preset--spacing--20)\">Concepteur de jeux<\/p>\n\n\n<p class=\"has-text-align-center has-text-secondary-color has-text-color has-body-font-family\" style=\"font-size:0.875rem\">Andreas co-con\u00e7oit nos jeux. Son esprit inventif nous r\u00e9serve toujours des surprises.<\/p>\n\n<\/div>\n\n<\/div>\n\n\n\n<div class=\"wp-block-column is-layout-flow wp-block-column-is-layout-flow\">\n\n<div class=\"wp-block-group has-white-background-color has-background has-global-padding is-layout-constrained wp-container-core-group-is-layout-f90d3be4 wp-block-group-is-layout-constrained\" style=\"border-radius:16px\">\n\n<figure class=\"wp-block-image aligncenter size-medium is-resized is-style-rounded\"><img loading=\"lazy\" decoding=\"async\" src=\"https:\/\/escaperoomgeeks.com\/wp-content\/uploads\/2024\/12\/about-us-kaliopi.png\" alt=\"Kaliopi Trpcheva\" style=\"border-radius:50%;width:140px;height:140px\" width=\"140\" height=\"140\"\/><\/figure>\n\n\n<h3 class=\"wp-block-heading has-text-align-center has-plum-color has-text-color has-heading-font-family\" style=\"font-size:clamp(0.875rem, 0.875rem + ((1vw - 0.2rem) * 0.417), 1.125rem);margin-bottom:0.25rem\">Kaliopi Trpcheva<\/h3>\n\n\n<p class=\"has-text-align-center has-terracotta-color has-text-color has-heading-font-family\" style=\"font-size:0.8125rem;font-style:italic;font-weight:600;margin-bottom:var(--wp--preset--spacing--20)\">Concepteur artistique<\/p>\n\n\n<p class=\"has-text-align-center has-text-secondary-color has-text-color has-body-font-family\" style=\"font-size:0.875rem\">Kaliopi transforme chaque escape room en un monde v\u00e9ritablement immersif et visuellement captivant.<\/p>\n\n<\/div>\n\n<\/div>\n\n\n<\/div>\n\n\n\n<div class=\"wp-block-columns is-layout-flex wp-container-core-columns-is-layout-e60ae277 wp-block-columns-is-layout-flex\" style=\"margin-top:var(--wp--preset--spacing--30)\">\n\n\n<div class=\"wp-block-column is-layout-flow wp-block-column-is-layout-flow\">\n\n<div class=\"wp-block-group has-white-background-color has-background has-global-padding is-layout-constrained wp-container-core-group-is-layout-f90d3be4 wp-block-group-is-layout-constrained\" style=\"border-radius:16px\">\n\n<figure class=\"wp-block-image aligncenter size-medium is-resized is-style-rounded\"><img loading=\"lazy\" decoding=\"async\" src=\"https:\/\/escaperoomgeeks.com\/wp-content\/uploads\/2024\/12\/about-us-natasa.png\" alt=\"Natasa Andonova\" style=\"border-radius:50%;width:140px;height:140px\" width=\"140\" height=\"140\"\/><\/figure>\n\n\n<h3 class=\"wp-block-heading has-text-align-center has-plum-color has-text-color has-heading-font-family\" style=\"font-size:clamp(0.875rem, 0.875rem + ((1vw - 0.2rem) * 0.417), 1.125rem);margin-bottom:0.25rem\">Natasa Andonova<\/h3>\n\n\n<p class=\"has-text-align-center has-terracotta-color has-text-color has-heading-font-family\" style=\"font-size:0.8125rem;font-style:italic;font-weight:600;margin-bottom:var(--wp--preset--spacing--20)\">Concepteur artistique<\/p>\n\n\n<p class=\"has-text-align-center has-text-secondary-color has-text-color has-body-font-family\" style=\"font-size:0.875rem\">Natasa apporte une touche d&#039;originalit\u00e9 gr\u00e2ce \u00e0 ses cr\u00e9ations artistiques saisissantes, donnant profondeur et style \u00e0 chaque exp\u00e9rience d&#039;escape game.<\/p>\n\n<\/div>\n\n<\/div>\n\n\n\n<div class=\"wp-block-column is-layout-flow wp-block-column-is-layout-flow\"><\/div>\n\n\n\n<div class=\"wp-block-column is-layout-flow wp-block-column-is-layout-flow\"><\/div>\n\n\n<\/div>\n\n\n<\/div>\n\n\n\n<div class=\"wp-block-group alignfull has-global-padding is-layout-constrained wp-container-core-group-is-layout-de55147f wp-block-group-is-layout-constrained\">\n\n\n<p class=\"has-text-secondary-color has-text-color has-body-font-family\" style=\"font-size:clamp(0.875rem, 0.875rem + ((1vw - 0.2rem) * 0.313), 1.063rem);line-height:1.8\">Nous sommes bien plus qu&#039;une simple \u00e9quipe\u00a0: nous sommes des passionn\u00e9s d&#039;escape games qui s&#039;efforcent de cr\u00e9er des \u00e9nigmes exceptionnelles, alliant graphisme, narration, conception de jeu et direction artistique de haute qualit\u00e9. Nous ne nous contentons pas de cr\u00e9er des jeux, nous cr\u00e9ons des exp\u00e9riences qui captivent votre imagination.<\/p>\n\n\n\n<p class=\"has-text-secondary-color has-text-color has-body-font-family\" style=\"font-size:clamp(0.875rem, 0.875rem + ((1vw - 0.2rem) * 0.313), 1.063rem);line-height:1.8\">Escape Room Geeks, c&#039;est bien plus que des jeux amusants\u00a0: c&#039;est rassembler les gens, promouvoir la culture des escape games et \u00e9veiller la curiosit\u00e9 et l&#039;imagination de chacun. O\u00f9 que vous soyez et qui que vous soyez, nous vous invitons \u00e0 d\u00e9couvrir un monde de divertissement directement dans votre salon.<\/p>\n\n\n\n<p class=\"has-text-align-center has-terracotta-color has-text-color has-heading-font-family\" style=\"font-size:clamp(0.875rem, 0.875rem + ((1vw - 0.2rem) * 0.625), 1.25rem);font-style:italic;font-weight:600;line-height:1.8;margin-top:var(--wp--preset--spacing--40)\">Pr\u00eats \u00e0 passer un super moment ? Bienvenue chez Escape Room Geeks \u2014 que le jeu commence !<\/p>\n\n\n<\/div>","protected":false},"excerpt":{"rendered":"<p>Our Story The people behind the puzzles In a cozy apartment decked with enigmatic puzzles and hidden clues, a group of friends stumbled upon a thrill like no other. This was no ordinary apartment, it was an escape room, lovingly crafted for a secret Santa surprise. Amidst the laughter, the &#8220;aha!&#8221; moments, and the camaraderie [&hellip;]<\/p>\n","protected":false},"author":1,"featured_media":0,"parent":0,"menu_order":0,"comment_status":"closed","ping_status":"closed","template":"","meta":{"_seopress_robots_primary_cat":"","_seopress_titles_title":"","_seopress_titles_desc":"Meet the team behind Escape Room Geeks. We design printable escape room kits that bring families together through puzzles, teamwork, and unforgettable adventures.","_seopress_robots_index":"","footnotes":""},"class_list":["post-81254","page","type-page","status-publish","hentry"],"_links":{"self":[{"href":"https:\/\/escaperoomgeeks.com\/fr\/wp-json\/wp\/v2\/pages\/81254","targetHints":{"allow":["GET"]}}],"collection":[{"href":"https:\/\/escaperoomgeeks.com\/fr\/wp-json\/wp\/v2\/pages"}],"about":[{"href":"https:\/\/escaperoomgeeks.com\/fr\/wp-json\/wp\/v2\/types\/page"}],"author":[{"embeddable":true,"href":"https:\/\/escaperoomgeeks.com\/fr\/wp-json\/wp\/v2\/users\/1"}],"replies":[{"embeddable":true,"href":"https:\/\/escaperoomgeeks.com\/fr\/wp-json\/wp\/v2\/comments?post=81254"}],"version-history":[{"count":34,"href":"https:\/\/escaperoomgeeks.com\/fr\/wp-json\/wp\/v2\/pages\/81254\/revisions"}],"predecessor-version":[{"id":118576,"href":"https:\/\/escaperoomgeeks.com\/fr\/wp-json\/wp\/v2\/pages\/81254\/revisions\/118576"}],"wp:attachment":[{"href":"https:\/\/escaperoomgeeks.com\/fr\/wp-json\/wp\/v2\/media?parent=81254"}],"curies":[{"name":"wp","href":"https:\/\/api.w.org\/{rel}","templated":true}]}}