{"id":81281,"date":"2024-11-25T15:37:36","date_gmt":"2024-11-25T14:37:36","guid":{"rendered":"https:\/\/escaperoomgeeks.com\/?page_id=81281"},"modified":"2026-03-19T11:08:34","modified_gmt":"2026-03-19T10:08:34","slug":"faq","status":"publish","type":"page","link":"https:\/\/escaperoomgeeks.com\/fr\/faq\/","title":{"rendered":"FAQ"},"content":{"rendered":"<!-- PAGE 3: FAQ (ID 81281) -->\n\n\n<div class=\"wp-block-group has-cream-dark-background-color has-background has-global-padding is-layout-constrained wp-container-core-group-is-layout-b8ebdb26 wp-block-group-is-layout-constrained\" style=\"padding-top:var(--wp--preset--spacing--60);padding-right:var(--wp--preset--spacing--40);padding-bottom:var(--wp--preset--spacing--60);padding-left:var(--wp--preset--spacing--40)\">\n\n\n<h2 class=\"wp-block-heading has-text-align-center has-plum-color has-text-color has-heading-font-family\" style=\"font-style:normal;font-weight:700;margin-bottom:var(--wp--preset--spacing--20)\">Foire aux questions<\/h2>\n\n\n\n<p class=\"has-text-align-center has-text-secondary-color has-text-color has-body-font-family\" style=\"margin-bottom:var(--wp--preset--spacing--50)\">Tout ce que vous devez savoir sur nos jeux d&#039;\u00e9vasion imprimables.<\/p>\n\n\n\n<details class=\"wp-block-details has-body-font-family is-layout-flow wp-block-details-is-layout-flow\" style=\"border-bottom-color:var(--wp--preset--color--sage);border-bottom-width:1px;padding-top:var(--wp--preset--spacing--20);padding-right:var(--wp--preset--spacing--30);padding-bottom:var(--wp--preset--spacing--20);padding-left:var(--wp--preset--spacing--30)\">\n<summary><strong>Qu&#039;est-ce qu&#039;un kit d&#039;escape game imprimable\u00a0?<\/strong><\/summary>\n\n<p class=\"has-text-secondary-color has-text-color has-body-font-family\">Ces jeux constituent un m\u00e9lange parfait entre jeu de soci\u00e9t\u00e9 et jeu d'\u00e9vasion, pouvant \u00eatre jou\u00e9 n'importe o\u00f9 ! Tout ce que vous avez \u00e0 faire est d'imprimer le fichier du jeu et de l'installer rapidement. Les enfants vont ensuite devoir coop\u00e9rer pour r\u00e9soudre les \u00e9nigmes et accomplir leur mission en un temps limit\u00e9.<\/p>\n\n<\/details>\n\n\n\n<details class=\"wp-block-details has-body-font-family is-layout-flow wp-block-details-is-layout-flow\" style=\"border-bottom-color:var(--wp--preset--color--sage);border-bottom-width:1px;padding-top:var(--wp--preset--spacing--20);padding-right:var(--wp--preset--spacing--30);padding-bottom:var(--wp--preset--spacing--20);padding-left:var(--wp--preset--spacing--30)\">\n<summary><strong>J&#039;ai effectu\u00e9 un achat mais je n&#039;ai rien re\u00e7u par e-mail !<\/strong><\/summary>\n\n<p class=\"has-text-secondary-color has-text-color has-body-font-family\">Cela se produit g\u00e9n\u00e9ralement lorsque l&#039;adresse e-mail est mal saisie. Veuillez nous contacter \u00e0 l&#039;adresse suivante\u00a0: <a href=\"mailto:hello@escaperoomgeeks.com\">hello@escaperoomgeeks.com<\/a> et nous modifierons votre commande.<\/p>\n\n<\/details>\n\n\n\n<details class=\"wp-block-details has-body-font-family is-layout-flow wp-block-details-is-layout-flow\" style=\"border-bottom-color:var(--wp--preset--color--sage);border-bottom-width:1px;padding-top:var(--wp--preset--spacing--20);padding-right:var(--wp--preset--spacing--30);padding-bottom:var(--wp--preset--spacing--20);padding-left:var(--wp--preset--spacing--30)\">\n<summary><strong>Combien de fois puis-je imprimer le jeu?<\/strong><\/summary>\n\n<p class=\"has-text-secondary-color has-text-color has-body-font-family\">Autant de fois que vous le souhaitez ! M\u00eame apr\u00e8s des ann\u00e9es, vous pouvez imprimer le jeu et il aura toujours l'air comme neuf.<\/p>\n\n<\/details>\n\n\n\n<details class=\"wp-block-details has-body-font-family is-layout-flow wp-block-details-is-layout-flow\" style=\"border-bottom-color:var(--wp--preset--color--sage);border-bottom-width:1px;padding-top:var(--wp--preset--spacing--20);padding-right:var(--wp--preset--spacing--30);padding-bottom:var(--wp--preset--spacing--20);padding-left:var(--wp--preset--spacing--30)\">\n<summary><strong>Droits d&#039;auteur d&#039;impression ?<\/strong><\/summary>\n\n<p class=\"has-text-secondary-color has-text-color has-body-font-family\">Aucun probl\u00e8me ! Vous pouvez l&#039;imprimer dans une imprimerie avec votre re\u00e7u d&#039;achat. Nous pouvons vous fournir un formulaire d&#039;autorisation de reproduction sur demande.<\/p>\n\n<\/details>\n\n\n\n<details class=\"wp-block-details has-body-font-family is-layout-flow wp-block-details-is-layout-flow\" style=\"border-bottom-color:var(--wp--preset--color--sage);border-bottom-width:1px;padding-top:var(--wp--preset--spacing--20);padding-right:var(--wp--preset--spacing--30);padding-bottom:var(--wp--preset--spacing--20);padding-left:var(--wp--preset--spacing--30)\">\n<summary><strong>O\u00f9 puis-je t\u00e9l\u00e9charger mon jeu?<\/strong><\/summary>\n\n<p class=\"has-text-secondary-color has-text-color has-body-font-family\">Trois m\u00e9thodes de t\u00e9l\u00e9chargement\u00a0: par e-mail depuis <a href=\"mailto:hello@escaperoomgeeks.com\">hello@escaperoomgeeks.com<\/a>, sur la page de confirmation d&#039;achat, ou depuis votre page Mon compte.<\/p>\n\n<\/details>\n\n\n\n<details class=\"wp-block-details has-body-font-family is-layout-flow wp-block-details-is-layout-flow\" style=\"border-bottom-color:var(--wp--preset--color--sage);border-bottom-width:1px;padding-top:var(--wp--preset--spacing--20);padding-right:var(--wp--preset--spacing--30);padding-bottom:var(--wp--preset--spacing--20);padding-left:var(--wp--preset--spacing--30)\">\n<summary><strong>Comment puis-je obtenir un remboursement?<\/strong><\/summary>\n\n<p class=\"has-text-secondary-color has-text-color has-body-font-family\">Nous sommes presque certains que vous allez adorer nos jeux, mais si toutefois vous n&#039;\u00eates pas enti\u00e8rement satisfait, vous recevrez un remboursement int\u00e9gral sous 48 heures, sans aucune question.<\/p>\n\n<\/details>\n\n\n\n<details class=\"wp-block-details has-body-font-family is-layout-flow wp-block-details-is-layout-flow\" style=\"border-bottom-color:var(--wp--preset--color--sage);border-bottom-width:1px;padding-top:var(--wp--preset--spacing--20);padding-right:var(--wp--preset--spacing--30);padding-bottom:var(--wp--preset--spacing--20);padding-left:var(--wp--preset--spacing--30)\">\n<summary><strong>Puis-je partager le jeu avec mes amis\/famille?<\/strong><\/summary>\n\n<p class=\"has-text-secondary-color has-text-color has-body-font-family\">Bien s\u00fbr, vous pouvez partager le jeu avec vos proches. Tant que vous ne le partagez pas avec tout le monde et que vous ne le vendez pas, cela ne nous pose aucun probl\u00e8me.<\/p>\n\n<\/details>\n\n\n\n<details class=\"wp-block-details has-body-font-family is-layout-flow wp-block-details-is-layout-flow\" style=\"border-bottom-color:var(--wp--preset--color--sage);border-bottom-width:1px;padding-top:var(--wp--preset--spacing--20);padding-right:var(--wp--preset--spacing--30);padding-bottom:var(--wp--preset--spacing--20);padding-left:var(--wp--preset--spacing--30)\">\n<summary><strong>Puis-je revendre le jeu ?<\/strong><\/summary>\n\n<p class=\"has-text-secondary-color has-text-color has-body-font-family\">Vous n&#039;\u00eates pas autoris\u00e9 \u00e0 revendre, \u00e0 t\u00e9l\u00e9charger sur des plateformes de partage de fichiers, ni \u00e0 modifier ce contenu et \u00e0 vous l&#039;approprier. Contactez-nous pour obtenir une licence commerciale.<\/p>\n\n<\/details>\n\n\n\n<details class=\"wp-block-details has-body-font-family is-layout-flow wp-block-details-is-layout-flow\" style=\"border-bottom-color:var(--wp--preset--color--sage);border-bottom-width:1px;padding-top:var(--wp--preset--spacing--20);padding-right:var(--wp--preset--spacing--30);padding-bottom:var(--wp--preset--spacing--20);padding-left:var(--wp--preset--spacing--30)\">\n<summary><strong>Peut-on l'offrir \u00e0 quelqu'un ?<\/strong><\/summary>\n\n<p class=\"has-text-secondary-color has-text-color has-body-font-family\">Bien s\u00fbr, allez-y, faites une surprise \u00e0 quelqu'un d'autre ! C\u2019est un excellent cadeau.<\/p>\n\n<\/details>\n\n\n\n<details class=\"wp-block-details has-body-font-family is-layout-flow wp-block-details-is-layout-flow\" style=\"border-bottom-color:var(--wp--preset--color--sage);border-bottom-width:1px;padding-top:var(--wp--preset--spacing--20);padding-right:var(--wp--preset--spacing--30);padding-bottom:var(--wp--preset--spacing--20);padding-left:var(--wp--preset--spacing--30)\">\n<summary><strong>Quelqu'un a-t-il essay\u00e9?<\/strong><\/summary>\n\n<p class=\"has-text-secondary-color has-text-color has-body-font-family\">Oui ! Nous avons de nombreux avis clients positifs. Consultez notre page d&#039;avis pour lire les t\u00e9moignages.<\/p>\n\n<\/details>\n\n\n\n<details class=\"wp-block-details has-body-font-family is-layout-flow wp-block-details-is-layout-flow\" style=\"border-bottom-color:var(--wp--preset--color--sage);border-bottom-width:1px;padding-top:var(--wp--preset--spacing--20);padding-right:var(--wp--preset--spacing--30);padding-bottom:var(--wp--preset--spacing--20);padding-left:var(--wp--preset--spacing--30)\">\n<summary><strong>Puis-je facturer mes clients pour l'exp\u00e9rience d\u2019escape game ?<\/strong><\/summary>\n\n<p class=\"has-text-secondary-color has-text-color has-body-font-family\">Une licence de jeu est requise pour une utilisation commerciale, une mise en \u0153uvre \u00e0 l&#039;\u00e9chelle de l&#039;\u00e9tablissement scolaire ou des activit\u00e9s destin\u00e9es aux m\u00e9c\u00e8nes.<\/p>\n\n<\/details>\n\n\n<\/div>","protected":false},"excerpt":{"rendered":"<p>Foire aux questions\u00a0: Tout ce que vous devez savoir sur nos jeux d\u2019\u00e9vasion imprimables.<\/p>","protected":false},"author":1,"featured_media":0,"parent":0,"menu_order":0,"comment_status":"closed","ping_status":"closed","template":"","meta":{"_seopress_robots_primary_cat":"","_seopress_titles_title":"","_seopress_titles_desc":"","_seopress_robots_index":"","footnotes":""},"class_list":["post-81281","page","type-page","status-publish","hentry"],"_links":{"self":[{"href":"https:\/\/escaperoomgeeks.com\/fr\/wp-json\/wp\/v2\/pages\/81281","targetHints":{"allow":["GET"]}}],"collection":[{"href":"https:\/\/escaperoomgeeks.com\/fr\/wp-json\/wp\/v2\/pages"}],"about":[{"href":"https:\/\/escaperoomgeeks.com\/fr\/wp-json\/wp\/v2\/types\/page"}],"author":[{"embeddable":true,"href":"https:\/\/escaperoomgeeks.com\/fr\/wp-json\/wp\/v2\/users\/1"}],"replies":[{"embeddable":true,"href":"https:\/\/escaperoomgeeks.com\/fr\/wp-json\/wp\/v2\/comments?post=81281"}],"version-history":[{"count":6,"href":"https:\/\/escaperoomgeeks.com\/fr\/wp-json\/wp\/v2\/pages\/81281\/revisions"}],"predecessor-version":[{"id":117835,"href":"https:\/\/escaperoomgeeks.com\/fr\/wp-json\/wp\/v2\/pages\/81281\/revisions\/117835"}],"wp:attachment":[{"href":"https:\/\/escaperoomgeeks.com\/fr\/wp-json\/wp\/v2\/media?parent=81281"}],"curies":[{"name":"wp","href":"https:\/\/api.w.org\/{rel}","templated":true}]}}