{"id":81254,"date":"2024-11-25T14:52:29","date_gmt":"2024-11-25T13:52:29","guid":{"rendered":"https:\/\/escaperoomgeeks.com\/?page_id=81254"},"modified":"2026-03-20T19:54:33","modified_gmt":"2026-03-20T18:54:33","slug":"about","status":"publish","type":"page","link":"https:\/\/escaperoomgeeks.com\/it\/about\/","title":{"rendered":"Su Di Noi"},"content":{"rendered":"<div class=\"wp-block-group alignfull erg-noise-overlay has-background has-global-padding is-layout-constrained wp-container-core-group-is-layout-714f0338 wp-block-group-is-layout-constrained\" style=\"background:linear-gradient(135deg, var(--wp--preset--color--plum) 0%, var(--wp--preset--color--plum-dark) 100%)\">\n\n\n<h2 class=\"wp-block-heading has-text-align-center has-white-color has-text-color\" style=\"font-size:clamp(2rem, 5vw, 3rem);font-weight:800\">La nostra storia<\/h2>\n\n\n\n<p class=\"has-text-align-center has-terracotta-light-color has-text-color\" style=\"font-size:clamp(0.875rem, 0.875rem + ((1vw - 0.2rem) * 0.417), 1.125rem);\">Le persone che si celano dietro i puzzle<\/p>\n\n\n<\/div>\n\n\n\n<div class=\"wp-block-group alignfull has-global-padding is-layout-constrained wp-container-core-group-is-layout-de55147f wp-block-group-is-layout-constrained\">\n\n\n<p class=\"has-text-secondary-color has-text-color has-body-font-family\" style=\"font-size:clamp(0.875rem, 0.875rem + ((1vw - 0.2rem) * 0.313), 1.063rem);line-height:1.8\">In un accogliente appartamento disseminato di enigmi e indizi nascosti, un gruppo di amici si \u00e8 imbattuto in un&#039;esperienza emozionante senza precedenti. Non si trattava di un appartamento qualunque, bens\u00ec di una escape room, creata con cura per una sorpresa di Babbo Natale segreto. Tra risate, momenti di illuminazione e la convivialit\u00e0 di quella sera, \u00e8 nata un&#039;idea: &quot;Perch\u00e9 non portare questa elettrizzante esperienza nelle case di tutto il mondo?&quot;.\u201c<\/p>\n\n\n\n<p class=\"has-text-secondary-color has-text-color has-body-font-family\" style=\"font-size:clamp(0.875rem, 0.875rem + ((1vw - 0.2rem) * 0.313), 1.063rem);line-height:1.8\">Cos\u00ec, <strong style=\"color:var(--wp--preset--color--plum)\">Escape Room Geek<\/strong> \u00e8 nato. Trasformiamo il tuo salotto in un mondo emozionante di mistero e avventura. I nostri giochi di escape room stampabili sono frutto di passione, creati meticolosamente dal nostro brillante team, pensati per metterti alla prova, divertirti e, soprattutto, creare momenti indimenticabili.<\/p>\n\n\n\n<figure class=\"wp-block-image aligncenter size-large\" style=\"border-radius:16px\"><img decoding=\"async\" src=\"https:\/\/escaperoomgeeks.com\/wp-content\/uploads\/2024\/07\/Legacy-Bundle-All-11-games-859x1024.png\" alt=\"Tutti i giochi di escape room di Escape Room Geeks\"\/><\/figure>\n\n\n<\/div>\n\n\n\n<div class=\"wp-block-group alignfull has-cream-dark-background-color has-background has-global-padding is-layout-constrained wp-container-core-group-is-layout-b9635ea3 wp-block-group-is-layout-constrained\">\n\n\n<h2 class=\"wp-block-heading has-text-align-center has-plum-color has-text-color has-heading-font-family\" style=\"font-style:normal;font-weight:700;margin-bottom:var(--wp--preset--spacing--20)\">Incontra i geek<\/h2>\n\n\n\n<p class=\"has-text-align-center has-text-secondary-color has-text-color\" style=\"margin-bottom:var(--wp--preset--spacing--60)\">Le menti creative che stanno plasmando la tua prossima avventura.<\/p>\n\n\n\n<div class=\"wp-block-columns is-layout-flex wp-container-core-columns-is-layout-549b0c86 wp-block-columns-is-layout-flex\">\n\n\n<div class=\"wp-block-column is-layout-flow wp-block-column-is-layout-flow\">\n\n<div class=\"wp-block-group has-white-background-color has-background has-global-padding is-layout-constrained wp-container-core-group-is-layout-f90d3be4 wp-block-group-is-layout-constrained\" style=\"border-radius:16px\">\n\n<figure class=\"wp-block-image aligncenter size-medium is-resized is-style-rounded\"><img loading=\"lazy\" decoding=\"async\" src=\"https:\/\/escaperoomgeeks.com\/wp-content\/uploads\/2024\/12\/about-us-ivan.png\" alt=\"Ivan Vulgarakis\" style=\"border-radius:50%;width:140px;height:140px\" width=\"140\" height=\"140\"\/><\/figure>\n\n\n<h3 class=\"wp-block-heading has-text-align-center has-plum-color has-text-color has-heading-font-family\" style=\"font-size:clamp(0.875rem, 0.875rem + ((1vw - 0.2rem) * 0.417), 1.125rem);margin-bottom:0.25rem\">Ivan Vulgarakis<\/h3>\n\n\n<p class=\"has-text-align-center has-terracotta-color has-text-color has-heading-font-family\" style=\"font-size:0.8125rem;font-style:italic;font-weight:600;margin-bottom:var(--wp--preset--spacing--20)\">Progettista di giochi<\/p>\n\n\n<p class=\"has-text-align-center has-text-secondary-color has-text-color has-body-font-family\" style=\"font-size:0.875rem\">La mente dietro i nostri giochi. Ivan trasforma idee stravaganti in puzzle avvincenti.<\/p>\n\n<\/div>\n\n<\/div>\n\n\n\n<div class=\"wp-block-column is-layout-flow wp-block-column-is-layout-flow\">\n\n<div class=\"wp-block-group has-white-background-color has-background has-global-padding is-layout-constrained wp-container-core-group-is-layout-f90d3be4 wp-block-group-is-layout-constrained\" style=\"border-radius:16px\">\n\n<figure class=\"wp-block-image aligncenter size-medium is-resized is-style-rounded\"><img loading=\"lazy\" decoding=\"async\" src=\"https:\/\/escaperoomgeeks.com\/wp-content\/uploads\/2024\/12\/about-us-andrej.png\" alt=\"Andrej Vulgarakis\" style=\"border-radius:50%;width:140px;height:140px\" width=\"140\" height=\"140\"\/><\/figure>\n\n\n<h3 class=\"wp-block-heading has-text-align-center has-plum-color has-text-color has-heading-font-family\" style=\"font-size:clamp(0.875rem, 0.875rem + ((1vw - 0.2rem) * 0.417), 1.125rem);margin-bottom:0.25rem\">Andrej Vulgarakis<\/h3>\n\n\n<p class=\"has-text-align-center has-terracotta-color has-text-color has-heading-font-family\" style=\"font-size:0.8125rem;font-style:italic;font-weight:600;margin-bottom:var(--wp--preset--spacing--20)\">Grafico<\/p>\n\n\n<p class=\"has-text-align-center has-text-secondary-color has-text-color has-body-font-family\" style=\"font-size:0.875rem\">Andrej si assicura che i nostri giochi non siano solo divertenti, ma anche visivamente sbalorditivi. I suoi design danno vita ai nostri giochi.<\/p>\n\n<\/div>\n\n<\/div>\n\n\n\n<div class=\"wp-block-column is-layout-flow wp-block-column-is-layout-flow\">\n\n<div class=\"wp-block-group has-white-background-color has-background has-global-padding is-layout-constrained wp-container-core-group-is-layout-f90d3be4 wp-block-group-is-layout-constrained\" style=\"border-radius:16px\">\n\n<figure class=\"wp-block-image aligncenter size-medium is-resized is-style-rounded\"><img loading=\"lazy\" decoding=\"async\" src=\"https:\/\/escaperoomgeeks.com\/wp-content\/uploads\/2026\/03\/nikola-gulevski.jpg\" alt=\"Nikola Gulevski\" style=\"border-radius:50%;width:140px;height:140px;object-fit:cover\" width=\"140\" height=\"140\"\/><\/figure>\n\n\n<h3 class=\"wp-block-heading has-text-align-center has-plum-color has-text-color has-heading-font-family\" style=\"font-size:clamp(0.875rem, 0.875rem + ((1vw - 0.2rem) * 0.417), 1.125rem);margin-bottom:0.25rem\">Nikola Gulevski<\/h3>\n\n\n<p class=\"has-text-align-center has-terracotta-color has-text-color has-heading-font-family\" style=\"font-size:0.8125rem;font-style:italic;font-weight:600;margin-bottom:var(--wp--preset--spacing--20)\">Specialista in marketing per la crescita aziendale<\/p>\n\n\n<p class=\"has-text-align-center has-text-secondary-color has-text-color has-body-font-family\" style=\"font-size:0.875rem\">Siamo dei veri maghi nel diffondere le notizie. Nikola si assicura che il mondo intero sappia del divertimento che stiamo preparando.<\/p>\n\n<\/div>\n\n<\/div>\n\n\n<\/div>\n\n\n\n<div class=\"wp-block-columns is-layout-flex wp-container-core-columns-is-layout-e60ae277 wp-block-columns-is-layout-flex\" style=\"margin-top:var(--wp--preset--spacing--30)\">\n\n\n<div class=\"wp-block-column is-layout-flow wp-block-column-is-layout-flow\">\n\n<div class=\"wp-block-group has-white-background-color has-background has-global-padding is-layout-constrained wp-container-core-group-is-layout-f90d3be4 wp-block-group-is-layout-constrained\" style=\"border-radius:16px\">\n\n<figure class=\"wp-block-image aligncenter size-medium is-resized is-style-rounded\"><img loading=\"lazy\" decoding=\"async\" src=\"https:\/\/escaperoomgeeks.com\/wp-content\/uploads\/2024\/12\/about-us-nina.png\" alt=\"Nina Vrondelieva\" style=\"border-radius:50%;width:140px;height:140px\" width=\"140\" height=\"140\"\/><\/figure>\n\n\n<h3 class=\"wp-block-heading has-text-align-center has-plum-color has-text-color has-heading-font-family\" style=\"font-size:clamp(0.875rem, 0.875rem + ((1vw - 0.2rem) * 0.417), 1.125rem);margin-bottom:0.25rem\">Nina Vrondelieva<\/h3>\n\n\n<p class=\"has-text-align-center has-terracotta-color has-text-color has-heading-font-family\" style=\"font-size:0.8125rem;font-style:italic;font-weight:600;margin-bottom:var(--wp--preset--spacing--20)\">Assistente<\/p>\n\n\n<p class=\"has-text-align-center has-text-secondary-color has-text-color has-body-font-family\" style=\"font-size:0.875rem\">Nina fa s\u00ec che la nostra nave navighi senza intoppi. \u00c8 la colonna portante che sostiene le nostre iniziative creative.<\/p>\n\n<\/div>\n\n<\/div>\n\n\n\n<div class=\"wp-block-column is-layout-flow wp-block-column-is-layout-flow\">\n\n<div class=\"wp-block-group has-white-background-color has-background has-global-padding is-layout-constrained wp-container-core-group-is-layout-f90d3be4 wp-block-group-is-layout-constrained\" style=\"border-radius:16px\">\n\n<figure class=\"wp-block-image aligncenter size-medium is-resized is-style-rounded\"><img loading=\"lazy\" decoding=\"async\" src=\"https:\/\/escaperoomgeeks.com\/wp-content\/uploads\/2024\/12\/about-us-andreas.png\" alt=\"Andreas Boye\" style=\"border-radius:50%;width:140px;height:140px\" width=\"140\" height=\"140\"\/><\/figure>\n\n\n<h3 class=\"wp-block-heading has-text-align-center has-plum-color has-text-color has-heading-font-family\" style=\"font-size:clamp(0.875rem, 0.875rem + ((1vw - 0.2rem) * 0.417), 1.125rem);margin-bottom:0.25rem\">Andreas Boye<\/h3>\n\n\n<p class=\"has-text-align-center has-terracotta-color has-text-color has-heading-font-family\" style=\"font-size:0.8125rem;font-style:italic;font-weight:600;margin-bottom:var(--wp--preset--spacing--20)\">Progettista di giochi<\/p>\n\n\n<p class=\"has-text-align-center has-text-secondary-color has-text-color has-body-font-family\" style=\"font-size:0.875rem\">Andreas \u00e8 co-progettista dei nostri giochi. La sua mente inventiva continua a sorprenderci.<\/p>\n\n<\/div>\n\n<\/div>\n\n\n\n<div class=\"wp-block-column is-layout-flow wp-block-column-is-layout-flow\">\n\n<div class=\"wp-block-group has-white-background-color has-background has-global-padding is-layout-constrained wp-container-core-group-is-layout-f90d3be4 wp-block-group-is-layout-constrained\" style=\"border-radius:16px\">\n\n<figure class=\"wp-block-image aligncenter size-medium is-resized is-style-rounded\"><img loading=\"lazy\" decoding=\"async\" src=\"https:\/\/escaperoomgeeks.com\/wp-content\/uploads\/2024\/12\/about-us-kaliopi.png\" alt=\"Kaliopi Trpcheva\" style=\"border-radius:50%;width:140px;height:140px\" width=\"140\" height=\"140\"\/><\/figure>\n\n\n<h3 class=\"wp-block-heading has-text-align-center has-plum-color has-text-color has-heading-font-family\" style=\"font-size:clamp(0.875rem, 0.875rem + ((1vw - 0.2rem) * 0.417), 1.125rem);margin-bottom:0.25rem\">Kaliopi Trpcheva<\/h3>\n\n\n<p class=\"has-text-align-center has-terracotta-color has-text-color has-heading-font-family\" style=\"font-size:0.8125rem;font-style:italic;font-weight:600;margin-bottom:var(--wp--preset--spacing--20)\">Designer artistico<\/p>\n\n\n<p class=\"has-text-align-center has-text-secondary-color has-text-color has-body-font-family\" style=\"font-size:0.875rem\">Kaliopi trasforma ogni escape room in un mondo davvero coinvolgente e visivamente accattivante.<\/p>\n\n<\/div>\n\n<\/div>\n\n\n<\/div>\n\n\n\n<div class=\"wp-block-columns is-layout-flex wp-container-core-columns-is-layout-e60ae277 wp-block-columns-is-layout-flex\" style=\"margin-top:var(--wp--preset--spacing--30)\">\n\n\n<div class=\"wp-block-column is-layout-flow wp-block-column-is-layout-flow\">\n\n<div class=\"wp-block-group has-white-background-color has-background has-global-padding is-layout-constrained wp-container-core-group-is-layout-f90d3be4 wp-block-group-is-layout-constrained\" style=\"border-radius:16px\">\n\n<figure class=\"wp-block-image aligncenter size-medium is-resized is-style-rounded\"><img loading=\"lazy\" decoding=\"async\" src=\"https:\/\/escaperoomgeeks.com\/wp-content\/uploads\/2024\/12\/about-us-natasa.png\" alt=\"Natasa Andonova\" style=\"border-radius:50%;width:140px;height:140px\" width=\"140\" height=\"140\"\/><\/figure>\n\n\n<h3 class=\"wp-block-heading has-text-align-center has-plum-color has-text-color has-heading-font-family\" style=\"font-size:clamp(0.875rem, 0.875rem + ((1vw - 0.2rem) * 0.417), 1.125rem);margin-bottom:0.25rem\">Natasa Andonova<\/h3>\n\n\n<p class=\"has-text-align-center has-terracotta-color has-text-color has-heading-font-family\" style=\"font-size:0.8125rem;font-style:italic;font-weight:600;margin-bottom:var(--wp--preset--spacing--20)\">Designer artistico<\/p>\n\n\n<p class=\"has-text-align-center has-text-secondary-color has-text-color has-body-font-family\" style=\"font-size:0.875rem\">Natasa aggiunge un tocco di classe con le sue straordinarie creazioni artistiche, conferendo profondit\u00e0 e stile a ogni esperienza di escape room.<\/p>\n\n<\/div>\n\n<\/div>\n\n\n\n<div class=\"wp-block-column is-layout-flow wp-block-column-is-layout-flow\"><\/div>\n\n\n\n<div class=\"wp-block-column is-layout-flow wp-block-column-is-layout-flow\"><\/div>\n\n\n<\/div>\n\n\n<\/div>\n\n\n\n<div class=\"wp-block-group alignfull has-global-padding is-layout-constrained wp-container-core-group-is-layout-de55147f wp-block-group-is-layout-constrained\">\n\n\n<p class=\"has-text-secondary-color has-text-color has-body-font-family\" style=\"font-size:clamp(0.875rem, 0.875rem + ((1vw - 0.2rem) * 0.313), 1.063rem);line-height:1.8\">Siamo pi\u00f9 di un semplice team: siamo appassionati di escape room che si impegnano a creare enigmi di livello mondiale, unendo design grafico di alta qualit\u00e0, narrazione, game design e design artistico. Non ci limitiamo a creare giochi, creiamo esperienze che catturano la tua immaginazione.<\/p>\n\n\n\n<p class=\"has-text-secondary-color has-text-color has-body-font-family\" style=\"font-size:clamp(0.875rem, 0.875rem + ((1vw - 0.2rem) * 0.313), 1.063rem);line-height:1.8\">Escape Room Geeks non si limita a offrire giochi divertenti; il suo obiettivo \u00e8 unire le persone, promuovere la cultura delle escape room e ispirare uno spirito giocoso in ognuno di noi. Non importa chi tu sia o dove ti trovi, ti invitiamo a scoprire un mondo di divertimento direttamente nel tuo salotto.<\/p>\n\n\n\n<p class=\"has-text-align-center has-terracotta-color has-text-color has-heading-font-family\" style=\"font-size:clamp(0.875rem, 0.875rem + ((1vw - 0.2rem) * 0.625), 1.25rem);font-style:italic;font-weight:600;line-height:1.8;margin-top:var(--wp--preset--spacing--40)\">Sei pronto per un&#039;esperienza fantastica? Benvenuto in Escape Room Geeks: che i giochi abbiano inizio!<\/p>\n\n\n<\/div>","protected":false},"excerpt":{"rendered":"<p>Our Story The people behind the puzzles In a cozy apartment decked with enigmatic puzzles and hidden clues, a group of friends stumbled upon a thrill like no other. This was no ordinary apartment, it was an escape room, lovingly crafted for a secret Santa surprise. Amidst the laughter, the &#8220;aha!&#8221; moments, and the camaraderie [&hellip;]<\/p>\n","protected":false},"author":1,"featured_media":0,"parent":0,"menu_order":0,"comment_status":"closed","ping_status":"closed","template":"","meta":{"_seopress_robots_primary_cat":"","_seopress_titles_title":"","_seopress_titles_desc":"Meet the team behind Escape Room Geeks. We design printable escape room kits that bring families together through puzzles, teamwork, and unforgettable adventures.","_seopress_robots_index":"","footnotes":""},"class_list":["post-81254","page","type-page","status-publish","hentry"],"_links":{"self":[{"href":"https:\/\/escaperoomgeeks.com\/it\/wp-json\/wp\/v2\/pages\/81254","targetHints":{"allow":["GET"]}}],"collection":[{"href":"https:\/\/escaperoomgeeks.com\/it\/wp-json\/wp\/v2\/pages"}],"about":[{"href":"https:\/\/escaperoomgeeks.com\/it\/wp-json\/wp\/v2\/types\/page"}],"author":[{"embeddable":true,"href":"https:\/\/escaperoomgeeks.com\/it\/wp-json\/wp\/v2\/users\/1"}],"replies":[{"embeddable":true,"href":"https:\/\/escaperoomgeeks.com\/it\/wp-json\/wp\/v2\/comments?post=81254"}],"version-history":[{"count":34,"href":"https:\/\/escaperoomgeeks.com\/it\/wp-json\/wp\/v2\/pages\/81254\/revisions"}],"predecessor-version":[{"id":118576,"href":"https:\/\/escaperoomgeeks.com\/it\/wp-json\/wp\/v2\/pages\/81254\/revisions\/118576"}],"wp:attachment":[{"href":"https:\/\/escaperoomgeeks.com\/it\/wp-json\/wp\/v2\/media?parent=81254"}],"curies":[{"name":"wp","href":"https:\/\/api.w.org\/{rel}","templated":true}]}}