{"id":81281,"date":"2024-11-25T15:37:36","date_gmt":"2024-11-25T14:37:36","guid":{"rendered":"https:\/\/escaperoomgeeks.com\/?page_id=81281"},"modified":"2026-03-19T11:08:34","modified_gmt":"2026-03-19T10:08:34","slug":"faq","status":"publish","type":"page","link":"https:\/\/escaperoomgeeks.com\/it\/faq\/","title":{"rendered":"DOMANDE FREQUENTI"},"content":{"rendered":"<!-- PAGE 3: FAQ (ID 81281) -->\n\n\n<div class=\"wp-block-group has-cream-dark-background-color has-background has-global-padding is-layout-constrained wp-container-core-group-is-layout-b8ebdb26 wp-block-group-is-layout-constrained\" style=\"padding-top:var(--wp--preset--spacing--60);padding-right:var(--wp--preset--spacing--40);padding-bottom:var(--wp--preset--spacing--60);padding-left:var(--wp--preset--spacing--40)\">\n\n\n<h2 class=\"wp-block-heading has-text-align-center has-plum-color has-text-color has-heading-font-family\" style=\"font-style:normal;font-weight:700;margin-bottom:var(--wp--preset--spacing--20)\">Domande frequenti<\/h2>\n\n\n\n<p class=\"has-text-align-center has-text-secondary-color has-text-color has-body-font-family\" style=\"margin-bottom:var(--wp--preset--spacing--50)\">Tutto quello che devi sapere sui nostri giochi di escape room stampabili.<\/p>\n\n\n\n<details class=\"wp-block-details has-body-font-family is-layout-flow wp-block-details-is-layout-flow\" style=\"border-bottom-color:var(--wp--preset--color--sage);border-bottom-width:1px;padding-top:var(--wp--preset--spacing--20);padding-right:var(--wp--preset--spacing--30);padding-bottom:var(--wp--preset--spacing--20);padding-left:var(--wp--preset--spacing--30)\">\n<summary><strong>Cos'\u00e8 un kit di escape room stampabile?<\/strong><\/summary>\n\n<p class=\"has-text-secondary-color has-text-color has-body-font-family\">Questi giochi sono un mix perfetto di gioco da tavolo e stanza di fuga, che pu\u00f2 essere giocato ovunque e ovunque! Tutto quello che devi fare \u00e8 stampare il file di gioco e fare una rapida configurazione. I bambini lavoreranno in modo cooperativo per risolvere gli enigmi e portare a termine il compito in un periodo di tempo limitato.<\/p>\n\n<\/details>\n\n\n\n<details class=\"wp-block-details has-body-font-family is-layout-flow wp-block-details-is-layout-flow\" style=\"border-bottom-color:var(--wp--preset--color--sage);border-bottom-width:1px;padding-top:var(--wp--preset--spacing--20);padding-right:var(--wp--preset--spacing--30);padding-bottom:var(--wp--preset--spacing--20);padding-left:var(--wp--preset--spacing--30)\">\n<summary><strong>Ho effettuato un acquisto ma non ho ricevuto nulla via email!<\/strong><\/summary>\n\n<p class=\"has-text-secondary-color has-text-color has-body-font-family\">Questo di solito accade quando l&#039;indirizzo email viene digitato in modo errato. Per favore, contattaci all&#039;indirizzo <a href=\"mailto:hello@escaperoomgeeks.com\">hello@escaperoomgeeks.com<\/a> e modificheremo il tuo ordine.<\/p>\n\n<\/details>\n\n\n\n<details class=\"wp-block-details has-body-font-family is-layout-flow wp-block-details-is-layout-flow\" style=\"border-bottom-color:var(--wp--preset--color--sage);border-bottom-width:1px;padding-top:var(--wp--preset--spacing--20);padding-right:var(--wp--preset--spacing--30);padding-bottom:var(--wp--preset--spacing--20);padding-left:var(--wp--preset--spacing--30)\">\n<summary><strong>Quante volte posso stampare il gioco?<\/strong><\/summary>\n\n<p class=\"has-text-secondary-color has-text-color has-body-font-family\">Quante volte vuoi! Anche dopo anni, puoi stampare il gioco e sembrer\u00e0 ancora nuovo di zecca.<\/p>\n\n<\/details>\n\n\n\n<details class=\"wp-block-details has-body-font-family is-layout-flow wp-block-details-is-layout-flow\" style=\"border-bottom-color:var(--wp--preset--color--sage);border-bottom-width:1px;padding-top:var(--wp--preset--spacing--20);padding-right:var(--wp--preset--spacing--30);padding-bottom:var(--wp--preset--spacing--20);padding-left:var(--wp--preset--spacing--30)\">\n<summary><strong>Stampare i diritti d&#039;autore?<\/strong><\/summary>\n\n<p class=\"has-text-secondary-color has-text-color has-body-font-family\">Nessun problema! Puoi stamparlo in una copisteria con la ricevuta d&#039;acquisto. Su richiesta, possiamo fornirti un modulo di liberatoria per i diritti d&#039;autore.<\/p>\n\n<\/details>\n\n\n\n<details class=\"wp-block-details has-body-font-family is-layout-flow wp-block-details-is-layout-flow\" style=\"border-bottom-color:var(--wp--preset--color--sage);border-bottom-width:1px;padding-top:var(--wp--preset--spacing--20);padding-right:var(--wp--preset--spacing--30);padding-bottom:var(--wp--preset--spacing--20);padding-left:var(--wp--preset--spacing--30)\">\n<summary><strong>Dove posso scaricare il mio gioco?<\/strong><\/summary>\n\n<p class=\"has-text-secondary-color has-text-color has-body-font-family\">Tre metodi di download: tramite e-mail da <a href=\"mailto:hello@escaperoomgeeks.com\">hello@escaperoomgeeks.com<\/a>, nella pagina di conferma dell&#039;acquisto o dalla pagina Il mio account.<\/p>\n\n<\/details>\n\n\n\n<details class=\"wp-block-details has-body-font-family is-layout-flow wp-block-details-is-layout-flow\" style=\"border-bottom-color:var(--wp--preset--color--sage);border-bottom-width:1px;padding-top:var(--wp--preset--spacing--20);padding-right:var(--wp--preset--spacing--30);padding-bottom:var(--wp--preset--spacing--20);padding-left:var(--wp--preset--spacing--30)\">\n<summary><strong>Come posso ottenere un rimborso?<\/strong><\/summary>\n\n<p class=\"has-text-secondary-color has-text-color has-body-font-family\">Siamo certi che amerete i nostri giochi, ma nel caso in cui non siate pienamente soddisfatti, riceverete un rimborso 100% entro 48 ore, senza fare domande.<\/p>\n\n<\/details>\n\n\n\n<details class=\"wp-block-details has-body-font-family is-layout-flow wp-block-details-is-layout-flow\" style=\"border-bottom-color:var(--wp--preset--color--sage);border-bottom-width:1px;padding-top:var(--wp--preset--spacing--20);padding-right:var(--wp--preset--spacing--30);padding-bottom:var(--wp--preset--spacing--20);padding-left:var(--wp--preset--spacing--30)\">\n<summary><strong>Posso condividere il gioco con i miei amici\/familiari?<\/strong><\/summary>\n\n<p class=\"has-text-secondary-color has-text-color has-body-font-family\">Naturalmente \u00e8 possibile condividere il gioco con i propri amici e familiari pi\u00f9 stretti. Finch\u00e9 non lo si condivide con tutti i conoscenti o non lo si vende per denaro, non abbiamo problemi.<\/p>\n\n<\/details>\n\n\n\n<details class=\"wp-block-details has-body-font-family is-layout-flow wp-block-details-is-layout-flow\" style=\"border-bottom-color:var(--wp--preset--color--sage);border-bottom-width:1px;padding-top:var(--wp--preset--spacing--20);padding-right:var(--wp--preset--spacing--30);padding-bottom:var(--wp--preset--spacing--20);padding-left:var(--wp--preset--spacing--30)\">\n<summary><strong>Posso rivendere il gioco?<\/strong><\/summary>\n\n<p class=\"has-text-secondary-color has-text-color has-body-font-family\">Non \u00e8 consentito rivendere, caricare su piattaforme di condivisione file o modificare il contenuto e spacciarlo per proprio. Contattateci per informazioni sulle licenze commerciali.<\/p>\n\n<\/details>\n\n\n\n<details class=\"wp-block-details has-body-font-family is-layout-flow wp-block-details-is-layout-flow\" style=\"border-bottom-color:var(--wp--preset--color--sage);border-bottom-width:1px;padding-top:var(--wp--preset--spacing--20);padding-right:var(--wp--preset--spacing--30);padding-bottom:var(--wp--preset--spacing--20);padding-left:var(--wp--preset--spacing--30)\">\n<summary><strong>Si pu\u00f2 regalare a qualcuno?<\/strong><\/summary>\n\n<p class=\"has-text-secondary-color has-text-color has-body-font-family\">Certo, vai avanti, fai una sorpresa a qualcun altro! Pu\u00f2 essere un grande regalo.<\/p>\n\n<\/details>\n\n\n\n<details class=\"wp-block-details has-body-font-family is-layout-flow wp-block-details-is-layout-flow\" style=\"border-bottom-color:var(--wp--preset--color--sage);border-bottom-width:1px;padding-top:var(--wp--preset--spacing--20);padding-right:var(--wp--preset--spacing--30);padding-bottom:var(--wp--preset--spacing--20);padding-left:var(--wp--preset--spacing--30)\">\n<summary><strong>Qualcuno l&#039;ha provato?<\/strong><\/summary>\n\n<p class=\"has-text-secondary-color has-text-color has-body-font-family\">S\u00ec! Abbiamo numerose recensioni positive da parte dei clienti. Visita la nostra pagina delle recensioni per leggere le testimonianze.<\/p>\n\n<\/details>\n\n\n\n<details class=\"wp-block-details has-body-font-family is-layout-flow wp-block-details-is-layout-flow\" style=\"border-bottom-color:var(--wp--preset--color--sage);border-bottom-width:1px;padding-top:var(--wp--preset--spacing--20);padding-right:var(--wp--preset--spacing--30);padding-bottom:var(--wp--preset--spacing--20);padding-left:var(--wp--preset--spacing--30)\">\n<summary><strong>Posso far pagare ai miei clienti l&#039;esperienza dell&#039;escape room?<\/strong><\/summary>\n\n<p class=\"has-text-secondary-color has-text-color has-body-font-family\">Per l&#039;uso commerciale, l&#039;implementazione a livello scolastico o le attivit\u00e0 rivolte al pubblico \u00e8 necessaria una licenza di gioco.<\/p>\n\n<\/details>\n\n\n<\/div>","protected":false},"excerpt":{"rendered":"<p>Domande frequenti Tutto quello che devi sapere sui nostri giochi di escape room stampabili.<\/p>","protected":false},"author":1,"featured_media":0,"parent":0,"menu_order":0,"comment_status":"closed","ping_status":"closed","template":"","meta":{"_seopress_robots_primary_cat":"","_seopress_titles_title":"","_seopress_titles_desc":"","_seopress_robots_index":"","footnotes":""},"class_list":["post-81281","page","type-page","status-publish","hentry"],"_links":{"self":[{"href":"https:\/\/escaperoomgeeks.com\/it\/wp-json\/wp\/v2\/pages\/81281","targetHints":{"allow":["GET"]}}],"collection":[{"href":"https:\/\/escaperoomgeeks.com\/it\/wp-json\/wp\/v2\/pages"}],"about":[{"href":"https:\/\/escaperoomgeeks.com\/it\/wp-json\/wp\/v2\/types\/page"}],"author":[{"embeddable":true,"href":"https:\/\/escaperoomgeeks.com\/it\/wp-json\/wp\/v2\/users\/1"}],"replies":[{"embeddable":true,"href":"https:\/\/escaperoomgeeks.com\/it\/wp-json\/wp\/v2\/comments?post=81281"}],"version-history":[{"count":6,"href":"https:\/\/escaperoomgeeks.com\/it\/wp-json\/wp\/v2\/pages\/81281\/revisions"}],"predecessor-version":[{"id":117835,"href":"https:\/\/escaperoomgeeks.com\/it\/wp-json\/wp\/v2\/pages\/81281\/revisions\/117835"}],"wp:attachment":[{"href":"https:\/\/escaperoomgeeks.com\/it\/wp-json\/wp\/v2\/media?parent=81281"}],"curies":[{"name":"wp","href":"https:\/\/api.w.org\/{rel}","templated":true}]}}