{"id":81254,"date":"2024-11-25T14:52:29","date_gmt":"2024-11-25T13:52:29","guid":{"rendered":"https:\/\/escaperoomgeeks.com\/?page_id=81254"},"modified":"2026-03-20T19:54:33","modified_gmt":"2026-03-20T18:54:33","slug":"about","status":"publish","type":"page","link":"https:\/\/escaperoomgeeks.com\/se\/about\/","title":{"rendered":"Om oss"},"content":{"rendered":"<div class=\"wp-block-group alignfull erg-noise-overlay has-background has-global-padding is-layout-constrained wp-container-core-group-is-layout-714f0338 wp-block-group-is-layout-constrained\" style=\"background:linear-gradient(135deg, var(--wp--preset--color--plum) 0%, var(--wp--preset--color--plum-dark) 100%)\">\n\n\n<h2 class=\"wp-block-heading has-text-align-center has-white-color has-text-color\" style=\"font-size:clamp(2rem, 5vw, 3rem);font-weight:800\">V\u00e5r ber\u00e4ttelse<\/h2>\n\n\n\n<p class=\"has-text-align-center has-terracotta-light-color has-text-color\" style=\"font-size:clamp(0.875rem, 0.875rem + ((1vw - 0.2rem) * 0.417), 1.125rem);\">M\u00e4nniskorna bakom pusslen<\/p>\n\n\n<\/div>\n\n\n\n<div class=\"wp-block-group alignfull has-global-padding is-layout-constrained wp-container-core-group-is-layout-de55147f wp-block-group-is-layout-constrained\">\n\n\n<p class=\"has-text-secondary-color has-text-color has-body-font-family\" style=\"font-size:clamp(0.875rem, 0.875rem + ((1vw - 0.2rem) * 0.313), 1.063rem);line-height:1.8\">I en mysig l\u00e4genhet fylld med g\u00e5tfulla pussel och g\u00f6mda ledtr\u00e5dar snubblade en grupp v\u00e4nner \u00f6ver en sp\u00e4nning utan dess like. Det h\u00e4r var ingen vanlig l\u00e4genhet, det var ett escape room, k\u00e4rleksfullt utformat f\u00f6r en hemlig jultomte\u00f6verraskning. Mitt i skratten, &quot;aha!&quot;-\u00f6gonblicken och kamratskapet den kv\u00e4llen v\u00e4cktes en id\u00e9: &quot;Varf\u00f6r inte ge denna elektrifierande upplevelse till hem \u00f6ver hela v\u00e4rlden?&quot;\u201c<\/p>\n\n\n\n<p class=\"has-text-secondary-color has-text-color has-body-font-family\" style=\"font-size:clamp(0.875rem, 0.875rem + ((1vw - 0.2rem) * 0.313), 1.063rem);line-height:1.8\">S\u00e5ledes, <strong style=\"color:var(--wp--preset--color--plum)\">Escape Room Geeks<\/strong> f\u00f6ddes. Vi f\u00f6rvandlar ditt vardagsrum till en sp\u00e4nnande v\u00e4rld av mystik och sp\u00e4nning. V\u00e5ra utskrivbara escape room-spel \u00e4r k\u00e4rleksverk, noggrant utformade av v\u00e5rt fantastiska team \u2013 utformade f\u00f6r att utmana dig, underh\u00e5lla dig och viktigast av allt, skapa of\u00f6rgl\u00f6mliga stunder.<\/p>\n\n\n\n<figure class=\"wp-block-image aligncenter size-large\" style=\"border-radius:16px\"><img decoding=\"async\" src=\"https:\/\/escaperoomgeeks.com\/wp-content\/uploads\/2024\/07\/Legacy-Bundle-All-11-games-859x1024.png\" alt=\"Alla escape room-spel av Escape Room Geeks\"\/><\/figure>\n\n\n<\/div>\n\n\n\n<div class=\"wp-block-group alignfull has-cream-dark-background-color has-background has-global-padding is-layout-constrained wp-container-core-group-is-layout-b9635ea3 wp-block-group-is-layout-constrained\">\n\n\n<h2 class=\"wp-block-heading has-text-align-center has-plum-color has-text-color has-heading-font-family\" style=\"font-style:normal;font-weight:700;margin-bottom:var(--wp--preset--spacing--20)\">M\u00f6t n\u00f6rdarna<\/h2>\n\n\n\n<p class=\"has-text-align-center has-text-secondary-color has-text-color\" style=\"margin-bottom:var(--wp--preset--spacing--60)\">De kreativa hj\u00e4rnorna som skapar ditt n\u00e4sta \u00e4ventyr<\/p>\n\n\n\n<div class=\"wp-block-columns is-layout-flex wp-container-core-columns-is-layout-549b0c86 wp-block-columns-is-layout-flex\">\n\n\n<div class=\"wp-block-column is-layout-flow wp-block-column-is-layout-flow\">\n\n<div class=\"wp-block-group has-white-background-color has-background has-global-padding is-layout-constrained wp-container-core-group-is-layout-f90d3be4 wp-block-group-is-layout-constrained\" style=\"border-radius:16px\">\n\n<figure class=\"wp-block-image aligncenter size-medium is-resized is-style-rounded\"><img loading=\"lazy\" decoding=\"async\" src=\"https:\/\/escaperoomgeeks.com\/wp-content\/uploads\/2024\/12\/about-us-ivan.png\" alt=\"Ivan Vulgarakis\" style=\"border-radius:50%;width:140px;height:140px\" width=\"140\" height=\"140\"\/><\/figure>\n\n\n<h3 class=\"wp-block-heading has-text-align-center has-plum-color has-text-color has-heading-font-family\" style=\"font-size:clamp(0.875rem, 0.875rem + ((1vw - 0.2rem) * 0.417), 1.125rem);margin-bottom:0.25rem\">Ivan Vulgarakis<\/h3>\n\n\n<p class=\"has-text-align-center has-terracotta-color has-text-color has-heading-font-family\" style=\"font-size:0.8125rem;font-style:italic;font-weight:600;margin-bottom:var(--wp--preset--spacing--20)\">Speldesigner<\/p>\n\n\n<p class=\"has-text-align-center has-text-secondary-color has-text-color has-body-font-family\" style=\"font-size:0.875rem\">Hj\u00e4rnan bakom v\u00e5ra spel. Ivan f\u00f6rvandlar nyckfulla id\u00e9er till sp\u00e4nnande pussel.<\/p>\n\n<\/div>\n\n<\/div>\n\n\n\n<div class=\"wp-block-column is-layout-flow wp-block-column-is-layout-flow\">\n\n<div class=\"wp-block-group has-white-background-color has-background has-global-padding is-layout-constrained wp-container-core-group-is-layout-f90d3be4 wp-block-group-is-layout-constrained\" style=\"border-radius:16px\">\n\n<figure class=\"wp-block-image aligncenter size-medium is-resized is-style-rounded\"><img loading=\"lazy\" decoding=\"async\" src=\"https:\/\/escaperoomgeeks.com\/wp-content\/uploads\/2024\/12\/about-us-andrej.png\" alt=\"Andrej Vulgarakis\" style=\"border-radius:50%;width:140px;height:140px\" width=\"140\" height=\"140\"\/><\/figure>\n\n\n<h3 class=\"wp-block-heading has-text-align-center has-plum-color has-text-color has-heading-font-family\" style=\"font-size:clamp(0.875rem, 0.875rem + ((1vw - 0.2rem) * 0.417), 1.125rem);margin-bottom:0.25rem\">Andrej Vulgarakis<\/h3>\n\n\n<p class=\"has-text-align-center has-terracotta-color has-text-color has-heading-font-family\" style=\"font-size:0.8125rem;font-style:italic;font-weight:600;margin-bottom:var(--wp--preset--spacing--20)\">Grafisk formgivare<\/p>\n\n\n<p class=\"has-text-align-center has-text-secondary-color has-text-color has-body-font-family\" style=\"font-size:0.875rem\">Andrej ser till att v\u00e5ra spel inte bara \u00e4r roliga utan \u00e4ven visuellt fantastiska. Hans design g\u00f6r v\u00e5ra spel levande.<\/p>\n\n<\/div>\n\n<\/div>\n\n\n\n<div class=\"wp-block-column is-layout-flow wp-block-column-is-layout-flow\">\n\n<div class=\"wp-block-group has-white-background-color has-background has-global-padding is-layout-constrained wp-container-core-group-is-layout-f90d3be4 wp-block-group-is-layout-constrained\" style=\"border-radius:16px\">\n\n<figure class=\"wp-block-image aligncenter size-medium is-resized is-style-rounded\"><img loading=\"lazy\" decoding=\"async\" src=\"https:\/\/escaperoomgeeks.com\/wp-content\/uploads\/2026\/03\/nikola-gulevski.jpg\" alt=\"Nikola Gulevski\" style=\"border-radius:50%;width:140px;height:140px;object-fit:cover\" width=\"140\" height=\"140\"\/><\/figure>\n\n\n<h3 class=\"wp-block-heading has-text-align-center has-plum-color has-text-color has-heading-font-family\" style=\"font-size:clamp(0.875rem, 0.875rem + ((1vw - 0.2rem) * 0.417), 1.125rem);margin-bottom:0.25rem\">Nikola Gulevski<\/h3>\n\n\n<p class=\"has-text-align-center has-terracotta-color has-text-color has-heading-font-family\" style=\"font-size:0.8125rem;font-style:italic;font-weight:600;margin-bottom:var(--wp--preset--spacing--20)\">Tillv\u00e4xtmarknadsf\u00f6rare<\/p>\n\n\n<p class=\"has-text-align-center has-text-secondary-color has-text-color has-body-font-family\" style=\"font-size:0.875rem\">V\u00e5r expert p\u00e5 att sprida budskapet. Nikola ser till att v\u00e4rlden f\u00e5r veta om allt det roliga vi kokar ihop.<\/p>\n\n<\/div>\n\n<\/div>\n\n\n<\/div>\n\n\n\n<div class=\"wp-block-columns is-layout-flex wp-container-core-columns-is-layout-e60ae277 wp-block-columns-is-layout-flex\" style=\"margin-top:var(--wp--preset--spacing--30)\">\n\n\n<div class=\"wp-block-column is-layout-flow wp-block-column-is-layout-flow\">\n\n<div class=\"wp-block-group has-white-background-color has-background has-global-padding is-layout-constrained wp-container-core-group-is-layout-f90d3be4 wp-block-group-is-layout-constrained\" style=\"border-radius:16px\">\n\n<figure class=\"wp-block-image aligncenter size-medium is-resized is-style-rounded\"><img loading=\"lazy\" decoding=\"async\" src=\"https:\/\/escaperoomgeeks.com\/wp-content\/uploads\/2024\/12\/about-us-nina.png\" alt=\"Nina Vrondelieva\" style=\"border-radius:50%;width:140px;height:140px\" width=\"140\" height=\"140\"\/><\/figure>\n\n\n<h3 class=\"wp-block-heading has-text-align-center has-plum-color has-text-color has-heading-font-family\" style=\"font-size:clamp(0.875rem, 0.875rem + ((1vw - 0.2rem) * 0.417), 1.125rem);margin-bottom:0.25rem\">Nina Vrondelieva<\/h3>\n\n\n<p class=\"has-text-align-center has-terracotta-color has-text-color has-heading-font-family\" style=\"font-size:0.8125rem;font-style:italic;font-weight:600;margin-bottom:var(--wp--preset--spacing--20)\">Assistent<\/p>\n\n\n<p class=\"has-text-align-center has-text-secondary-color has-text-color has-body-font-family\" style=\"font-size:0.875rem\">Nina ser till att v\u00e5rt skepp seglar smidigt. Hon \u00e4r ryggraden som st\u00f6der v\u00e5ra kreativa str\u00e4vanden.<\/p>\n\n<\/div>\n\n<\/div>\n\n\n\n<div class=\"wp-block-column is-layout-flow wp-block-column-is-layout-flow\">\n\n<div class=\"wp-block-group has-white-background-color has-background has-global-padding is-layout-constrained wp-container-core-group-is-layout-f90d3be4 wp-block-group-is-layout-constrained\" style=\"border-radius:16px\">\n\n<figure class=\"wp-block-image aligncenter size-medium is-resized is-style-rounded\"><img loading=\"lazy\" decoding=\"async\" src=\"https:\/\/escaperoomgeeks.com\/wp-content\/uploads\/2024\/12\/about-us-andreas.png\" alt=\"Andreas Boye\" style=\"border-radius:50%;width:140px;height:140px\" width=\"140\" height=\"140\"\/><\/figure>\n\n\n<h3 class=\"wp-block-heading has-text-align-center has-plum-color has-text-color has-heading-font-family\" style=\"font-size:clamp(0.875rem, 0.875rem + ((1vw - 0.2rem) * 0.417), 1.125rem);margin-bottom:0.25rem\">Andreas Boye<\/h3>\n\n\n<p class=\"has-text-align-center has-terracotta-color has-text-color has-heading-font-family\" style=\"font-size:0.8125rem;font-style:italic;font-weight:600;margin-bottom:var(--wp--preset--spacing--20)\">Speldesigner<\/p>\n\n\n<p class=\"has-text-align-center has-text-secondary-color has-text-color has-body-font-family\" style=\"font-size:0.875rem\">Andreas \u00e4r med och designar v\u00e5ra spel. Hans uppfinningsrika sinne h\u00e5ller \u00f6verraskningarna framme.<\/p>\n\n<\/div>\n\n<\/div>\n\n\n\n<div class=\"wp-block-column is-layout-flow wp-block-column-is-layout-flow\">\n\n<div class=\"wp-block-group has-white-background-color has-background has-global-padding is-layout-constrained wp-container-core-group-is-layout-f90d3be4 wp-block-group-is-layout-constrained\" style=\"border-radius:16px\">\n\n<figure class=\"wp-block-image aligncenter size-medium is-resized is-style-rounded\"><img loading=\"lazy\" decoding=\"async\" src=\"https:\/\/escaperoomgeeks.com\/wp-content\/uploads\/2024\/12\/about-us-kaliopi.png\" alt=\"Kaliopi Trpcheva\" style=\"border-radius:50%;width:140px;height:140px\" width=\"140\" height=\"140\"\/><\/figure>\n\n\n<h3 class=\"wp-block-heading has-text-align-center has-plum-color has-text-color has-heading-font-family\" style=\"font-size:clamp(0.875rem, 0.875rem + ((1vw - 0.2rem) * 0.417), 1.125rem);margin-bottom:0.25rem\">Kaliopi Trpcheva<\/h3>\n\n\n<p class=\"has-text-align-center has-terracotta-color has-text-color has-heading-font-family\" style=\"font-size:0.8125rem;font-style:italic;font-weight:600;margin-bottom:var(--wp--preset--spacing--20)\">Konstdesigner<\/p>\n\n\n<p class=\"has-text-align-center has-text-secondary-color has-text-color has-body-font-family\" style=\"font-size:0.875rem\">Kaliopi f\u00f6rvandlar varje escape room till en verkligt uppslukande och visuellt f\u00e4ngslande v\u00e4rld.<\/p>\n\n<\/div>\n\n<\/div>\n\n\n<\/div>\n\n\n\n<div class=\"wp-block-columns is-layout-flex wp-container-core-columns-is-layout-e60ae277 wp-block-columns-is-layout-flex\" style=\"margin-top:var(--wp--preset--spacing--30)\">\n\n\n<div class=\"wp-block-column is-layout-flow wp-block-column-is-layout-flow\">\n\n<div class=\"wp-block-group has-white-background-color has-background has-global-padding is-layout-constrained wp-container-core-group-is-layout-f90d3be4 wp-block-group-is-layout-constrained\" style=\"border-radius:16px\">\n\n<figure class=\"wp-block-image aligncenter size-medium is-resized is-style-rounded\"><img loading=\"lazy\" decoding=\"async\" src=\"https:\/\/escaperoomgeeks.com\/wp-content\/uploads\/2024\/12\/about-us-natasa.png\" alt=\"Natasa Andonova\" style=\"border-radius:50%;width:140px;height:140px\" width=\"140\" height=\"140\"\/><\/figure>\n\n\n<h3 class=\"wp-block-heading has-text-align-center has-plum-color has-text-color has-heading-font-family\" style=\"font-size:clamp(0.875rem, 0.875rem + ((1vw - 0.2rem) * 0.417), 1.125rem);margin-bottom:0.25rem\">Natasa Andonova<\/h3>\n\n\n<p class=\"has-text-align-center has-terracotta-color has-text-color has-heading-font-family\" style=\"font-size:0.8125rem;font-style:italic;font-weight:600;margin-bottom:var(--wp--preset--spacing--20)\">Konstdesigner<\/p>\n\n\n<p class=\"has-text-align-center has-text-secondary-color has-text-color has-body-font-family\" style=\"font-size:0.875rem\">Natasa tillf\u00f6r stil med sina sl\u00e5ende konstdesigner, vilket ger djup och stil till varje escape room-upplevelse.<\/p>\n\n<\/div>\n\n<\/div>\n\n\n\n<div class=\"wp-block-column is-layout-flow wp-block-column-is-layout-flow\"><\/div>\n\n\n\n<div class=\"wp-block-column is-layout-flow wp-block-column-is-layout-flow\"><\/div>\n\n\n<\/div>\n\n\n<\/div>\n\n\n\n<div class=\"wp-block-group alignfull has-global-padding is-layout-constrained wp-container-core-group-is-layout-de55147f wp-block-group-is-layout-constrained\">\n\n\n<p class=\"has-text-secondary-color has-text-color has-body-font-family\" style=\"font-size:clamp(0.875rem, 0.875rem + ((1vw - 0.2rem) * 0.313), 1.063rem);line-height:1.8\">Vi \u00e4r mer \u00e4n bara ett team \u2013 vi \u00e4r escape room-entusiaster som str\u00e4var efter att skapa pussel i v\u00e4rldsklass, och blandar h\u00f6gkvalitativ grafisk design, ber\u00e4ttande, speldesign och konstdesign. Vi g\u00f6r inte bara spel, vi skapar upplevelser som f\u00e4ngslar din fantasi.<\/p>\n\n\n\n<p class=\"has-text-secondary-color has-text-color has-body-font-family\" style=\"font-size:clamp(0.875rem, 0.875rem + ((1vw - 0.2rem) * 0.313), 1.063rem);line-height:1.8\">Escape Room Geeks handlar om mer \u00e4n bara roliga spel; det handlar om att f\u00f6ra m\u00e4nniskor samman, lyfta escape room-kulturen och inspirera en lekfull anda hos alla. Oavsett vem du \u00e4r eller var du befinner dig, inbjuder vi dig att l\u00e5sa upp en v\u00e4rld av skoj direkt i ditt vardagsrum.<\/p>\n\n\n\n<p class=\"has-text-align-center has-terracotta-color has-text-color has-heading-font-family\" style=\"font-size:clamp(0.875rem, 0.875rem + ((1vw - 0.2rem) * 0.625), 1.25rem);font-style:italic;font-weight:600;line-height:1.8;margin-top:var(--wp--preset--spacing--40)\">\u00c4r du redo f\u00f6r en fantastisk tid? V\u00e4lkommen till Escape Room Geeks \u2013 l\u00e5t spelen b\u00f6rja!<\/p>\n\n\n<\/div>","protected":false},"excerpt":{"rendered":"<p>Our Story The people behind the puzzles In a cozy apartment decked with enigmatic puzzles and hidden clues, a group of friends stumbled upon a thrill like no other. This was no ordinary apartment, it was an escape room, lovingly crafted for a secret Santa surprise. Amidst the laughter, the &#8220;aha!&#8221; moments, and the camaraderie [&hellip;]<\/p>\n","protected":false},"author":1,"featured_media":0,"parent":0,"menu_order":0,"comment_status":"closed","ping_status":"closed","template":"","meta":{"_seopress_robots_primary_cat":"","_seopress_titles_title":"","_seopress_titles_desc":"Meet the team behind Escape Room Geeks. We design printable escape room kits that bring families together through puzzles, teamwork, and unforgettable adventures.","_seopress_robots_index":"","footnotes":""},"class_list":["post-81254","page","type-page","status-publish","hentry"],"_links":{"self":[{"href":"https:\/\/escaperoomgeeks.com\/se\/wp-json\/wp\/v2\/pages\/81254","targetHints":{"allow":["GET"]}}],"collection":[{"href":"https:\/\/escaperoomgeeks.com\/se\/wp-json\/wp\/v2\/pages"}],"about":[{"href":"https:\/\/escaperoomgeeks.com\/se\/wp-json\/wp\/v2\/types\/page"}],"author":[{"embeddable":true,"href":"https:\/\/escaperoomgeeks.com\/se\/wp-json\/wp\/v2\/users\/1"}],"replies":[{"embeddable":true,"href":"https:\/\/escaperoomgeeks.com\/se\/wp-json\/wp\/v2\/comments?post=81254"}],"version-history":[{"count":34,"href":"https:\/\/escaperoomgeeks.com\/se\/wp-json\/wp\/v2\/pages\/81254\/revisions"}],"predecessor-version":[{"id":118576,"href":"https:\/\/escaperoomgeeks.com\/se\/wp-json\/wp\/v2\/pages\/81254\/revisions\/118576"}],"wp:attachment":[{"href":"https:\/\/escaperoomgeeks.com\/se\/wp-json\/wp\/v2\/media?parent=81254"}],"curies":[{"name":"wp","href":"https:\/\/api.w.org\/{rel}","templated":true}]}}