{"id":81281,"date":"2024-11-25T15:37:36","date_gmt":"2024-11-25T14:37:36","guid":{"rendered":"https:\/\/escaperoomgeeks.com\/?page_id=81281"},"modified":"2026-03-19T11:08:34","modified_gmt":"2026-03-19T10:08:34","slug":"faq","status":"publish","type":"page","link":"https:\/\/escaperoomgeeks.com\/se\/faq\/","title":{"rendered":"FAQ"},"content":{"rendered":"<!-- PAGE 3: FAQ (ID 81281) -->\n\n\n<div class=\"wp-block-group has-cream-dark-background-color has-background has-global-padding is-layout-constrained wp-container-core-group-is-layout-b8ebdb26 wp-block-group-is-layout-constrained\" style=\"padding-top:var(--wp--preset--spacing--60);padding-right:var(--wp--preset--spacing--40);padding-bottom:var(--wp--preset--spacing--60);padding-left:var(--wp--preset--spacing--40)\">\n\n\n<h2 class=\"wp-block-heading has-text-align-center has-plum-color has-text-color has-heading-font-family\" style=\"font-style:normal;font-weight:700;margin-bottom:var(--wp--preset--spacing--20)\">Vanliga fr\u00e5gor och svar<\/h2>\n\n\n\n<p class=\"has-text-align-center has-text-secondary-color has-text-color has-body-font-family\" style=\"margin-bottom:var(--wp--preset--spacing--50)\">Allt du beh\u00f6ver veta om v\u00e5ra utskrivbara escape room-spel.<\/p>\n\n\n\n<details class=\"wp-block-details has-body-font-family is-layout-flow wp-block-details-is-layout-flow\" style=\"border-bottom-color:var(--wp--preset--color--sage);border-bottom-width:1px;padding-top:var(--wp--preset--spacing--20);padding-right:var(--wp--preset--spacing--30);padding-bottom:var(--wp--preset--spacing--20);padding-left:var(--wp--preset--spacing--30)\">\n<summary><strong>Vad \u00e4r ett utskrivbart Escape Room Kit?<\/strong><\/summary>\n\n<p class=\"has-text-secondary-color has-text-color has-body-font-family\">Dessa spel \u00e4r en perfekt blandning av br\u00e4dspel och escape room, som kan spelas var som helst och \u00f6verallt! Allt du beh\u00f6ver g\u00f6ra \u00e4r att skriva ut spelfilen och g\u00f6ra en snabb installation. Barnen kommer att samarbeta f\u00f6r att l\u00f6sa pusslen och utf\u00f6ra uppgiften p\u00e5 begr\u00e4nsad tid.<\/p>\n\n<\/details>\n\n\n\n<details class=\"wp-block-details has-body-font-family is-layout-flow wp-block-details-is-layout-flow\" style=\"border-bottom-color:var(--wp--preset--color--sage);border-bottom-width:1px;padding-top:var(--wp--preset--spacing--20);padding-right:var(--wp--preset--spacing--30);padding-bottom:var(--wp--preset--spacing--20);padding-left:var(--wp--preset--spacing--30)\">\n<summary><strong>Jag gjorde ett k\u00f6p men fick inget i min e-post!<\/strong><\/summary>\n\n<p class=\"has-text-secondary-color has-text-color has-body-font-family\">Detta h\u00e4nder vanligtvis n\u00e4r e-postadressen \u00e4r felstavad. V\u00e4nligen kontakta oss p\u00e5 <a href=\"mailto:hello@escaperoomgeeks.com\">hello@escaperoomgeeks.com<\/a> och vi kommer att redigera din best\u00e4llning.<\/p>\n\n<\/details>\n\n\n\n<details class=\"wp-block-details has-body-font-family is-layout-flow wp-block-details-is-layout-flow\" style=\"border-bottom-color:var(--wp--preset--color--sage);border-bottom-width:1px;padding-top:var(--wp--preset--spacing--20);padding-right:var(--wp--preset--spacing--30);padding-bottom:var(--wp--preset--spacing--20);padding-left:var(--wp--preset--spacing--30)\">\n<summary><strong>Hur m\u00e5nga g\u00e5nger kan jag skriva ut spelet?<\/strong><\/summary>\n\n<p class=\"has-text-secondary-color has-text-color has-body-font-family\">S\u00e5 m\u00e5nga g\u00e5nger du vill! \u00c4ven efter \u00e5r fr\u00e5n nu kan du skriva ut spelet och det kommer fortfarande att se helt nytt ut.<\/p>\n\n<\/details>\n\n\n\n<details class=\"wp-block-details has-body-font-family is-layout-flow wp-block-details-is-layout-flow\" style=\"border-bottom-color:var(--wp--preset--color--sage);border-bottom-width:1px;padding-top:var(--wp--preset--spacing--20);padding-right:var(--wp--preset--spacing--30);padding-bottom:var(--wp--preset--spacing--20);padding-left:var(--wp--preset--spacing--30)\">\n<summary><strong>Skriva ut upphovsr\u00e4tt?<\/strong><\/summary>\n\n<p class=\"has-text-secondary-color has-text-color has-body-font-family\">Inga problem alls! Du kan skriva ut det i en kopieringsbutik med ditt ink\u00f6pskvitto. Vi kan tillhandah\u00e5lla ett formul\u00e4r f\u00f6r upphovsr\u00e4ttsavskrivning p\u00e5 beg\u00e4ran.<\/p>\n\n<\/details>\n\n\n\n<details class=\"wp-block-details has-body-font-family is-layout-flow wp-block-details-is-layout-flow\" style=\"border-bottom-color:var(--wp--preset--color--sage);border-bottom-width:1px;padding-top:var(--wp--preset--spacing--20);padding-right:var(--wp--preset--spacing--30);padding-bottom:var(--wp--preset--spacing--20);padding-left:var(--wp--preset--spacing--30)\">\n<summary><strong>Var kan jag ladda ner mitt spel?<\/strong><\/summary>\n\n<p class=\"has-text-secondary-color has-text-color has-body-font-family\">Tre nedladdningsmetoder: via e-post fr\u00e5n <a href=\"mailto:hello@escaperoomgeeks.com\">hello@escaperoomgeeks.com<\/a>, p\u00e5 k\u00f6pbekr\u00e4ftelsesidan eller fr\u00e5n din Mitt konto-sida.<\/p>\n\n<\/details>\n\n\n\n<details class=\"wp-block-details has-body-font-family is-layout-flow wp-block-details-is-layout-flow\" style=\"border-bottom-color:var(--wp--preset--color--sage);border-bottom-width:1px;padding-top:var(--wp--preset--spacing--20);padding-right:var(--wp--preset--spacing--30);padding-bottom:var(--wp--preset--spacing--20);padding-left:var(--wp--preset--spacing--30)\">\n<summary><strong>Hur kan jag f\u00e5 en \u00e5terbetalning?<\/strong><\/summary>\n\n<p class=\"has-text-secondary-color has-text-color has-body-font-family\">Vi \u00e4r ganska s\u00e4kra p\u00e5 att du kommer att \u00e4lska v\u00e5ra spel, men om du inte \u00e4r helt n\u00f6jd f\u00e5r du en 100% \u00e5terbetalning inom 48 timmar, inga fr\u00e5gor st\u00e4lls.<\/p>\n\n<\/details>\n\n\n\n<details class=\"wp-block-details has-body-font-family is-layout-flow wp-block-details-is-layout-flow\" style=\"border-bottom-color:var(--wp--preset--color--sage);border-bottom-width:1px;padding-top:var(--wp--preset--spacing--20);padding-right:var(--wp--preset--spacing--30);padding-bottom:var(--wp--preset--spacing--20);padding-left:var(--wp--preset--spacing--30)\">\n<summary><strong>Kan jag dela spelet med mina v\u00e4nner\/familj?<\/strong><\/summary>\n\n<p class=\"has-text-secondary-color has-text-color has-body-font-family\">Sj\u00e4lvklart kan du dela spelet med dina n\u00e4rmaste v\u00e4nner och familj. S\u00e5 l\u00e4nge du inte delar med dig av det till alla du k\u00e4nner eller s\u00e4ljer det f\u00f6r pengar har vi inga problem med det.<\/p>\n\n<\/details>\n\n\n\n<details class=\"wp-block-details has-body-font-family is-layout-flow wp-block-details-is-layout-flow\" style=\"border-bottom-color:var(--wp--preset--color--sage);border-bottom-width:1px;padding-top:var(--wp--preset--spacing--20);padding-right:var(--wp--preset--spacing--30);padding-bottom:var(--wp--preset--spacing--20);padding-left:var(--wp--preset--spacing--30)\">\n<summary><strong>KAN JAG S\u00c4LJA SPELET VIDARE?<\/strong><\/summary>\n\n<p class=\"has-text-secondary-color has-text-color has-body-font-family\">Du f\u00e5r inte s\u00e4lja vidare, ladda upp till fildelningsplattformar eller redigera och g\u00f6ra anspr\u00e5k p\u00e5 att vara din egen. Kontakta oss f\u00f6r kommersiell licens.<\/p>\n\n<\/details>\n\n\n\n<details class=\"wp-block-details has-body-font-family is-layout-flow wp-block-details-is-layout-flow\" style=\"border-bottom-color:var(--wp--preset--color--sage);border-bottom-width:1px;padding-top:var(--wp--preset--spacing--20);padding-right:var(--wp--preset--spacing--30);padding-bottom:var(--wp--preset--spacing--20);padding-left:var(--wp--preset--spacing--30)\">\n<summary><strong>KAN DETTA GES SOM EN G\u00c5VA TILL N\u00c5GON?<\/strong><\/summary>\n\n<p class=\"has-text-secondary-color has-text-color has-body-font-family\">Absolut, \u00f6verraska n\u00e5gon med detta \u00e4ventyrliga spel. Det kommer vara en perfekt present.<\/p>\n\n<\/details>\n\n\n\n<details class=\"wp-block-details has-body-font-family is-layout-flow wp-block-details-is-layout-flow\" style=\"border-bottom-color:var(--wp--preset--color--sage);border-bottom-width:1px;padding-top:var(--wp--preset--spacing--20);padding-right:var(--wp--preset--spacing--30);padding-bottom:var(--wp--preset--spacing--20);padding-left:var(--wp--preset--spacing--30)\">\n<summary><strong>Har n\u00e5gon provat det?<\/strong><\/summary>\n\n<p class=\"has-text-secondary-color has-text-color has-body-font-family\">Ja! Vi har m\u00e5nga positiva kundrecensioner. Kolla v\u00e5r recensionssida f\u00f6r mer information.<\/p>\n\n<\/details>\n\n\n\n<details class=\"wp-block-details has-body-font-family is-layout-flow wp-block-details-is-layout-flow\" style=\"border-bottom-color:var(--wp--preset--color--sage);border-bottom-width:1px;padding-top:var(--wp--preset--spacing--20);padding-right:var(--wp--preset--spacing--30);padding-bottom:var(--wp--preset--spacing--20);padding-left:var(--wp--preset--spacing--30)\">\n<summary><strong>KAN JAG TA BETALT AV MINA KUNDER F\u00d6R DENNA ESCAPE ROOM-UPPLEVELSE?<\/strong><\/summary>\n\n<p class=\"has-text-secondary-color has-text-color has-body-font-family\">En spellicens kr\u00e4vs f\u00f6r kommersiellt bruk, skolomfattande implementeringar eller spelaktiviteter.<\/p>\n\n<\/details>\n\n\n<\/div>","protected":false},"excerpt":{"rendered":"<p>Vanliga fr\u00e5gor Allt du beh\u00f6ver veta om v\u00e5ra utskrivbara escape room-spel.<\/p>","protected":false},"author":1,"featured_media":0,"parent":0,"menu_order":0,"comment_status":"closed","ping_status":"closed","template":"","meta":{"_seopress_robots_primary_cat":"","_seopress_titles_title":"","_seopress_titles_desc":"","_seopress_robots_index":"","footnotes":""},"class_list":["post-81281","page","type-page","status-publish","hentry"],"_links":{"self":[{"href":"https:\/\/escaperoomgeeks.com\/se\/wp-json\/wp\/v2\/pages\/81281","targetHints":{"allow":["GET"]}}],"collection":[{"href":"https:\/\/escaperoomgeeks.com\/se\/wp-json\/wp\/v2\/pages"}],"about":[{"href":"https:\/\/escaperoomgeeks.com\/se\/wp-json\/wp\/v2\/types\/page"}],"author":[{"embeddable":true,"href":"https:\/\/escaperoomgeeks.com\/se\/wp-json\/wp\/v2\/users\/1"}],"replies":[{"embeddable":true,"href":"https:\/\/escaperoomgeeks.com\/se\/wp-json\/wp\/v2\/comments?post=81281"}],"version-history":[{"count":6,"href":"https:\/\/escaperoomgeeks.com\/se\/wp-json\/wp\/v2\/pages\/81281\/revisions"}],"predecessor-version":[{"id":117835,"href":"https:\/\/escaperoomgeeks.com\/se\/wp-json\/wp\/v2\/pages\/81281\/revisions\/117835"}],"wp:attachment":[{"href":"https:\/\/escaperoomgeeks.com\/se\/wp-json\/wp\/v2\/media?parent=81281"}],"curies":[{"name":"wp","href":"https:\/\/api.w.org\/{rel}","templated":true}]}}